{"id":4921,"date":"2021-03-17T20:19:52","date_gmt":"2021-03-17T19:19:52","guid":{"rendered":"http:\/\/193.95.2.39\/?page_id=4921"},"modified":"2021-03-20T21:41:07","modified_gmt":"2021-03-20T20:41:07","slug":"message-de-la-direction","status":"publish","type":"page","link":"https:\/\/www.ena.tn\/fr\/lena-se-presente\/message-de-la-direction\/","title":{"rendered":"Message de la Direction"},"content":{"rendered":"\n<div class=\"wp-block-columns is-layout-flex wp-container-core-columns-is-layout-1 wp-block-columns-is-layout-flex\">\n<div class=\"wp-block-column is-layout-flow wp-block-column-is-layout-flow\" style=\"flex-basis:33.33%\">\n<h3 class=\"has-black-color has-text-color wp-block-heading\"><u><span style=\"color:#294274\" class=\"has-inline-color\">Message de la direction<\/span><\/u><\/h3>\n<\/div>\n\n\n\n<div class=\"wp-block-column is-layout-flow wp-block-column-is-layout-flow\" style=\"flex-basis:66.66%\">\n<p class=\"has-black-color has-text-color\">L\u2019\u00c9cole Nationale d\u2019Administration (ENA) est un acquis national historique parmi les plus importants de la r\u00e9publique.<\/p>\n\n\n\n<p class=\"has-black-color has-text-color has-normal-font-size\">L\u2019ENA a particip\u00e9 \u00e0 l\u2019\u00e9dification de l\u2019Etat moderne depuis sa tunisification le 21 juin 1956, quelques mois apr\u00e8s l\u2019accession de notre pays \u00e0 l\u2019Ind\u00e9pendance.<\/p>\n\n\n\n<p class=\"has-black-color has-text-color\">L\u2019ENA a suivi les transformations majeures de l\u2019administration publique tunisienne et a accompagn\u00e9 les r\u00e9formes \u00e9conomiques, sociales et culturelles induites par la dynamique du d\u00e9veloppement global de toutes les cat\u00e9gories sociales et diff\u00e9rentes g\u00e9n\u00e9rations de la population tunisienne.<\/p>\n\n\n\n<p class=\"has-black-color has-text-color\">L\u2019ENA aspire aujourd\u2019hui \u00e0 renforcer la qualit\u00e9 de ses prestations aupr\u00e8s de sa communaut\u00e9 et pour le bien public, et ce, \u00e0 travers le renforcement des connaissances et des comp\u00e9tences, ainsi que par une meilleure appropriation des technologies de l\u2019information et de la communication et des bonnes pratiques en vue d\u2019une administration efficace, ouverte et proche du citoyen et des entreprises.<\/p>\n\n\n\n<p class=\"has-black-color has-text-color\">L\u2019ENA \u0153uvre pour \u00eatre un lieu d\u2019excellence, ouvert sur son environnement national, r\u00e9gional et international ; participant au rayonnement de la Tunisie et de son administration publique ; attractif des talents nationaux et internationaux, investissant dans les outils modernes de renforcement des capacit\u00e9s des ressources humaines de l\u2019administration publique.<\/p>\n\n\n\n<p class=\"has-black-color has-text-color\">Dans l\u2019optique de concr\u00e9tiser cette vision, la direction de l\u2019Ecole exhorte toutes les parties prenantes \u00e0 \u0153uvrer ensemble \u00e0 l\u2019am\u00e9lioration des performances individuelles des fonctionnaires et aux performances collectives des institutions publiques.<\/p>\n\n\n\n<p class=\"has-text-align-right has-black-color has-text-color\"><strong><em>La direction<\/em><\/strong><\/p>\n<\/div>\n<\/div>\n","protected":false},"excerpt":{"rendered":"<p>Message de la direction L\u2019\u00c9cole Nationale d\u2019Administration (ENA) est un acquis national historique parmi les plus importants de la r\u00e9publique. L\u2019ENA a particip\u00e9 \u00e0 l\u2019\u00e9dification de l\u2019Etat moderne depuis sa tunisification le 21 juin 1956, quelques mois apr\u00e8s l\u2019accession de notre pays \u00e0 l\u2019Ind\u00e9pendance. L\u2019ENA a suivi les transformations majeures de l\u2019administration publique tunisienne et &hellip; <br \/><a href=\"https:\/\/www.ena.tn\/fr\/lena-se-presente\/message-de-la-direction\/\" class=\"more-link\">Continue reading <span class=\"screen-reader-text\">Message de la Direction<\/span><\/a><\/p>\n","protected":false},"author":1,"featured_media":0,"parent":5557,"menu_order":0,"comment_status":"closed","ping_status":"closed","template":"","meta":{"footnotes":""},"class_list":["post-4921","page","type-page","status-publish","hentry"],"_links":{"self":[{"href":"https:\/\/www.ena.tn\/fr\/wp-json\/wp\/v2\/pages\/4921","targetHints":{"allow":["GET"]}}],"collection":[{"href":"https:\/\/www.ena.tn\/fr\/wp-json\/wp\/v2\/pages"}],"about":[{"href":"https:\/\/www.ena.tn\/fr\/wp-json\/wp\/v2\/types\/page"}],"author":[{"embeddable":true,"href":"https:\/\/www.ena.tn\/fr\/wp-json\/wp\/v2\/users\/1"}],"replies":[{"embeddable":true,"href":"https:\/\/www.ena.tn\/fr\/wp-json\/wp\/v2\/comments?post=4921"}],"version-history":[{"count":9,"href":"https:\/\/www.ena.tn\/fr\/wp-json\/wp\/v2\/pages\/4921\/revisions"}],"predecessor-version":[{"id":4946,"href":"https:\/\/www.ena.tn\/fr\/wp-json\/wp\/v2\/pages\/4921\/revisions\/4946"}],"up":[{"embeddable":true,"href":"https:\/\/www.ena.tn\/fr\/wp-json\/wp\/v2\/pages\/5557"}],"wp:attachment":[{"href":"https:\/\/www.ena.tn\/fr\/wp-json\/wp\/v2\/media?parent=4921"}],"curies":[{"name":"wp","href":"https:\/\/api.w.org\/{rel}","templated":true}]}}