{"id":4951,"date":"2021-03-17T21:18:35","date_gmt":"2021-03-17T20:18:35","guid":{"rendered":"http:\/\/193.95.2.39\/?page_id=4951"},"modified":"2021-03-20T21:42:31","modified_gmt":"2021-03-20T20:42:31","slug":"lhistoire-de-lena","status":"publish","type":"page","link":"https:\/\/www.ena.tn\/fr\/lena-se-presente\/lhistoire-de-lena\/","title":{"rendered":"L\u2019histoire de l\u2019ENA"},"content":{"rendered":"\n<p><\/p>\n\n\n\n<h2 class=\"wp-block-heading\"><u><span style=\"color:#524274\" class=\"has-inline-color\">L\u2019histoire de l\u2019ENA en quelques dates<\/span><\/u><\/h2>\n\n\n\n<p><\/p>\n\n\n\n<div class=\"wp-block-columns is-layout-flex wp-container-core-columns-is-layout-1 wp-block-columns-is-layout-flex\">\n<div class=\"wp-block-column is-layout-flow wp-block-column-is-layout-flow\">\n<figure class=\"wp-block-table alignwide is-style-stripes\"><table><tbody><tr><td><strong><span style=\"color:#c6161d\" class=\"has-inline-color\">03 F\u00e9vrier 1949<\/span>  <\/strong><\/td><td class=\"has-text-align-left\" data-align=\"left\"><strong><span style=\"color:#524274\" class=\"has-inline-color\">Cr\u00e9ation de l&rsquo;\u00c9cole Tunisienne d&rsquo;Administration<\/span><\/strong><br><span class=\"has-inline-color has-black-color\">Cr\u00e9ation de l&rsquo;\u00c9cole Tunisienne d&rsquo;Administration dont la mission \u00e9tait <br>de pr\u00e9parer les candidats aux concours administratifs.<\/span><\/td><\/tr><tr><td><strong><span style=\"color:#c6161d\" class=\"has-inline-color\">21 Juin 1956<\/span><\/strong><\/td><td class=\"has-text-align-left\" data-align=\"left\"><strong><span style=\"color:#524274\" class=\"has-inline-color\">Tunisification de l&rsquo;\u00c9cole<\/span><\/strong><br><span class=\"has-inline-color has-black-color\">Tunisification de l&rsquo;\u00c9cole pour faire \u00e9voluer sa mission vers la formation<br> des ressources humaines en conformit\u00e9 avec les besoins de la jeune<br> administration tunisienne, de mani\u00e8re \u00e0 pourvoir les postes administratifs<br> vacants, notamment de niveau sup\u00e9rieur, qui \u00e9taient r\u00e9serv\u00e9s exclusivement<br> aux administrateurs fran\u00e7ais.<\/span><\/td><\/tr><tr><td><strong><span style=\"color:#c6161d\" class=\"has-inline-color\">18 Janvier 1964<\/span><\/strong><\/td><td class=\"has-text-align-left\" data-align=\"left\"><strong><span style=\"color:#524274\" class=\"has-inline-color\">Inauguration du nouveau si\u00e8ge de l&rsquo;ENA<\/span><\/strong><br><span class=\"has-inline-color has-black-color\">Inauguration du nouveau si\u00e8ge de l&rsquo;ENA par feu le Pr\u00e9sident Habib Bourguiba.<br>Des r\u00e9formes structurelles ont \u00e9t\u00e9 introduites dans l&rsquo;organisation et les attribution<br>s de l&rsquo;\u00e9cole pour r\u00e9pondre aux besoins croissants de l&rsquo;administration publique, <br>tant en termes de formation des diff\u00e9rentes cat\u00e9gories de fonctionnaires,<br> qu&rsquo;en mati\u00e8re de d\u00e9veloppement de leurs comp\u00e9tences de recherches <br>administratives et d&rsquo;organisation de s\u00e9minaires.<br>Dans ce contexte, le cycle sup\u00e9rieur a \u00e9t\u00e9 \u00e9tabli, le cycle moyen a \u00e9t\u00e9 r\u00e9organis\u00e9 <br>et le Centre de Recherche et d&rsquo;\u00c9tudes Administratives a \u00e9t\u00e9 cr\u00e9\u00e9. De telles actions <br>ont permis l&rsquo;accomplissement des changements attendus en mati\u00e8re d&rsquo;am\u00e9lioration<br> des performances et de la qualit\u00e9 des services administratifs.<\/span><\/td><\/tr><tr><td><strong><span style=\"color:#c6161d\" class=\"has-inline-color\">07 Juin 1993<\/span><\/strong><\/td><td class=\"has-text-align-left\" data-align=\"left\"><strong><span style=\"color:#524274\" class=\"has-inline-color\">Mise en place d&rsquo;un syst\u00e8me de formation continue<\/span><\/strong><br><span class=\"has-inline-color has-black-color\">La mise en place d&rsquo;un syst\u00e8me de formation continue<br> en deux p\u00e9riodes de formation: une p\u00e9riode pr\u00e9paratoire <br>\u00e0 distance et une p\u00e9riode pr\u00e9sentielle, et ce, afin d&rsquo;am\u00e9liorer le niveau <br>de performance des services administratifs.<\/span><\/td><\/tr><tr><td><strong><span style=\"color:#c6161d\" class=\"has-inline-color\">20 F\u00e9vrier 1995<\/span><\/strong><\/td><td class=\"has-text-align-left\" data-align=\"left\"><strong><span style=\"color:#524274\" class=\"has-inline-color\">Introduction de cycles de formation de courte p\u00e9riode dans le domaine<br> de management public<\/span><\/strong><br><span class=\"has-inline-color has-black-color\">Introduction de cycles de formation de courte p\u00e9riode dans le domaine<br> de management public afin de doter les agents publics de nouvelles comp\u00e9tences.<\/span><\/td><\/tr><tr><td><strong><span style=\"color:#c6161d\" class=\"has-inline-color\">Septembre 1997<\/span><\/strong><\/td><td class=\"has-text-align-left\" data-align=\"left\"><strong><span style=\"color:#524274\" class=\"has-inline-color\">Cr\u00e9ation de cycles de formation sp\u00e9cialis\u00e9e<\/span><\/strong><br><span class=\"has-inline-color has-black-color\">Cr\u00e9ation de cycles de formation sp\u00e9cialis\u00e9e pour les Minist\u00e8res des Finances,<br> de l&rsquo;Int\u00e9rieur et de l&rsquo;Education.<\/span><\/td><\/tr><tr><td><strong><span style=\"color:#c6161d\" class=\"has-inline-color\">Septembre 2004<\/span><\/strong><\/td><td class=\"has-text-align-left\" data-align=\"left\"><strong><span style=\"color:#524274\" class=\"has-inline-color\">R\u00e9ing\u00e9nierie du syst\u00e8me<\/span><\/strong><br><span class=\"has-inline-color has-black-color\">R\u00e9ing\u00e9nierie du syst\u00e8me de formation et des concours d&rsquo;entr\u00e9e aux cycles<br>de formation de base de l&rsquo;\u00e9cole conform\u00e9ment au d\u00e9cret n\u00b0 78-2004.<\/span><\/td><\/tr><tr><td><strong><span style=\"color:#c6161d\" class=\"has-inline-color\">Septembre  2004<\/span><\/strong><\/td><td class=\"has-text-align-left\" data-align=\"left\"><span style=\"color:#524274\" class=\"has-inline-color\"><strong>Cr\u00e9ation de l&rsquo;institut du d\u00e9veloppement des capacit\u00e9s des hauts fonctionnaires<\/strong><\/span><br><span class=\"has-inline-color has-black-color\">Cr\u00e9ation de l&rsquo;institut du d\u00e9veloppement des capacit\u00e9s des hauts fonctionnaires<br> charg\u00e9 du d\u00e9veloppement des aptitudes et des comp\u00e9tences des cadres administratifs <br>sup\u00e9rieurs et de la pr\u00e9paration de ceux-ci \u00e0 la conceptualisation et la mise en \u0153uvre<br> des programmes de d\u00e9veloppement de l&rsquo;administration publique.<\/span><\/td><\/tr><tr><td><strong><span style=\"color:#c6161d\" class=\"has-inline-color\">31 D\u00e9cembre 2014<\/span><\/strong><\/td><td class=\"has-text-align-left\" data-align=\"left\"><strong><span style=\"color:#524274\" class=\"has-inline-color\">Cr\u00e9ation de l&rsquo;Acad\u00e9mie Internationale de Bonne Gouvernance<\/span><\/strong><br><span class=\"has-inline-color has-black-color\">Cr\u00e9ation de l&rsquo;Acad\u00e9mie Internationale de Bonne Gouvernance dans le cadre<\/span><br><span class=\"has-inline-color has-black-color\"> d\u2019un accord de coop\u00e9ration internationale, pour organiser des formations  <\/span><br><span class=\"has-inline-color has-black-color\">au b\u00e9n\u00e9fice des cadres de l&rsquo;administration publique, des dirigeants du secteur priv\u00e9 <\/span><br><span class=\"has-inline-color has-black-color\">et de la soci\u00e9t\u00e9 civile. Cette acad\u00e9mie a pour mission d&rsquo;am\u00e9liorer les connaissances<\/span><br><span class=\"has-inline-color has-black-color\"> en mati\u00e8re de principes de la bonne gouvernance et de son r\u00f4le  en tant qu&rsquo;acteur <\/span><br><span class=\"has-inline-color has-black-color\">majeur aidant au d\u00e9veloppement \u00e9conomique et \u00e0 la justice sociale, \u00e0 la transparence<\/span><br><span class=\"has-inline-color has-black-color\"> et \u00e0 la garantie d\u2019une meilleure gestion des institutions et des \u00e9tablissements publics.<\/span><\/td><\/tr><\/tbody><\/table><\/figure>\n<\/div>\n<\/div>\n","protected":false},"excerpt":{"rendered":"<p>L\u2019histoire de l\u2019ENA en quelques dates 03 F\u00e9vrier 1949 Cr\u00e9ation de l&rsquo;\u00c9cole Tunisienne d&rsquo;AdministrationCr\u00e9ation de l&rsquo;\u00c9cole Tunisienne d&rsquo;Administration dont la mission \u00e9tait de pr\u00e9parer les candidats aux concours administratifs. 21 Juin 1956 Tunisification de l&rsquo;\u00c9coleTunisification de l&rsquo;\u00c9cole pour faire \u00e9voluer sa mission vers la formation des ressources humaines en conformit\u00e9 avec les besoins de la &hellip; <br \/><a href=\"https:\/\/www.ena.tn\/fr\/lena-se-presente\/lhistoire-de-lena\/\" class=\"more-link\">Continue reading <span class=\"screen-reader-text\">L\u2019histoire de l\u2019ENA<\/span><\/a><\/p>\n","protected":false},"author":1,"featured_media":0,"parent":5557,"menu_order":0,"comment_status":"closed","ping_status":"closed","template":"","meta":{"footnotes":""},"class_list":["post-4951","page","type-page","status-publish","hentry"],"_links":{"self":[{"href":"https:\/\/www.ena.tn\/fr\/wp-json\/wp\/v2\/pages\/4951","targetHints":{"allow":["GET"]}}],"collection":[{"href":"https:\/\/www.ena.tn\/fr\/wp-json\/wp\/v2\/pages"}],"about":[{"href":"https:\/\/www.ena.tn\/fr\/wp-json\/wp\/v2\/types\/page"}],"author":[{"embeddable":true,"href":"https:\/\/www.ena.tn\/fr\/wp-json\/wp\/v2\/users\/1"}],"replies":[{"embeddable":true,"href":"https:\/\/www.ena.tn\/fr\/wp-json\/wp\/v2\/comments?post=4951"}],"version-history":[{"count":12,"href":"https:\/\/www.ena.tn\/fr\/wp-json\/wp\/v2\/pages\/4951\/revisions"}],"predecessor-version":[{"id":4969,"href":"https:\/\/www.ena.tn\/fr\/wp-json\/wp\/v2\/pages\/4951\/revisions\/4969"}],"up":[{"embeddable":true,"href":"https:\/\/www.ena.tn\/fr\/wp-json\/wp\/v2\/pages\/5557"}],"wp:attachment":[{"href":"https:\/\/www.ena.tn\/fr\/wp-json\/wp\/v2\/media?parent=4951"}],"curies":[{"name":"wp","href":"https:\/\/api.w.org\/{rel}","templated":true}]}}