{"id":4993,"date":"2021-03-17T23:07:34","date_gmt":"2021-03-17T22:07:34","guid":{"rendered":"http:\/\/193.95.2.39\/?page_id=4993"},"modified":"2021-03-20T21:43:17","modified_gmt":"2021-03-20T20:43:17","slug":"strategie-de-lena","status":"publish","type":"page","link":"https:\/\/www.ena.tn\/fr\/lena-se-presente\/strategie-de-lena\/","title":{"rendered":"Strat\u00e9gie de l\u2019ENA"},"content":{"rendered":"\t\t<div data-elementor-type=\"wp-page\" data-elementor-id=\"4993\" class=\"elementor elementor-4993\" data-elementor-settings=\"[]\">\n\t\t\t\t\t\t\t<div class=\"elementor-section-wrap\">\n\t\t\t\t\t\t\t<section class=\"elementor-section elementor-top-section elementor-element elementor-element-7086348 elementor-section-boxed elementor-section-height-default elementor-section-height-default\" data-id=\"7086348\" data-element_type=\"section\" data-settings=\"{&quot;background_background&quot;:&quot;classic&quot;}\">\n\t\t\t\t\t\t<div class=\"elementor-container elementor-column-gap-default\">\n\t\t\t\t\t<div class=\"elementor-column elementor-col-50 elementor-top-column elementor-element elementor-element-576904b\" data-id=\"576904b\" data-element_type=\"column\">\n\t\t\t<div class=\"elementor-widget-wrap elementor-element-populated\">\n\t\t\t\t\t\t\t\t<div class=\"elementor-element elementor-element-9ad1ad8 elementor-widget elementor-widget-text-editor\" data-id=\"9ad1ad8\" data-element_type=\"widget\" data-widget_type=\"text-editor.default\">\n\t\t\t\t<div class=\"elementor-widget-container\">\n\t\t\t\t\t<div class=\"elementor-text-editor elementor-clearfix\"><div class=\"elementor-element elementor-element-786d4f91 elementor-widget elementor-widget-rt-heading\" style=\"border-color: #e8e8e8; width: 570px; color: #777777; font-family: 'Myriad Pro'; font-size: 16px;\" data-id=\"786d4f91\" data-element_type=\"widget\" data-widget_type=\"rt-heading.default\"><div class=\"elementor-widget-container\" style=\"border-color: #e8e8e8; padding-left: 0px !important;\"><div class=\"rt-heading-wrapper style-2\" style=\"position: relative; border-color: #e8e8e8;\"><h4 class=\"rt-heading style-2\" style=\"line-height: 1.2; margin-top: 0px; margin-bottom: 0px; font-size: 22px; font-family: 'Myriad Pro'; position: relative; display: inline-block; width: auto; border-color: #e8e8e8; color: #294274; padding-right: 60px;\">La vision et les ambitions<\/h4><\/div><\/div><\/div><div class=\"elementor-element elementor-element-52a7a642 elementor-widget elementor-widget-text-editor\" style=\"border-color: #e8e8e8; width: 570px; color: #777777; font-family: 'Myriad Pro'; font-size: 16px;\" data-id=\"52a7a642\" data-element_type=\"widget\" data-widget_type=\"text-editor.default\"><div class=\"elementor-widget-container\" style=\"border-color: #e8e8e8; padding: 54px 0px 0px; margin: 0px;\"><div class=\"elementor-text-editor elementor-clearfix\" style=\"border-color: #e8e8e8; text-align: justify;\"><span style=\"color: #000000;\">La vision de l\u2019\u00c9cole Nationale de d\u2019Administration se nourrit de sa longue <\/span><\/div><div class=\"elementor-text-editor elementor-clearfix\" style=\"border-color: #e8e8e8; text-align: justify;\"><span style=\"color: #000000;\">exp\u00e9rience dans la formation de cadres administratifs. Cette vision<\/span><\/div><div class=\"elementor-text-editor elementor-clearfix\" style=\"border-color: #e8e8e8; text-align: justify;\"><span style=\"color: #000000;\"> est aliment\u00e9e en permanence par ses interactions avec<\/span><\/div><div class=\"elementor-text-editor elementor-clearfix\" style=\"border-color: #e8e8e8; text-align: justify;\"><span style=\"color: #000000;\"> son environnement institutionnel, \u00e9conomique, social, culturel <\/span><\/div><div class=\"elementor-text-editor elementor-clearfix\" style=\"border-color: #e8e8e8; text-align: justify;\"><span style=\"color: #000000;\">et technologique tant au niveau national, r\u00e9gional qu\u2019international.<\/span><\/div><\/div><\/div><\/div>\n\t\t\t\t<\/div>\n\t\t\t\t<\/div>\n\t\t\t\t\t<\/div>\n\t\t<\/div>\n\t\t\t\t<div class=\"elementor-column elementor-col-50 elementor-top-column elementor-element elementor-element-0993905\" data-id=\"0993905\" data-element_type=\"column\">\n\t\t\t<div class=\"elementor-widget-wrap elementor-element-populated\">\n\t\t\t\t\t\t\t\t<div class=\"elementor-element elementor-element-68ce128 elementor-widget elementor-widget-text-editor\" data-id=\"68ce128\" data-element_type=\"widget\" data-widget_type=\"text-editor.default\">\n\t\t\t\t<div class=\"elementor-widget-container\">\n\t\t\t\t\t<div class=\"elementor-text-editor elementor-clearfix\"><p><span style=\"color: #000000;\">La vision de l\u2019ENA s\u2019inscrit dans un cadre prospectif exprimant sa volont\u00e9 d\u2019avoir un positionnement strat\u00e9gique traduisant une ambition plurielle :<\/span><\/p><\/div>\n\t\t\t\t<\/div>\n\t\t\t\t<\/div>\n\t\t\t\t<div class=\"elementor-element elementor-element-3b0d95e elementor-widget elementor-widget-accordion\" data-id=\"3b0d95e\" data-element_type=\"widget\" data-widget_type=\"accordion.default\">\n\t\t\t\t<div class=\"elementor-widget-container\">\n\t\t\t\t\t<div class=\"elementor-accordion\" role=\"tablist\">\n\t\t\t\t\t\t\t<div class=\"elementor-accordion-item\">\n\t\t\t\t\t<div id=\"elementor-tab-title-6191\" class=\"elementor-tab-title\" data-tab=\"1\" role=\"tab\" aria-controls=\"elementor-tab-content-6191\" aria-expanded=\"false\">\n\t\t\t\t\t\t\t\t\t\t\t\t\t<span class=\"elementor-accordion-icon elementor-accordion-icon-right\" aria-hidden=\"true\">\n\t\t\t\t\t\t\t\t\t\t\t\t\t\t\t<span class=\"elementor-accordion-icon-closed\"><i class=\"fas fa-plus\"><\/i><\/span>\n\t\t\t\t\t\t\t\t<span class=\"elementor-accordion-icon-opened\"><i class=\"fas fa-minus\"><\/i><\/span>\n\t\t\t\t\t\t\t\t\t\t\t\t\t\t<\/span>\n\t\t\t\t\t\t\t\t\t\t\t\t<a class=\"elementor-accordion-title\" href=\"\">L'ambition d\u2019\u00eatre un acteur efficace impactant le d\u00e9veloppement administratif<\/a>\n\t\t\t\t\t<\/div>\n\t\t\t\t\t<div id=\"elementor-tab-content-6191\" class=\"elementor-tab-content elementor-clearfix\" data-tab=\"1\" role=\"tabpanel\" aria-labelledby=\"elementor-tab-title-6191\"><p>en participant \u00e0 l&rsquo;am\u00e9lioration de l\u2019environnement de production des services administratifs et \u00e0 la promotion de leur qualit\u00e9, en contribuant \u00e0 l\u2019ex\u00e9cution des politiques publiques avec une responsabilit\u00e9 \u00e9lev\u00e9e et en empruntant la voie de l\u2019innovation continue.<\/p><\/div>\n\t\t\t\t<\/div>\n\t\t\t\t\t\t\t<div class=\"elementor-accordion-item\">\n\t\t\t\t\t<div id=\"elementor-tab-title-6192\" class=\"elementor-tab-title\" data-tab=\"2\" role=\"tab\" aria-controls=\"elementor-tab-content-6192\" aria-expanded=\"false\">\n\t\t\t\t\t\t\t\t\t\t\t\t\t<span class=\"elementor-accordion-icon elementor-accordion-icon-right\" aria-hidden=\"true\">\n\t\t\t\t\t\t\t\t\t\t\t\t\t\t\t<span class=\"elementor-accordion-icon-closed\"><i class=\"fas fa-plus\"><\/i><\/span>\n\t\t\t\t\t\t\t\t<span class=\"elementor-accordion-icon-opened\"><i class=\"fas fa-minus\"><\/i><\/span>\n\t\t\t\t\t\t\t\t\t\t\t\t\t\t<\/span>\n\t\t\t\t\t\t\t\t\t\t\t\t<a class=\"elementor-accordion-title\" href=\"\">L'ambition de renforcer son positionnement en tant qu'institution de formation de premier rang<\/a>\n\t\t\t\t\t<\/div>\n\t\t\t\t\t<div id=\"elementor-tab-content-6192\" class=\"elementor-tab-content elementor-clearfix\" data-tab=\"2\" role=\"tabpanel\" aria-labelledby=\"elementor-tab-title-6192\"><p>sp\u00e9cialis\u00e9e dans la pr\u00e9paration des Hautes comp\u00e9tences administratives dans le domaine du management public, et ce, conform\u00e9ment aux normes p\u00e9dagogiques internationalement reconnues.<\/p><\/div>\n\t\t\t\t<\/div>\n\t\t\t\t\t\t\t<div class=\"elementor-accordion-item\">\n\t\t\t\t\t<div id=\"elementor-tab-title-6193\" class=\"elementor-tab-title\" data-tab=\"3\" role=\"tab\" aria-controls=\"elementor-tab-content-6193\" aria-expanded=\"false\">\n\t\t\t\t\t\t\t\t\t\t\t\t\t<span class=\"elementor-accordion-icon elementor-accordion-icon-right\" aria-hidden=\"true\">\n\t\t\t\t\t\t\t\t\t\t\t\t\t\t\t<span class=\"elementor-accordion-icon-closed\"><i class=\"fas fa-plus\"><\/i><\/span>\n\t\t\t\t\t\t\t\t<span class=\"elementor-accordion-icon-opened\"><i class=\"fas fa-minus\"><\/i><\/span>\n\t\t\t\t\t\t\t\t\t\t\t\t\t\t<\/span>\n\t\t\t\t\t\t\t\t\t\t\t\t<a class=\"elementor-accordion-title\" href=\"\">L'ambition de servir comme plateforme d\u2019expertises, de recherches et d\u2019\u00e9tudes administratives<\/a>\n\t\t\t\t\t<\/div>\n\t\t\t\t\t<div id=\"elementor-tab-content-6193\" class=\"elementor-tab-content elementor-clearfix\" data-tab=\"3\" role=\"tabpanel\" aria-labelledby=\"elementor-tab-title-6193\"><p>participant \u00e0 la diffusion de la culture de l\u2019innovation, \u00e0 l&rsquo;enrichissement et \u00e0 la modernisation des structures et des m\u00e9thodes de gestion administrative au travers des mod\u00e8les cognitifs et des pratiques inspir\u00e9es de ses recherches, de ses publications et de ses rapports d\u2019expertise.<\/p><\/div>\n\t\t\t\t<\/div>\n\t\t\t\t\t\t\t<div class=\"elementor-accordion-item\">\n\t\t\t\t\t<div id=\"elementor-tab-title-6194\" class=\"elementor-tab-title\" data-tab=\"4\" role=\"tab\" aria-controls=\"elementor-tab-content-6194\" aria-expanded=\"false\">\n\t\t\t\t\t\t\t\t\t\t\t\t\t<span class=\"elementor-accordion-icon elementor-accordion-icon-right\" aria-hidden=\"true\">\n\t\t\t\t\t\t\t\t\t\t\t\t\t\t\t<span class=\"elementor-accordion-icon-closed\"><i class=\"fas fa-plus\"><\/i><\/span>\n\t\t\t\t\t\t\t\t<span class=\"elementor-accordion-icon-opened\"><i class=\"fas fa-minus\"><\/i><\/span>\n\t\t\t\t\t\t\t\t\t\t\t\t\t\t<\/span>\n\t\t\t\t\t\t\t\t\t\t\t\t<a class=\"elementor-accordion-title\" href=\"\">L'ambition d\u2019\u00eatre un espace de vie et de communication ouvert sur son environnement,<\/a>\n\t\t\t\t\t<\/div>\n\t\t\t\t\t<div id=\"elementor-tab-content-6194\" class=\"elementor-tab-content elementor-clearfix\" data-tab=\"4\" role=\"tabpanel\" aria-labelledby=\"elementor-tab-title-6194\"><p>encourageant la prise d&rsquo;initiative et la cr\u00e9ativit\u00e9, nouant des partenariats internes et externes, accueillant cr\u00e9ateurs artistes et entrepreneurs.<\/p><\/div>\n\t\t\t\t<\/div>\n\t\t\t\t\t\t\t<div class=\"elementor-accordion-item\">\n\t\t\t\t\t<div id=\"elementor-tab-title-6195\" class=\"elementor-tab-title\" data-tab=\"5\" role=\"tab\" aria-controls=\"elementor-tab-content-6195\" aria-expanded=\"false\">\n\t\t\t\t\t\t\t\t\t\t\t\t\t<span class=\"elementor-accordion-icon elementor-accordion-icon-right\" aria-hidden=\"true\">\n\t\t\t\t\t\t\t\t\t\t\t\t\t\t\t<span class=\"elementor-accordion-icon-closed\"><i class=\"fas fa-plus\"><\/i><\/span>\n\t\t\t\t\t\t\t\t<span class=\"elementor-accordion-icon-opened\"><i class=\"fas fa-minus\"><\/i><\/span>\n\t\t\t\t\t\t\t\t\t\t\t\t\t\t<\/span>\n\t\t\t\t\t\t\t\t\t\t\t\t<a class=\"elementor-accordion-title\" href=\"\">L'ambition d'\u00eatre reconnue comme une destination de formation d\u2019excellence et une plateforme attractive<\/a>\n\t\t\t\t\t<\/div>\n\t\t\t\t\t<div id=\"elementor-tab-content-6195\" class=\"elementor-tab-content elementor-clearfix\" data-tab=\"5\" role=\"tabpanel\" aria-labelledby=\"elementor-tab-title-6195\"><p>pour les cadres administratifs exer\u00e7ant dans des pays fr\u00e8res et amis et ce, dans le cadre de coop\u00e9ration bilat\u00e9rale et multilat\u00e9rale.<\/p><\/div>\n\t\t\t\t<\/div>\n\t\t\t\t\t<\/div>\n\t\t\t\t<\/div>\n\t\t\t\t<\/div>\n\t\t\t\t\t<\/div>\n\t\t<\/div>\n\t\t\t\t\t\t\t<\/div>\n\t\t<\/section>\n\t\t\t\t<section class=\"elementor-section elementor-top-section elementor-element elementor-element-e58c2b5 elementor-section-boxed elementor-section-height-default elementor-section-height-default\" data-id=\"e58c2b5\" data-element_type=\"section\" data-settings=\"{&quot;background_background&quot;:&quot;classic&quot;}\">\n\t\t\t\t\t\t<div class=\"elementor-container elementor-column-gap-default\">\n\t\t\t\t\t<div class=\"elementor-column elementor-col-50 elementor-top-column elementor-element elementor-element-8883dc3\" data-id=\"8883dc3\" data-element_type=\"column\">\n\t\t\t<div class=\"elementor-widget-wrap elementor-element-populated\">\n\t\t\t\t\t\t\t\t<div class=\"elementor-element elementor-element-c0b0b3c elementor-widget elementor-widget-text-editor\" data-id=\"c0b0b3c\" data-element_type=\"widget\" data-widget_type=\"text-editor.default\">\n\t\t\t\t<div class=\"elementor-widget-container\">\n\t\t\t\t\t<div class=\"elementor-text-editor elementor-clearfix\"><div class=\"elementor-element elementor-element-fc147e4 elementor-widget elementor-widget-rt-heading\" data-id=\"fc147e4\" data-element_type=\"widget\" data-widget_type=\"rt-heading.default\">\n<div class=\"elementor-widget-container\">\n<div class=\"rt-heading-wrapper style-2\">\n<h4 style=\"color: #294274;\" class=\"rt-heading style-2\">Ethique et Valeurs<\/h4>\n<\/div>\n<\/div>\n<\/div>\n<div class=\"elementor-element elementor-element-42746555 elementor-widget elementor-widget-text-editor\" data-id=\"42746555\" data-element_type=\"widget\" data-widget_type=\"text-editor.default\">\n<div class=\"elementor-widget-container\">\n<div class=\"elementor-text-editor elementor-clearfix\">\n\n<span style=\"color: #000000;\">Le code des valeurs et d\u2019\u00e9thique encadre l\u2019activit\u00e9 et les actions de la direction de l\u2019ENA, de son personnel, de l\u2019\u00e9quipe d\u2019enseignants, des formateurs, des experts, des chercheurs et de tous les \u00e9l\u00e8ves dans les diff\u00e9rents niveaux de formation \u00e0 l\u2019\u00e9cole.<\/span>\n\n<span style=\"color: #000000;\">Cette charte \u00e9thique d\u2019adresse \u00e9galement aux partenaires internes et externes de l\u2019Ecole, \u00e0 ses \u00ab clients \u00bb, \u00e0 ses fournisseurs directs et indirects, aux bailleurs de fonds qui soutiennent son activit\u00e9, et aux structures d\u2019appui \u00e0 l\u2019instar des entreprises \u00e9conomiques et des organisations de la soci\u00e9t\u00e9 civile.<\/span>\n\n<span style=\"color: #000000;\">La r\u00e9f\u00e9rence de l\u2019\u00c9cole Nationale d\u2019Administration dans l\u2019\u00e9laboration de son syst\u00e8me de valeurs et de ses r\u00e8gles de conduite se trouve sp\u00e9cifiquement au chapitre 15 de la Constitution du 27 janvier 2014.<\/span>\n\n<\/div>\n<\/div>\n<\/div><\/div>\n\t\t\t\t<\/div>\n\t\t\t\t<\/div>\n\t\t\t\t\t<\/div>\n\t\t<\/div>\n\t\t\t\t<div class=\"elementor-column elementor-col-50 elementor-top-column elementor-element elementor-element-a8bad78\" data-id=\"a8bad78\" data-element_type=\"column\">\n\t\t\t<div class=\"elementor-widget-wrap elementor-element-populated\">\n\t\t\t\t\t\t\t\t<section class=\"elementor-section elementor-inner-section elementor-element elementor-element-c841e5b elementor-section-boxed elementor-section-height-default elementor-section-height-default\" data-id=\"c841e5b\" data-element_type=\"section\">\n\t\t\t\t\t\t<div class=\"elementor-container elementor-column-gap-default\">\n\t\t\t\t\t<div class=\"elementor-column elementor-col-100 elementor-inner-column elementor-element elementor-element-2b3ed50\" data-id=\"2b3ed50\" data-element_type=\"column\">\n\t\t\t<div class=\"elementor-widget-wrap elementor-element-populated\">\n\t\t\t\t\t\t\t\t<div class=\"elementor-element elementor-element-833230d elementor-widget elementor-widget-text-editor\" data-id=\"833230d\" data-element_type=\"widget\" data-widget_type=\"text-editor.default\">\n\t\t\t\t<div class=\"elementor-widget-container\">\n\t\t\t\t\t<div class=\"elementor-text-editor elementor-clearfix\"><p><span style=\"color: #000000; font-family: 'Myriad Pro'; font-size: 16px; text-align: justify;\">Trois valeurs fondamentales se compl\u00e8tent, interagissent harmonieusement pour exprimer la volont\u00e9 de l\u2019\u00e9cole d\u2019\u00eatre un laboratoire de la performance publique qui reconnait, valorise et diffuse les bonnes pratiques de la bonne gouvernance, et qui renforce le sentiment d\u2019appartenance \u00e0 l\u2019Ecole.<\/span><\/p><\/div>\n\t\t\t\t<\/div>\n\t\t\t\t<\/div>\n\t\t\t\t\t<\/div>\n\t\t<\/div>\n\t\t\t\t\t\t\t<\/div>\n\t\t<\/section>\n\t\t\t\t<section class=\"elementor-section elementor-inner-section elementor-element elementor-element-65fe432 elementor-section-boxed elementor-section-height-default elementor-section-height-default\" data-id=\"65fe432\" data-element_type=\"section\">\n\t\t\t\t\t\t<div class=\"elementor-container elementor-column-gap-default\">\n\t\t\t\t\t<div class=\"elementor-column elementor-col-33 elementor-inner-column elementor-element elementor-element-e5892ed\" data-id=\"e5892ed\" data-element_type=\"column\">\n\t\t\t<div class=\"elementor-widget-wrap elementor-element-populated\">\n\t\t\t\t\t\t\t\t<div class=\"elementor-element elementor-element-30c4a4e elementor-view-default elementor-widget elementor-widget-icon\" data-id=\"30c4a4e\" data-element_type=\"widget\" data-widget_type=\"icon.default\">\n\t\t\t\t<div class=\"elementor-widget-container\">\n\t\t\t\t\t<div class=\"elementor-icon-wrapper\">\n\t\t\t<div class=\"elementor-icon\">\n\t\t\t<i aria-hidden=\"true\" class=\"fab fa-steam-symbol\"><\/i>\t\t\t<\/div>\n\t\t<\/div>\n\t\t\t\t<\/div>\n\t\t\t\t<\/div>\n\t\t\t\t\t<\/div>\n\t\t<\/div>\n\t\t\t\t<div class=\"elementor-column elementor-col-66 elementor-inner-column elementor-element elementor-element-a4a94fe\" data-id=\"a4a94fe\" data-element_type=\"column\">\n\t\t\t<div class=\"elementor-widget-wrap elementor-element-populated\">\n\t\t\t\t\t\t\t\t<div class=\"elementor-element elementor-element-8931254 elementor-widget elementor-widget-text-editor\" data-id=\"8931254\" data-element_type=\"widget\" data-widget_type=\"text-editor.default\">\n\t\t\t\t<div class=\"elementor-widget-container\">\n\t\t\t\t\t<div class=\"elementor-text-editor elementor-clearfix\"><div class=\"elementor-element elementor-element-e3aa8b9 elementor-widget elementor-widget-rt-heading\" data-id=\"e3aa8b9\" data-element_type=\"widget\" data-widget_type=\"rt-heading.default\"><div class=\"elementor-widget-container\"><div class=\"rt-heading-wrapper\"><h6 class=\"rt-heading\"><span style=\"color: #000080;\">L&rsquo;engagement<\/span><\/h6><\/div><\/div><\/div><div class=\"elementor-element elementor-element-e5e750f elementor-widget elementor-widget-text-editor\" data-id=\"e5e750f\" data-element_type=\"widget\" data-widget_type=\"text-editor.default\"><div class=\"elementor-widget-container\"><div class=\"elementor-text-editor elementor-clearfix\"><span style=\"color: #000000;\">une valeur \u00e0 la diligence, \u00e0 l\u2019aspiration au meilleur, et \u00e0 l\u2019investissement individuel et collectif au service de l\u2019excellence.<\/span><\/div><\/div><\/div><\/div>\n\t\t\t\t<\/div>\n\t\t\t\t<\/div>\n\t\t\t\t\t<\/div>\n\t\t<\/div>\n\t\t\t\t\t\t\t<\/div>\n\t\t<\/section>\n\t\t\t\t<section class=\"elementor-section elementor-inner-section elementor-element elementor-element-ad6de08 elementor-section-boxed elementor-section-height-default elementor-section-height-default\" data-id=\"ad6de08\" data-element_type=\"section\">\n\t\t\t\t\t\t<div class=\"elementor-container elementor-column-gap-default\">\n\t\t\t\t\t<div class=\"elementor-column elementor-col-33 elementor-inner-column elementor-element elementor-element-7503ea5\" data-id=\"7503ea5\" data-element_type=\"column\">\n\t\t\t<div class=\"elementor-widget-wrap elementor-element-populated\">\n\t\t\t\t\t\t\t\t<div class=\"elementor-element elementor-element-cf5c0c2 elementor-view-default elementor-widget elementor-widget-icon\" data-id=\"cf5c0c2\" data-element_type=\"widget\" data-widget_type=\"icon.default\">\n\t\t\t\t<div class=\"elementor-widget-container\">\n\t\t\t\t\t<div class=\"elementor-icon-wrapper\">\n\t\t\t<div class=\"elementor-icon\">\n\t\t\t<i aria-hidden=\"true\" class=\"fas fa-user-friends\"><\/i>\t\t\t<\/div>\n\t\t<\/div>\n\t\t\t\t<\/div>\n\t\t\t\t<\/div>\n\t\t\t\t\t<\/div>\n\t\t<\/div>\n\t\t\t\t<div class=\"elementor-column elementor-col-66 elementor-inner-column elementor-element elementor-element-d4b9ced\" data-id=\"d4b9ced\" data-element_type=\"column\">\n\t\t\t<div class=\"elementor-widget-wrap elementor-element-populated\">\n\t\t\t\t\t\t\t\t<div class=\"elementor-element elementor-element-5008649 elementor-widget elementor-widget-text-editor\" data-id=\"5008649\" data-element_type=\"widget\" data-widget_type=\"text-editor.default\">\n\t\t\t\t<div class=\"elementor-widget-container\">\n\t\t\t\t\t<div class=\"elementor-text-editor elementor-clearfix\"><div class=\"elementor-element elementor-element-e3aa8b9 elementor-widget elementor-widget-rt-heading\" data-id=\"e3aa8b9\" data-element_type=\"widget\" data-widget_type=\"rt-heading.default\"><div class=\"elementor-widget-container\"><div class=\"rt-heading-wrapper\"><h6 class=\"rt-heading\"><span style=\"color: #000080;\">La neutralit\u00e9<\/span><\/h6><\/div><\/div><\/div><div class=\"elementor-element elementor-element-e5e750f elementor-widget elementor-widget-text-editor\" data-id=\"e5e750f\" data-element_type=\"widget\" data-widget_type=\"text-editor.default\"><div class=\"elementor-widget-container\"><div class=\"elementor-text-editor elementor-clearfix\"><div class=\"elementor-element elementor-element-0c70f3d elementor-widget elementor-widget-rt-heading\" data-id=\"0c70f3d\" data-element_type=\"widget\" data-widget_type=\"rt-heading.default\"><div class=\"elementor-widget-container\"><div class=\"rt-heading-wrapper\"><h6 class=\"rt-heading\"><span style=\"color: #000000; font-family: 'Open Sans', Helvetica, Arial, sans-serif; font-size: 16px; font-weight: 400;\">une valeur constitutionnelle qui rappelle la n\u00e9cessit\u00e9 de conserver, lors de l\u2019exercice, une \u00e9quidistance des intervenants et acteurs politiques, \u00e9conomiques et sociaux, ainsi que des penseurs et des engag\u00e9s id\u00e9ologiquement.<\/span><\/h6><\/div><\/div><\/div><\/div><\/div><\/div><\/div>\n\t\t\t\t<\/div>\n\t\t\t\t<\/div>\n\t\t\t\t\t<\/div>\n\t\t<\/div>\n\t\t\t\t\t\t\t<\/div>\n\t\t<\/section>\n\t\t\t\t<section class=\"elementor-section elementor-inner-section elementor-element elementor-element-7bb5e16 elementor-section-boxed elementor-section-height-default elementor-section-height-default\" data-id=\"7bb5e16\" data-element_type=\"section\">\n\t\t\t\t\t\t<div class=\"elementor-container elementor-column-gap-default\">\n\t\t\t\t\t<div class=\"elementor-column elementor-col-33 elementor-inner-column elementor-element elementor-element-23f4fce\" data-id=\"23f4fce\" data-element_type=\"column\">\n\t\t\t<div class=\"elementor-widget-wrap elementor-element-populated\">\n\t\t\t\t\t\t\t\t<div class=\"elementor-element elementor-element-ff70a34 elementor-view-default elementor-widget elementor-widget-icon\" data-id=\"ff70a34\" data-element_type=\"widget\" data-widget_type=\"icon.default\">\n\t\t\t\t<div class=\"elementor-widget-container\">\n\t\t\t\t\t<div class=\"elementor-icon-wrapper\">\n\t\t\t<div class=\"elementor-icon\">\n\t\t\t<i aria-hidden=\"true\" class=\"fas fa-cog\"><\/i>\t\t\t<\/div>\n\t\t<\/div>\n\t\t\t\t<\/div>\n\t\t\t\t<\/div>\n\t\t\t\t\t<\/div>\n\t\t<\/div>\n\t\t\t\t<div class=\"elementor-column elementor-col-66 elementor-inner-column elementor-element elementor-element-4b71e12\" data-id=\"4b71e12\" data-element_type=\"column\">\n\t\t\t<div class=\"elementor-widget-wrap elementor-element-populated\">\n\t\t\t\t\t\t\t\t<div class=\"elementor-element elementor-element-ee093ab elementor-widget elementor-widget-text-editor\" data-id=\"ee093ab\" data-element_type=\"widget\" data-widget_type=\"text-editor.default\">\n\t\t\t\t<div class=\"elementor-widget-container\">\n\t\t\t\t\t<div class=\"elementor-text-editor elementor-clearfix\"><div class=\"elementor-element elementor-element-e3aa8b9 elementor-widget elementor-widget-rt-heading\" data-id=\"e3aa8b9\" data-element_type=\"widget\" data-widget_type=\"rt-heading.default\"><div class=\"elementor-widget-container\"><div class=\"rt-heading-wrapper\"><h6 class=\"rt-heading\"><span style=\"color: #000080;\">L\u2019abn\u00e9gation<\/span><\/h6><\/div><\/div><\/div><div class=\"elementor-element elementor-element-e5e750f elementor-widget elementor-widget-text-editor\" data-id=\"e5e750f\" data-element_type=\"widget\" data-widget_type=\"text-editor.default\"><div class=\"elementor-widget-container\"><div class=\"elementor-text-editor elementor-clearfix\"><div class=\"elementor-element elementor-element-4adac57 elementor-widget elementor-widget-rt-heading\" data-id=\"4adac57\" data-element_type=\"widget\" data-widget_type=\"rt-heading.default\"><div class=\"elementor-widget-container\"><div class=\"rt-heading-wrapper\"><h6 class=\"rt-heading\"><span style=\"color: #000000; font-family: 'Open Sans', Helvetica, Arial, sans-serif; font-size: 16px; font-weight: 400;\">une valeur qui incarne la noblesse du service de l\u2019int\u00e9r\u00eat g\u00e9n\u00e9ral aussi bien philosophiquement que pratiquement, un service qui exige de faire pr\u00e9valoir l\u2019int\u00e9r\u00eat g\u00e9n\u00e9ral. Un service qui requiert le d\u00e9vouement et le sacrifice au moment de s\u2019acquitter de ses obligations. Un service qui implore un comportement exemplaire tourn\u00e9 vers le citoyen et la nation.<\/span><\/h6><\/div><\/div><\/div><\/div><\/div><\/div><\/div>\n\t\t\t\t<\/div>\n\t\t\t\t<\/div>\n\t\t\t\t\t<\/div>\n\t\t<\/div>\n\t\t\t\t\t\t\t<\/div>\n\t\t<\/section>\n\t\t\t\t\t<\/div>\n\t\t<\/div>\n\t\t\t\t\t\t\t<\/div>\n\t\t<\/section>\n\t\t\t\t\t\t<\/div>\n\t\t\t\t\t<\/div>\n\t\t","protected":false},"excerpt":{"rendered":"<p>La vision et les ambitions La vision de l\u2019\u00c9cole Nationale de d\u2019Administration se nourrit de sa longue exp\u00e9rience dans la formation de cadres administratifs. Cette vision est aliment\u00e9e en permanence par ses interactions avec son environnement institutionnel, \u00e9conomique, social, culturel et technologique tant au niveau national, r\u00e9gional qu\u2019international. La vision de l\u2019ENA s\u2019inscrit dans un &hellip; <br \/><a href=\"https:\/\/www.ena.tn\/fr\/lena-se-presente\/strategie-de-lena\/\" class=\"more-link\">Continue reading <span class=\"screen-reader-text\">Strat\u00e9gie de l\u2019ENA<\/span><\/a><\/p>\n","protected":false},"author":1,"featured_media":0,"parent":5557,"menu_order":0,"comment_status":"closed","ping_status":"closed","template":"","meta":{"footnotes":""},"class_list":["post-4993","page","type-page","status-publish","hentry"],"_links":{"self":[{"href":"https:\/\/www.ena.tn\/fr\/wp-json\/wp\/v2\/pages\/4993","targetHints":{"allow":["GET"]}}],"collection":[{"href":"https:\/\/www.ena.tn\/fr\/wp-json\/wp\/v2\/pages"}],"about":[{"href":"https:\/\/www.ena.tn\/fr\/wp-json\/wp\/v2\/types\/page"}],"author":[{"embeddable":true,"href":"https:\/\/www.ena.tn\/fr\/wp-json\/wp\/v2\/users\/1"}],"replies":[{"embeddable":true,"href":"https:\/\/www.ena.tn\/fr\/wp-json\/wp\/v2\/comments?post=4993"}],"version-history":[{"count":70,"href":"https:\/\/www.ena.tn\/fr\/wp-json\/wp\/v2\/pages\/4993\/revisions"}],"predecessor-version":[{"id":5572,"href":"https:\/\/www.ena.tn\/fr\/wp-json\/wp\/v2\/pages\/4993\/revisions\/5572"}],"up":[{"embeddable":true,"href":"https:\/\/www.ena.tn\/fr\/wp-json\/wp\/v2\/pages\/5557"}],"wp:attachment":[{"href":"https:\/\/www.ena.tn\/fr\/wp-json\/wp\/v2\/media?parent=4993"}],"curies":[{"name":"wp","href":"https:\/\/api.w.org\/{rel}","templated":true}]}}