{"id":5084,"date":"2021-03-18T15:52:13","date_gmt":"2021-03-18T14:52:13","guid":{"rendered":"http:\/\/193.95.2.39\/?page_id=5084"},"modified":"2021-03-20T21:43:57","modified_gmt":"2021-03-20T20:43:57","slug":"missions-et-organigramme","status":"publish","type":"page","link":"https:\/\/www.ena.tn\/fr\/lena-se-presente\/missions-et-organigramme\/","title":{"rendered":"Missions et Organigramme"},"content":{"rendered":"\t\t<div data-elementor-type=\"wp-page\" data-elementor-id=\"5084\" class=\"elementor elementor-5084\" data-elementor-settings=\"[]\">\n\t\t\t\t\t\t\t<div class=\"elementor-section-wrap\">\n\t\t\t\t\t\t\t<section class=\"elementor-section elementor-top-section elementor-element elementor-element-1bdf42a elementor-section-boxed elementor-section-height-default elementor-section-height-default\" data-id=\"1bdf42a\" data-element_type=\"section\" data-settings=\"{&quot;background_background&quot;:&quot;classic&quot;}\">\n\t\t\t\t\t\t<div class=\"elementor-container elementor-column-gap-default\">\n\t\t\t\t\t<div class=\"elementor-column elementor-col-50 elementor-top-column elementor-element elementor-element-7185fcb\" data-id=\"7185fcb\" data-element_type=\"column\">\n\t\t\t<div class=\"elementor-widget-wrap elementor-element-populated\">\n\t\t\t\t\t\t\t\t<div class=\"elementor-element elementor-element-303ad91 elementor-widget elementor-widget-text-editor\" data-id=\"303ad91\" data-element_type=\"widget\" data-widget_type=\"text-editor.default\">\n\t\t\t\t<div class=\"elementor-widget-container\">\n\t\t\t\t\t<div class=\"elementor-text-editor elementor-clearfix\"><p><span style=\"text-decoration: underline;\"><span style=\"color: #000080;\"><strong>Missions<\/strong><\/span><\/span><\/p><p>\u00a0<\/p><p><span style=\"color: #000000;\">L\u2019ENA est une institution publique \u00e0 caract\u00e8re administratif. Elle est sous la tutelle du la pr\u00e9sidence du gouvernement et est dot\u00e9e d\u2019un budget rattach\u00e9 au budget g\u00e9n\u00e9ral de l\u2019\u00c9tat.<\/span><\/p><p><span style=\"color: #000000;\">L\u2019ENA assure les missions suivantes:<\/span><\/p><\/div>\n\t\t\t\t<\/div>\n\t\t\t\t<\/div>\n\t\t\t\t\t<\/div>\n\t\t<\/div>\n\t\t\t\t<div class=\"elementor-column elementor-col-50 elementor-top-column elementor-element elementor-element-aeadf70\" data-id=\"aeadf70\" data-element_type=\"column\">\n\t\t\t<div class=\"elementor-widget-wrap elementor-element-populated\">\n\t\t\t\t\t\t\t\t<div class=\"elementor-element elementor-element-1d53ce9 elementor-widget elementor-widget-image\" data-id=\"1d53ce9\" data-element_type=\"widget\" data-widget_type=\"image.default\">\n\t\t\t\t<div class=\"elementor-widget-container\">\n\t\t\t\t\t<div class=\"elementor-image\">\n\t\t\t\t\t\t\t\t\t\t<img loading=\"lazy\" decoding=\"async\" width=\"660\" height=\"440\" src=\"https:\/\/www.ena.tn\/wp-content\/uploads\/2021\/03\/slider-1-1024x683.jpg\" class=\"attachment-large size-large\" alt=\"\" srcset=\"https:\/\/www.ena.tn\/wp-content\/uploads\/2021\/03\/slider-1-1024x683.jpg 1024w, https:\/\/www.ena.tn\/wp-content\/uploads\/2021\/03\/slider-1-300x200.jpg 300w, https:\/\/www.ena.tn\/wp-content\/uploads\/2021\/03\/slider-1-768x512.jpg 768w, https:\/\/www.ena.tn\/wp-content\/uploads\/2021\/03\/slider-1-1536x1024.jpg 1536w, https:\/\/www.ena.tn\/wp-content\/uploads\/2021\/03\/slider-1-2048x1365.jpg 2048w\" sizes=\"auto, (max-width: 660px) 100vw, 660px\" \/>\t\t\t\t\t\t\t\t\t\t\t<\/div>\n\t\t\t\t<\/div>\n\t\t\t\t<\/div>\n\t\t\t\t\t<\/div>\n\t\t<\/div>\n\t\t\t\t\t\t\t<\/div>\n\t\t<\/section>\n\t\t\t\t<section class=\"elementor-section elementor-top-section elementor-element elementor-element-0323d72 elementor-section-boxed elementor-section-height-default elementor-section-height-default\" data-id=\"0323d72\" data-element_type=\"section\" data-settings=\"{&quot;background_background&quot;:&quot;classic&quot;}\">\n\t\t\t\t\t\t<div class=\"elementor-container elementor-column-gap-default\">\n\t\t\t\t\t<div class=\"elementor-column elementor-col-50 elementor-top-column elementor-element elementor-element-9be1b04\" data-id=\"9be1b04\" data-element_type=\"column\">\n\t\t\t<div class=\"elementor-widget-wrap elementor-element-populated\">\n\t\t\t\t\t\t\t\t<div class=\"elementor-element elementor-element-544156b elementor-list-item-link-full_width elementor-widget elementor-widget-icon-list\" data-id=\"544156b\" data-element_type=\"widget\" data-widget_type=\"icon-list.default\">\n\t\t\t\t<div class=\"elementor-widget-container\">\n\t\t\t\t\t<ul class=\"elementor-icon-list-items\">\n\t\t\t\t\t\t\t<li class=\"elementor-icon-list-item\">\n\t\t\t\t\t\t\t\t\t\t\t<span class=\"elementor-icon-list-icon\">\n\t\t\t\t\t\t\t<i aria-hidden=\"true\" class=\"fas fa-check\"><\/i>\t\t\t\t\t\t<\/span>\n\t\t\t\t\t\t\t\t\t\t<span class=\"elementor-icon-list-text\"><b>La formation de base<\/b> au profit des hauts et moyens cadres moyennant la pr\u00e9paration de ceux-ci \u00e0 l'exercice des fonctions administratives des diverses structures \u00e9tatiques (cabinets minist\u00e9riels, tribunaux administratifs, instances de contr\u00f4le, Cour des comptes, administrations centrales et r\u00e9gionales, et collectivit\u00e9s locales).<\/span>\n\t\t\t\t\t\t\t\t\t<\/li>\n\t\t\t\t\t\t\t\t<li class=\"elementor-icon-list-item\">\n\t\t\t\t\t\t\t\t\t\t\t<span class=\"elementor-icon-list-icon\">\n\t\t\t\t\t\t\t<i aria-hidden=\"true\" class=\"fas fa-times\"><\/i>\t\t\t\t\t\t<\/span>\n\t\t\t\t\t\t\t\t\t\t<span class=\"elementor-icon-list-text\"><b>La formation continu<\/b>e et le d\u00e9veloppement des comp\u00e9tences des agents administratifs en activit\u00e9.<\/span>\n\t\t\t\t\t\t\t\t\t<\/li>\n\t\t\t\t\t\t\t\t<li class=\"elementor-icon-list-item\">\n\t\t\t\t\t\t\t\t\t\t\t<span class=\"elementor-icon-list-icon\">\n\t\t\t\t\t\t\t<i aria-hidden=\"true\" class=\"fas fa-dot-circle\"><\/i>\t\t\t\t\t\t<\/span>\n\t\t\t\t\t\t\t\t\t\t<span class=\"elementor-icon-list-text\"><b>La pr\u00e9paration et la mise \u00e0 niveau des dirigeants administratifs<\/b> afin de les doter des capacit\u00e9s de conceptualisation et de management des programmes de r\u00e9forme et de modernisation en rapport avec les priorit\u00e9s du d\u00e9veloppement administratif et de la bonne gouvernance.<\/span>\n\t\t\t\t\t\t\t\t\t<\/li>\n\t\t\t\t\t\t<\/ul>\n\t\t\t\t<\/div>\n\t\t\t\t<\/div>\n\t\t\t\t\t<\/div>\n\t\t<\/div>\n\t\t\t\t<div class=\"elementor-column elementor-col-50 elementor-top-column elementor-element elementor-element-21ead77\" data-id=\"21ead77\" data-element_type=\"column\">\n\t\t\t<div class=\"elementor-widget-wrap elementor-element-populated\">\n\t\t\t\t\t\t\t\t<div class=\"elementor-element elementor-element-c028938 elementor-icon-list--layout-traditional elementor-list-item-link-full_width elementor-widget elementor-widget-icon-list\" data-id=\"c028938\" data-element_type=\"widget\" data-widget_type=\"icon-list.default\">\n\t\t\t\t<div class=\"elementor-widget-container\">\n\t\t\t\t\t<ul class=\"elementor-icon-list-items\">\n\t\t\t\t\t\t\t<li class=\"elementor-icon-list-item\">\n\t\t\t\t\t\t\t\t\t\t\t<span class=\"elementor-icon-list-icon\">\n\t\t\t\t\t\t\t<i aria-hidden=\"true\" class=\"fas fa-dice-d6\"><\/i>\t\t\t\t\t\t<\/span>\n\t\t\t\t\t\t\t\t\t\t<span class=\"elementor-icon-list-text\"><b>Les consultations, la rec<\/b>herche administrative et la veille strat\u00e9gique ainsi que les \u00e9tudes comparatives sur la r\u00e9forme et la modernisation de l'administration publique et l\u2019inventaire des bonnes pratiques dans le domaine de la gestion publique.<\/span>\n\t\t\t\t\t\t\t\t\t<\/li>\n\t\t\t\t\t\t\t\t<li class=\"elementor-icon-list-item\">\n\t\t\t\t\t\t\t\t\t\t\t<span class=\"elementor-icon-list-icon\">\n\t\t\t\t\t\t\t<i aria-hidden=\"true\" class=\"fas fa-tree\"><\/i>\t\t\t\t\t\t<\/span>\n\t\t\t\t\t\t\t\t\t\t<span class=\"elementor-icon-list-text\"><b>La communication et la p\u00e9dagogie administrative <\/b>pour diffuser les connaissances autour des sciences administratives et des techniques modernes de management public, et ce, \u00e0 travers l'organisation de colloques, de rencontres et de journ\u00e9es d'\u00e9tudes sur des th\u00e8mes prioritaires en rapport avec les r\u00e9formes administratives et les programmes de d\u00e9veloppement \u00e9conomique et social.<\/span>\n\t\t\t\t\t\t\t\t\t<\/li>\n\t\t\t\t\t\t<\/ul>\n\t\t\t\t<\/div>\n\t\t\t\t<\/div>\n\t\t\t\t\t<\/div>\n\t\t<\/div>\n\t\t\t\t\t\t\t<\/div>\n\t\t<\/section>\n\t\t\t\t<section class=\"elementor-section elementor-top-section elementor-element elementor-element-e669608 elementor-section-boxed elementor-section-height-default elementor-section-height-default\" data-id=\"e669608\" data-element_type=\"section\">\n\t\t\t\t\t\t<div class=\"elementor-container elementor-column-gap-default\">\n\t\t\t\t\t<div class=\"elementor-column elementor-col-50 elementor-top-column elementor-element elementor-element-d1d46f9\" data-id=\"d1d46f9\" data-element_type=\"column\">\n\t\t\t<div class=\"elementor-widget-wrap elementor-element-populated\">\n\t\t\t\t\t\t\t\t<div class=\"elementor-element elementor-element-857cd2d elementor-widget elementor-widget-text-editor\" data-id=\"857cd2d\" data-element_type=\"widget\" data-widget_type=\"text-editor.default\">\n\t\t\t\t<div class=\"elementor-widget-container\">\n\t\t\t\t\t<div class=\"elementor-text-editor elementor-clearfix\"><div class=\"elementor-element elementor-element-21e680a3 elementor-widget elementor-widget-rt-heading\" data-id=\"21e680a3\" data-element_type=\"widget\" data-widget_type=\"rt-heading.default\"><div class=\"elementor-widget-container\"><div class=\"rt-heading-wrapper style-5\"><h4 class=\"rt-heading style-5\"><span style=\"text-decoration: underline;\"><span style=\"color: #000080; text-decoration: underline;\">Organigramme<\/span><\/span><\/h4><\/div><\/div><\/div><div class=\"elementor-element elementor-element-74af924 elementor-widget elementor-widget-text-editor\" data-id=\"74af924\" data-element_type=\"widget\" data-widget_type=\"text-editor.default\"><div class=\"elementor-widget-container\"><div class=\"elementor-text-editor elementor-clearfix\"><p><span style=\"color: #000000;\">L\u2019ENA assure les missions suivantes:<\/span><\/p><\/div><\/div><\/div><div class=\"elementor-element elementor-element-3f0e4c0a elementor-widget elementor-widget-text-editor\" data-id=\"3f0e4c0a\" data-element_type=\"widget\" data-widget_type=\"text-editor.default\"><div class=\"elementor-widget-container\"><div class=\"elementor-text-editor elementor-clearfix\"><p><span style=\"color: #000000;\">Conform\u00e9ment au d\u00e9cret n\u00b01885-2007 du 3 juillet 2007, amend\u00e9 par le d\u00e9cret n\u00b02531-2012 du 16 octobre 2012 et par le d\u00e9cret n\u00b04568-2014 du 31 d\u00e9cembre 2014, l\u2019organisation administrative de l\u2019ENA se d\u00e9finit comme suit:<\/span><\/p><\/div><\/div><\/div><\/div>\n\t\t\t\t<\/div>\n\t\t\t\t<\/div>\n\t\t\t\t\t<\/div>\n\t\t<\/div>\n\t\t\t\t<div class=\"elementor-column elementor-col-50 elementor-top-column elementor-element elementor-element-3bfcea1\" data-id=\"3bfcea1\" data-element_type=\"column\">\n\t\t\t<div class=\"elementor-widget-wrap elementor-element-populated\">\n\t\t\t\t\t\t\t\t<div class=\"elementor-element elementor-element-26e3420 elementor-widget elementor-widget-image\" data-id=\"26e3420\" data-element_type=\"widget\" data-widget_type=\"image.default\">\n\t\t\t\t<div class=\"elementor-widget-container\">\n\t\t\t\t\t<div class=\"elementor-image\">\n\t\t\t\t\t\t\t\t\t\t<img loading=\"lazy\" decoding=\"async\" width=\"660\" height=\"433\" src=\"https:\/\/www.ena.tn\/wp-content\/uploads\/2021\/03\/ena-organigramme.png\" class=\"attachment-large size-large\" alt=\"\" srcset=\"https:\/\/www.ena.tn\/wp-content\/uploads\/2021\/03\/ena-organigramme.png 915w, https:\/\/www.ena.tn\/wp-content\/uploads\/2021\/03\/ena-organigramme-300x197.png 300w, https:\/\/www.ena.tn\/wp-content\/uploads\/2021\/03\/ena-organigramme-768x504.png 768w\" sizes=\"auto, (max-width: 660px) 100vw, 660px\" \/>\t\t\t\t\t\t\t\t\t\t\t<\/div>\n\t\t\t\t<\/div>\n\t\t\t\t<\/div>\n\t\t\t\t\t<\/div>\n\t\t<\/div>\n\t\t\t\t\t\t\t<\/div>\n\t\t<\/section>\n\t\t\t\t\t\t<\/div>\n\t\t\t\t\t<\/div>\n\t\t","protected":false},"excerpt":{"rendered":"<p>Missions L\u2019ENA est une institution publique \u00e0 caract\u00e8re administratif. Elle est sous la tutelle du la pr\u00e9sidence du gouvernement et est dot\u00e9e d\u2019un budget rattach\u00e9 au budget g\u00e9n\u00e9ral de l\u2019\u00c9tat. L\u2019ENA assure les missions suivantes: La formation de base au profit des hauts et moyens cadres moyennant la pr\u00e9paration de ceux-ci \u00e0 l&rsquo;exercice des fonctions &hellip; <br \/><a href=\"https:\/\/www.ena.tn\/fr\/lena-se-presente\/missions-et-organigramme\/\" class=\"more-link\">Continue reading <span class=\"screen-reader-text\">Missions et Organigramme<\/span><\/a><\/p>\n","protected":false},"author":1,"featured_media":0,"parent":5557,"menu_order":0,"comment_status":"closed","ping_status":"closed","template":"","meta":{"footnotes":""},"class_list":["post-5084","page","type-page","status-publish","hentry"],"_links":{"self":[{"href":"https:\/\/www.ena.tn\/fr\/wp-json\/wp\/v2\/pages\/5084","targetHints":{"allow":["GET"]}}],"collection":[{"href":"https:\/\/www.ena.tn\/fr\/wp-json\/wp\/v2\/pages"}],"about":[{"href":"https:\/\/www.ena.tn\/fr\/wp-json\/wp\/v2\/types\/page"}],"author":[{"embeddable":true,"href":"https:\/\/www.ena.tn\/fr\/wp-json\/wp\/v2\/users\/1"}],"replies":[{"embeddable":true,"href":"https:\/\/www.ena.tn\/fr\/wp-json\/wp\/v2\/comments?post=5084"}],"version-history":[{"count":38,"href":"https:\/\/www.ena.tn\/fr\/wp-json\/wp\/v2\/pages\/5084\/revisions"}],"predecessor-version":[{"id":5573,"href":"https:\/\/www.ena.tn\/fr\/wp-json\/wp\/v2\/pages\/5084\/revisions\/5573"}],"up":[{"embeddable":true,"href":"https:\/\/www.ena.tn\/fr\/wp-json\/wp\/v2\/pages\/5557"}],"wp:attachment":[{"href":"https:\/\/www.ena.tn\/fr\/wp-json\/wp\/v2\/media?parent=5084"}],"curies":[{"name":"wp","href":"https:\/\/api.w.org\/{rel}","templated":true}]}}