{"id":5188,"date":"2021-03-18T17:03:49","date_gmt":"2021-03-18T16:03:49","guid":{"rendered":"http:\/\/193.95.2.39\/?page_id=5188"},"modified":"2021-03-20T21:44:31","modified_gmt":"2021-03-20T20:44:31","slug":"programmes-et-interventions","status":"publish","type":"page","link":"https:\/\/www.ena.tn\/fr\/lena-se-presente\/programmes-et-interventions\/","title":{"rendered":"Programmes et interventions"},"content":{"rendered":"\t\t<div data-elementor-type=\"wp-page\" data-elementor-id=\"5188\" class=\"elementor elementor-5188\" data-elementor-settings=\"[]\">\n\t\t\t\t\t\t\t<div class=\"elementor-section-wrap\">\n\t\t\t\t\t\t\t<section class=\"elementor-section elementor-top-section elementor-element elementor-element-5e927fa elementor-section-boxed elementor-section-height-default elementor-section-height-default\" data-id=\"5e927fa\" data-element_type=\"section\">\n\t\t\t\t\t\t<div class=\"elementor-container elementor-column-gap-default\">\n\t\t\t\t\t<div class=\"elementor-column elementor-col-33 elementor-top-column elementor-element elementor-element-3f6e5b0\" data-id=\"3f6e5b0\" data-element_type=\"column\">\n\t\t\t<div class=\"elementor-widget-wrap elementor-element-populated\">\n\t\t\t\t\t\t\t\t<div class=\"elementor-element elementor-element-08163f9 elementor-widget elementor-widget-image\" data-id=\"08163f9\" data-element_type=\"widget\" data-widget_type=\"image.default\">\n\t\t\t\t<div class=\"elementor-widget-container\">\n\t\t\t\t\t<div class=\"elementor-image\">\n\t\t\t\t\t\t\t\t\t\t<img loading=\"lazy\" decoding=\"async\" width=\"660\" height=\"440\" src=\"https:\/\/www.ena.tn\/wp-content\/uploads\/2021\/03\/IMG_4459-1024x683.jpg\" class=\"attachment-large size-large\" alt=\"\" srcset=\"https:\/\/www.ena.tn\/wp-content\/uploads\/2021\/03\/IMG_4459-1024x683.jpg 1024w, https:\/\/www.ena.tn\/wp-content\/uploads\/2021\/03\/IMG_4459-300x200.jpg 300w, https:\/\/www.ena.tn\/wp-content\/uploads\/2021\/03\/IMG_4459-768x512.jpg 768w, https:\/\/www.ena.tn\/wp-content\/uploads\/2021\/03\/IMG_4459-1536x1024.jpg 1536w, https:\/\/www.ena.tn\/wp-content\/uploads\/2021\/03\/IMG_4459-2048x1365.jpg 2048w\" sizes=\"auto, (max-width: 660px) 100vw, 660px\" \/>\t\t\t\t\t\t\t\t\t\t\t<\/div>\n\t\t\t\t<\/div>\n\t\t\t\t<\/div>\n\t\t\t\t\t<\/div>\n\t\t<\/div>\n\t\t\t\t<div class=\"elementor-column elementor-col-66 elementor-top-column elementor-element elementor-element-f9efaf3\" data-id=\"f9efaf3\" data-element_type=\"column\">\n\t\t\t<div class=\"elementor-widget-wrap elementor-element-populated\">\n\t\t\t\t\t\t\t\t<div class=\"elementor-element elementor-element-8019e8e elementor-widget elementor-widget-text-editor\" data-id=\"8019e8e\" data-element_type=\"widget\" data-widget_type=\"text-editor.default\">\n\t\t\t\t<div class=\"elementor-widget-container\">\n\t\t\t\t\t<div class=\"elementor-text-editor elementor-clearfix\"><h5><span style=\"color: #000000;\">L\u2019\u00c9cole Nationale d\u2019Administration assure une offre de services \u00e0 l\u2019environnement administratif en particulier et institutionnel d\u2019une mani\u00e8re g\u00e9n\u00e9rale, qui se distingue par la globalit\u00e9 et la diversit\u00e9, tel que pr\u00e9cis\u00e9 au niveau du tableau suivant\u00a0:<\/span><\/h5><\/div>\n\t\t\t\t<\/div>\n\t\t\t\t<\/div>\n\t\t\t\t\t<\/div>\n\t\t<\/div>\n\t\t\t\t\t\t\t<\/div>\n\t\t<\/section>\n\t\t\t\t<section class=\"elementor-section elementor-top-section elementor-element elementor-element-8fa32f2 elementor-section-boxed elementor-section-height-default elementor-section-height-default\" data-id=\"8fa32f2\" data-element_type=\"section\">\n\t\t\t\t\t\t<div class=\"elementor-container elementor-column-gap-default\">\n\t\t\t\t\t<div class=\"elementor-column elementor-col-100 elementor-top-column elementor-element elementor-element-34f4d39\" data-id=\"34f4d39\" data-element_type=\"column\">\n\t\t\t<div class=\"elementor-widget-wrap elementor-element-populated\">\n\t\t\t\t\t\t\t\t<div class=\"elementor-element elementor-element-c327e38 elementor-widget elementor-widget-html\" data-id=\"c327e38\" data-element_type=\"widget\" data-widget_type=\"html.default\">\n\t\t\t\t<div class=\"elementor-widget-container\">\n\t\t\t<table>\r\n<thead>\r\n<tr>\r\n<td style=\"width: 25%; background-color: #294274;color:white; font-weight: bold;\">Cycle de formation<\/td>\r\n<td style=\"width: 25%; background-color: #c20c0d;color:white; font-weight: bold;\">Public cible<\/td>\r\n<td style=\"width: 25%; background-color: #294274;color:white; font-weight: bold;\">Objectifs de la formation<\/td>\r\n<td style=\"width: 10%; background-color: #c20c0d;color:white; font-weight: bold;\">Duree de la formation<\/td>\r\n<\/tr>\r\n<\/thead>\r\n<tbody style=\"color:black;\">\r\n<tr >\r\n<td><span>Cycle sup&eacute;rieur<\/span><\/td>\r\n<td><span>Titulaires d&rsquo;un Master en sciences &eacute;conomiques, gestion, sciences juridiques, et ing&eacute;nieurs dans certaines sp&eacute;cialit&eacute;s<\/span><\/td>\r\n<td><span>Pr&eacute;paration professionnelle, scientifique, et psychologique &agrave; l&rsquo;exercice des hautes fonctions, renforcement des capacit&eacute;s d&rsquo;encadrement et de direction en coh&eacute;rence avec les politiques nationales en mati&egrave;re de renforcement des comp&eacute;tences humaines et de la modernisation de l&rsquo;administration publique<\/span><\/td>\r\n<td><span>30 mois<\/span><\/td>\r\n<\/tr>\r\n<tr>\r\n<td rowspan=\"4\"><span><br \/><\/span><span>Formation continue<\/span><span><br \/><\/span><span><br \/><\/span><\/td>\r\n<td><span>Cycle de formation continue pour la promotion au grade d&rsquo;administrateur conseiller ou &eacute;quivalent<\/span><\/td>\r\n<td rowspan=\"3\"><span>- Am&eacute;lioration des aptitudes et des comp&eacute;tences des b&eacute;n&eacute;ficiaires de la formation dans des domaines tels que le management administratif et la bonne gouvernance - La promotion automatique au grade imm&eacute;diatement sup&eacute;rieur d&egrave;s l&rsquo;ach&egrave;vement de la formation<\/span><span><br \/><\/span><span><br \/><\/span><span><br \/><\/span><\/td>\r\n<td><span>6 mois<\/span><\/td>\r\n<\/tr>\r\n<tr>\r\n<td><span>Cycle de formation continue pour la promotion au grade d&rsquo;administrateur ou &eacute;quivalent<\/span><\/td>\r\n<td><span>6 mois<\/span><\/td>\r\n<\/tr>\r\n<tr>\r\n<td><span>Cycle de formation continue pour la promotion au grade d&rsquo;attach&eacute; administratif ou &eacute;quivalent<\/span><\/td>\r\n<td><span>6 mois<\/span><\/td>\r\n<\/tr>\r\n<tr>\r\n<td><span>Cycles courts de formation &agrave; la demande<\/span><\/td>\r\n<td><span>Am&eacute;lioration des comp&eacute;tences des cadres administratifs en mati&egrave;re de gestion administrative moderne<\/span><\/td>\r\n<td><span>De 3 jours &agrave; 1 mois<\/span><\/td>\r\n<\/tr>\r\n<tr>\r\n<td rowspan=\"2\"><span>Leadership administratif<\/span><br \/><span><br \/><\/span><\/td>\r\n<td><span>Directeur d&rsquo;administration centrale ou &eacute;quivalent<\/span><\/td>\r\n<td><span>D&eacute;veloppement des capacit&eacute;s des hauts cadres administratifs principalement dans les domaines li&eacute;s au leadership, &agrave; la gestion administrative moderne, et aux techniques de l&rsquo;innovation et du renouveau administratif<\/span><\/td>\r\n<td><span>2 mois<\/span><\/td>\r\n<\/tr>\r\n<tr>\r\n<td><span>Directeur G&eacute;n&eacute;ral d&rsquo;administration centrale ou &eacute;quivalent<\/span><\/td>\r\n<td><span>D&eacute;veloppement des capacit&eacute;s des hauts cadres administratifs principalement dans les domaines li&eacute;s au leadership &agrave; la gestion administrative moderne, et aux techniques de l&rsquo;innovation et du renouveau administratif<\/span><\/td>\r\n<td><span>7 mois<\/span><\/td>\r\n<\/tr>\r\n<tr>\r\n<td><span>Bonne gouvernance<\/span><\/td>\r\n<td><span>Cadres du secteur public et priv&eacute; et de la soci&eacute;t&eacute; civile<\/span><\/td>\r\n<td><span>Renforcement des capacit&eacute;s des cadres administratifs du secteur priv&eacute; et de la soci&eacute;t&eacute; civile aux niveaux central, r&eacute;gional et local dans le domaine de la bonne gouvernance.<\/span><\/td>\r\n<td><span>8 mois<\/span><\/td>\r\n<\/tr>\r\n<\/tbody>\r\n<\/table>\t\t<\/div>\n\t\t\t\t<\/div>\n\t\t\t\t\t<\/div>\n\t\t<\/div>\n\t\t\t\t\t\t\t<\/div>\n\t\t<\/section>\n\t\t\t\t<section class=\"elementor-section elementor-top-section elementor-element elementor-element-198f1c5 elementor-section-boxed elementor-section-height-default elementor-section-height-default\" data-id=\"198f1c5\" data-element_type=\"section\">\n\t\t\t\t\t\t<div class=\"elementor-container elementor-column-gap-default\">\n\t\t\t\t\t<div class=\"elementor-column elementor-col-33 elementor-top-column elementor-element elementor-element-6c7f780\" data-id=\"6c7f780\" data-element_type=\"column\">\n\t\t\t<div class=\"elementor-widget-wrap elementor-element-populated\">\n\t\t\t\t\t\t\t\t<div class=\"elementor-element elementor-element-925922d elementor-widget elementor-widget-heading\" data-id=\"925922d\" data-element_type=\"widget\" data-widget_type=\"heading.default\">\n\t\t\t\t<div class=\"elementor-widget-container\">\n\t\t\t<h2 class=\"elementor-heading-title elementor-size-default\"><span style=\"color: rgb(41, 66, 116); font-family: &quot;Myriad Pro&quot;; white-space: normal;\"><u>Les services de conseil et de recherche<\/u><\/span><\/h2>\t\t<\/div>\n\t\t\t\t<\/div>\n\t\t\t\t\t<\/div>\n\t\t<\/div>\n\t\t\t\t<div class=\"elementor-column elementor-col-66 elementor-top-column elementor-element elementor-element-90268bc\" data-id=\"90268bc\" data-element_type=\"column\">\n\t\t\t<div class=\"elementor-widget-wrap elementor-element-populated\">\n\t\t\t\t\t\t\t\t<div class=\"elementor-element elementor-element-872cb50 elementor-icon-list--layout-traditional elementor-list-item-link-full_width elementor-widget elementor-widget-icon-list\" data-id=\"872cb50\" data-element_type=\"widget\" data-widget_type=\"icon-list.default\">\n\t\t\t\t<div class=\"elementor-widget-container\">\n\t\t\t\t\t<ul class=\"elementor-icon-list-items\">\n\t\t\t\t\t\t\t<li class=\"elementor-icon-list-item\">\n\t\t\t\t\t\t\t\t\t\t\t<span class=\"elementor-icon-list-icon\">\n\t\t\t\t\t\t\t<i aria-hidden=\"true\" class=\"fas fa-check\"><\/i>\t\t\t\t\t\t<\/span>\n\t\t\t\t\t\t\t\t\t\t<span class=\"elementor-icon-list-text\">R\u00e9alisation, \u00e0 la demande, d\u2019\u00e9tudes destin\u00e9es aux administrations, aux institutions et entreprises publiques dans les domaines de la gestion publique et des organisations administratives.<\/span>\n\t\t\t\t\t\t\t\t\t<\/li>\n\t\t\t\t\t\t\t\t<li class=\"elementor-icon-list-item\">\n\t\t\t\t\t\t\t\t\t\t\t<span class=\"elementor-icon-list-icon\">\n\t\t\t\t\t\t\t<i aria-hidden=\"true\" class=\"fas fa-times\"><\/i>\t\t\t\t\t\t<\/span>\n\t\t\t\t\t\t\t\t\t\t<span class=\"elementor-icon-list-text\">R\u00e9alisation d\u2019une banque de donn\u00e9es relative aux recherches et \u00e9tudes au sujet de la r\u00e9forme administrative, ainsi que des innovations reconnues dans le domaine du management public.<\/span>\n\t\t\t\t\t\t\t\t\t<\/li>\n\t\t\t\t\t\t\t\t<li class=\"elementor-icon-list-item\">\n\t\t\t\t\t\t\t\t\t\t\t<span class=\"elementor-icon-list-icon\">\n\t\t\t\t\t\t\t<i aria-hidden=\"true\" class=\"fas fa-dot-circle\"><\/i>\t\t\t\t\t\t<\/span>\n\t\t\t\t\t\t\t\t\t\t<span class=\"elementor-icon-list-text\">Organisation de rencontres acad\u00e9miques et de journ\u00e9es d\u2019\u00e9tudes autour des sujets li\u00e9s \u00e0 l\u2019administration publique.<\/span>\n\t\t\t\t\t\t\t\t\t<\/li>\n\t\t\t\t\t\t<\/ul>\n\t\t\t\t<\/div>\n\t\t\t\t<\/div>\n\t\t\t\t\t<\/div>\n\t\t<\/div>\n\t\t\t\t\t\t\t<\/div>\n\t\t<\/section>\n\t\t\t\t\t\t<\/div>\n\t\t\t\t\t<\/div>\n\t\t","protected":false},"excerpt":{"rendered":"<p>L\u2019\u00c9cole Nationale d\u2019Administration assure une offre de services \u00e0 l\u2019environnement administratif en particulier et institutionnel d\u2019une mani\u00e8re g\u00e9n\u00e9rale, qui se distingue par la globalit\u00e9 et la diversit\u00e9, tel que pr\u00e9cis\u00e9 au niveau du tableau suivant&nbsp;: Cycle de formation Public cible Objectifs de la formation Duree de la formation Cycle sup\u00e9rieur Titulaires d\u2019un Master en sciences &hellip; <br \/><a href=\"https:\/\/www.ena.tn\/fr\/lena-se-presente\/programmes-et-interventions\/\" class=\"more-link\">Continue reading <span class=\"screen-reader-text\">Programmes et interventions<\/span><\/a><\/p>\n","protected":false},"author":1,"featured_media":0,"parent":5557,"menu_order":0,"comment_status":"closed","ping_status":"closed","template":"","meta":{"footnotes":""},"class_list":["post-5188","page","type-page","status-publish","hentry"],"_links":{"self":[{"href":"https:\/\/www.ena.tn\/fr\/wp-json\/wp\/v2\/pages\/5188","targetHints":{"allow":["GET"]}}],"collection":[{"href":"https:\/\/www.ena.tn\/fr\/wp-json\/wp\/v2\/pages"}],"about":[{"href":"https:\/\/www.ena.tn\/fr\/wp-json\/wp\/v2\/types\/page"}],"author":[{"embeddable":true,"href":"https:\/\/www.ena.tn\/fr\/wp-json\/wp\/v2\/users\/1"}],"replies":[{"embeddable":true,"href":"https:\/\/www.ena.tn\/fr\/wp-json\/wp\/v2\/comments?post=5188"}],"version-history":[{"count":31,"href":"https:\/\/www.ena.tn\/fr\/wp-json\/wp\/v2\/pages\/5188\/revisions"}],"predecessor-version":[{"id":5574,"href":"https:\/\/www.ena.tn\/fr\/wp-json\/wp\/v2\/pages\/5188\/revisions\/5574"}],"up":[{"embeddable":true,"href":"https:\/\/www.ena.tn\/fr\/wp-json\/wp\/v2\/pages\/5557"}],"wp:attachment":[{"href":"https:\/\/www.ena.tn\/fr\/wp-json\/wp\/v2\/media?parent=5188"}],"curies":[{"name":"wp","href":"https:\/\/api.w.org\/{rel}","templated":true}]}}