{"id":5453,"date":"2021-03-19T16:31:51","date_gmt":"2021-03-19T15:31:51","guid":{"rendered":"http:\/\/193.95.2.39\/?page_id=5453"},"modified":"2021-03-20T21:46:05","modified_gmt":"2021-03-20T20:46:05","slug":"ressources-documentaires-et-espaces-pedagogiques","status":"publish","type":"page","link":"https:\/\/www.ena.tn\/fr\/lena-se-presente\/ressources-documentaires-et-espaces-pedagogiques\/","title":{"rendered":"Ressources documentaires et espaces p\u00e9dagogiques"},"content":{"rendered":"\t\t<div data-elementor-type=\"wp-page\" data-elementor-id=\"5453\" class=\"elementor elementor-5453\" data-elementor-settings=\"[]\">\n\t\t\t\t\t\t\t<div class=\"elementor-section-wrap\">\n\t\t\t\t\t\t\t<section class=\"elementor-section elementor-top-section elementor-element elementor-element-5521170 elementor-section-boxed elementor-section-height-default elementor-section-height-default\" data-id=\"5521170\" data-element_type=\"section\" data-settings=\"{&quot;background_background&quot;:&quot;classic&quot;}\">\n\t\t\t\t\t\t<div class=\"elementor-container elementor-column-gap-default\">\n\t\t\t\t\t<div class=\"elementor-column elementor-col-25 elementor-top-column elementor-element elementor-element-da60cab\" data-id=\"da60cab\" data-element_type=\"column\">\n\t\t\t<div class=\"elementor-widget-wrap elementor-element-populated\">\n\t\t\t\t\t\t\t\t<div class=\"elementor-element elementor-element-011ff78 elementor-widget elementor-widget-text-editor\" data-id=\"011ff78\" data-element_type=\"widget\" data-widget_type=\"text-editor.default\">\n\t\t\t\t<div class=\"elementor-widget-container\">\n\t\t\t\t\t<div class=\"elementor-text-editor elementor-clearfix\"><div class=\"elementor-element elementor-element-452707f0 elementor-widget elementor-widget-rt-heading\" data-id=\"452707f0\" data-element_type=\"widget\" data-widget_type=\"rt-heading.default\"><div class=\"elementor-widget-container\"><div class=\"rt-heading-wrapper style-5\"><h2 class=\"rt-heading style-5\"><span style=\"color: #000080;\">Le fonds documentaire<\/span><\/h2><\/div><\/div><\/div><div class=\"elementor-element elementor-element-b23ef64 elementor-widget elementor-widget-text-editor\" data-id=\"b23ef64\" data-element_type=\"widget\" data-widget_type=\"text-editor.default\"><div class=\"elementor-widget-container\"><div class=\"elementor-text-editor elementor-clearfix\"><p><span style=\"color: #000000;\">Le fonds documentaire disponible \u00e0 la biblioth\u00e8que de l\u2019\u00c9cole Nationale d\u2019Administration compte pr\u00e8s de 65 000 titres r\u00e9partis comme suit :<\/span><\/p><\/div><\/div><\/div><\/div>\n\t\t\t\t<\/div>\n\t\t\t\t<\/div>\n\t\t\t\t\t<\/div>\n\t\t<\/div>\n\t\t\t\t<div class=\"elementor-column elementor-col-25 elementor-top-column elementor-element elementor-element-5bdbb1a\" data-id=\"5bdbb1a\" data-element_type=\"column\">\n\t\t\t<div class=\"elementor-widget-wrap elementor-element-populated\">\n\t\t\t\t\t\t\t\t<div class=\"elementor-element elementor-element-8f11aa1 elementor-widget elementor-widget-counter\" data-id=\"8f11aa1\" data-element_type=\"widget\" data-widget_type=\"counter.default\">\n\t\t\t\t<div class=\"elementor-widget-container\">\n\t\t\t\t\t<div class=\"elementor-counter\">\n\t\t\t<div class=\"elementor-counter-number-wrapper\">\n\t\t\t\t<span class=\"elementor-counter-number-prefix\"><\/span>\n\t\t\t\t<span class=\"elementor-counter-number\" data-duration=\"1000\" data-to-value=\"47400\" data-from-value=\"0\" data-delimiter=\" \">0<\/span>\n\t\t\t\t<span class=\"elementor-counter-number-suffix\"><\/span>\n\t\t\t<\/div>\n\t\t\t\t\t\t\t<div class=\"elementor-counter-title\">Titres en langue <br> fran\u00e7aise<\/div>\n\t\t\t\t\t<\/div>\n\t\t\t\t<\/div>\n\t\t\t\t<\/div>\n\t\t\t\t\t<\/div>\n\t\t<\/div>\n\t\t\t\t<div class=\"elementor-column elementor-col-25 elementor-top-column elementor-element elementor-element-3ba5125\" data-id=\"3ba5125\" data-element_type=\"column\">\n\t\t\t<div class=\"elementor-widget-wrap elementor-element-populated\">\n\t\t\t\t\t\t\t\t<div class=\"elementor-element elementor-element-b323433 elementor-widget elementor-widget-counter\" data-id=\"b323433\" data-element_type=\"widget\" data-widget_type=\"counter.default\">\n\t\t\t\t<div class=\"elementor-widget-container\">\n\t\t\t\t\t<div class=\"elementor-counter\">\n\t\t\t<div class=\"elementor-counter-number-wrapper\">\n\t\t\t\t<span class=\"elementor-counter-number-prefix\"><\/span>\n\t\t\t\t<span class=\"elementor-counter-number\" data-duration=\"1000\" data-to-value=\"14077\" data-from-value=\"0\" data-delimiter=\" \">0<\/span>\n\t\t\t\t<span class=\"elementor-counter-number-suffix\"><\/span>\n\t\t\t<\/div>\n\t\t\t\t\t\t\t<div class=\"elementor-counter-title\">Titres en langue <br>arabe<\/div>\n\t\t\t\t\t<\/div>\n\t\t\t\t<\/div>\n\t\t\t\t<\/div>\n\t\t\t\t\t<\/div>\n\t\t<\/div>\n\t\t\t\t<div class=\"elementor-column elementor-col-25 elementor-top-column elementor-element elementor-element-8ea8b3f\" data-id=\"8ea8b3f\" data-element_type=\"column\">\n\t\t\t<div class=\"elementor-widget-wrap elementor-element-populated\">\n\t\t\t\t\t\t\t\t<div class=\"elementor-element elementor-element-0319e6e elementor-widget elementor-widget-counter\" data-id=\"0319e6e\" data-element_type=\"widget\" data-widget_type=\"counter.default\">\n\t\t\t\t<div class=\"elementor-widget-container\">\n\t\t\t\t\t<div class=\"elementor-counter\">\n\t\t\t<div class=\"elementor-counter-number-wrapper\">\n\t\t\t\t<span class=\"elementor-counter-number-prefix\"><\/span>\n\t\t\t\t<span class=\"elementor-counter-number\" data-duration=\"1000\" data-to-value=\"3155\" data-from-value=\"0\" data-delimiter=\" \">0<\/span>\n\t\t\t\t<span class=\"elementor-counter-number-suffix\"><\/span>\n\t\t\t<\/div>\n\t\t\t\t\t\t\t<div class=\"elementor-counter-title\">Titres en langue<br> anglaise<\/div>\n\t\t\t\t\t<\/div>\n\t\t\t\t<\/div>\n\t\t\t\t<\/div>\n\t\t\t\t\t<\/div>\n\t\t<\/div>\n\t\t\t\t\t\t\t<\/div>\n\t\t<\/section>\n\t\t\t\t<section class=\"elementor-section elementor-top-section elementor-element elementor-element-a3560f3 elementor-section-boxed elementor-section-height-default elementor-section-height-default\" data-id=\"a3560f3\" data-element_type=\"section\">\n\t\t\t\t\t\t<div class=\"elementor-container elementor-column-gap-default\">\n\t\t\t\t\t<div class=\"elementor-column elementor-col-16 elementor-top-column elementor-element elementor-element-f62feec\" data-id=\"f62feec\" data-element_type=\"column\">\n\t\t\t<div class=\"elementor-widget-wrap\">\n\t\t\t\t\t\t\t\t\t<\/div>\n\t\t<\/div>\n\t\t\t\t<div class=\"elementor-column elementor-col-66 elementor-top-column elementor-element elementor-element-945e498\" data-id=\"945e498\" data-element_type=\"column\">\n\t\t\t<div class=\"elementor-widget-wrap elementor-element-populated\">\n\t\t\t\t\t\t\t\t<div class=\"elementor-element elementor-element-2125a6b elementor-widget elementor-widget-text-editor\" data-id=\"2125a6b\" data-element_type=\"widget\" data-widget_type=\"text-editor.default\">\n\t\t\t\t<div class=\"elementor-widget-container\">\n\t\t\t\t\t<div class=\"elementor-text-editor elementor-clearfix\"><div class=\"elementor-element elementor-element-41625856 elementor-widget elementor-widget-text-editor\" data-id=\"41625856\" data-element_type=\"widget\" data-widget_type=\"text-editor.default\"><div class=\"elementor-widget-container\"><div class=\"elementor-text-editor elementor-clearfix\"><p><span style=\"color: #000000;\">Ce fonds documentaire couvre les sciences administratives, politiques, juridiques, \u00e9conomiques et sociales ainsi que les relations internationales et la bonne gouvernance<\/span><\/p><p><span style=\"color: #000000;\">Toutes les r\u00e9f\u00e9rences biblioth\u00e9caires peuvent \u00eatre consult\u00e9es rapidement par recherche \u00e0 distance sur le Site de l\u2019ENA<span style=\"color: #000080;\">\u00a0<strong><a style=\"color: #000080;\" href=\"http:\/\/www.ena.tn\/\">www.ena.tn<\/a><\/strong>\u00a0<\/span>et \u00e0 travers le lien\u00a0suivant:<\/span><\/p><\/div><\/div><\/div><div class=\"elementor-element elementor-element-4344bc09 elementor-widget elementor-widget-divider\" data-id=\"4344bc09\" data-element_type=\"widget\" data-widget_type=\"divider.default\"><div class=\"elementor-widget-container\"><div class=\"elementor-divider\">\u00a0<\/div><\/div><\/div><\/div>\n\t\t\t\t<\/div>\n\t\t\t\t<\/div>\n\t\t\t\t<section class=\"elementor-section elementor-inner-section elementor-element elementor-element-98b28c4 elementor-section-boxed elementor-section-height-default elementor-section-height-default\" data-id=\"98b28c4\" data-element_type=\"section\">\n\t\t\t\t\t\t<div class=\"elementor-container elementor-column-gap-default\">\n\t\t\t\t\t<div class=\"elementor-column elementor-col-100 elementor-inner-column elementor-element elementor-element-3348039\" data-id=\"3348039\" data-element_type=\"column\">\n\t\t\t<div class=\"elementor-widget-wrap elementor-element-populated\">\n\t\t\t\t\t\t\t\t<div class=\"elementor-element elementor-element-0e762eb elementor-widget elementor-widget-image\" data-id=\"0e762eb\" data-element_type=\"widget\" data-widget_type=\"image.default\">\n\t\t\t\t<div class=\"elementor-widget-container\">\n\t\t\t\t\t<div class=\"elementor-image\">\n\t\t\t\t\t\t\t\t\t\t\t<a href=\"http:\/\/bibliotheque.ena.nat.tn\/\" target=\"_blank\">\n\t\t\t\t\t\t\t<img loading=\"lazy\" decoding=\"async\" width=\"240\" height=\"144\" src=\"https:\/\/www.ena.tn\/wp-content\/uploads\/2021\/03\/bib-en-ligne.jpg\" class=\"attachment-large size-large\" alt=\"\" \/>\t\t\t\t\t\t\t\t<\/a>\n\t\t\t\t\t\t\t\t\t\t\t<\/div>\n\t\t\t\t<\/div>\n\t\t\t\t<\/div>\n\t\t\t\t\t<\/div>\n\t\t<\/div>\n\t\t\t\t\t\t\t<\/div>\n\t\t<\/section>\n\t\t\t\t\t<\/div>\n\t\t<\/div>\n\t\t\t\t<div class=\"elementor-column elementor-col-16 elementor-top-column elementor-element elementor-element-e9daf11\" data-id=\"e9daf11\" data-element_type=\"column\">\n\t\t\t<div class=\"elementor-widget-wrap\">\n\t\t\t\t\t\t\t\t\t<\/div>\n\t\t<\/div>\n\t\t\t\t\t\t\t<\/div>\n\t\t<\/section>\n\t\t\t\t<section class=\"elementor-section elementor-top-section elementor-element elementor-element-96d46b2 elementor-section-boxed elementor-section-height-default elementor-section-height-default\" data-id=\"96d46b2\" data-element_type=\"section\" data-settings=\"{&quot;background_background&quot;:&quot;classic&quot;}\">\n\t\t\t\t\t\t<div class=\"elementor-container elementor-column-gap-default\">\n\t\t\t\t\t<div class=\"elementor-column elementor-col-50 elementor-top-column elementor-element elementor-element-b02f190\" data-id=\"b02f190\" data-element_type=\"column\">\n\t\t\t<div class=\"elementor-widget-wrap elementor-element-populated\">\n\t\t\t\t\t\t\t\t<div class=\"elementor-element elementor-element-a9806da elementor-widget elementor-widget-text-editor\" data-id=\"a9806da\" data-element_type=\"widget\" data-widget_type=\"text-editor.default\">\n\t\t\t\t<div class=\"elementor-widget-container\">\n\t\t\t\t\t<div class=\"elementor-text-editor elementor-clearfix\"><div class=\"elementor-element elementor-element-3b74cc09 elementor-widget elementor-widget-rt-heading\" data-id=\"3b74cc09\" data-element_type=\"widget\" data-widget_type=\"rt-heading.default\"><div class=\"elementor-widget-container\"><div class=\"rt-heading-wrapper style-5\"><h2 class=\"rt-heading style-5\"><span style=\"color: #003366;\">Les espaces p\u00e9dagogiques<\/span><\/h2><\/div><\/div><\/div><div class=\"elementor-element elementor-element-1a9f6fc0 elementor-widget elementor-widget-text-editor\" data-id=\"1a9f6fc0\" data-element_type=\"widget\" data-widget_type=\"text-editor.default\"><div class=\"elementor-widget-container\"><div class=\"elementor-text-editor elementor-clearfix\"><p><span style=\"color: #000000;\">L\u2019\u00c9cole Nationale d\u2019Administration dispose de trois types d\u2019espaces d\u00e9di\u00e9s \u00e0 la formation\u00a0:<\/span><\/p><\/div><\/div><\/div><\/div>\n\t\t\t\t<\/div>\n\t\t\t\t<\/div>\n\t\t\t\t\t<\/div>\n\t\t<\/div>\n\t\t\t\t<div class=\"elementor-column elementor-col-50 elementor-top-column elementor-element elementor-element-c26e19c\" data-id=\"c26e19c\" data-element_type=\"column\">\n\t\t\t<div class=\"elementor-widget-wrap elementor-element-populated\">\n\t\t\t\t\t\t\t\t<div class=\"elementor-element elementor-element-0b2717f elementor-widget elementor-widget-accordion\" data-id=\"0b2717f\" data-element_type=\"widget\" data-widget_type=\"accordion.default\">\n\t\t\t\t<div class=\"elementor-widget-container\">\n\t\t\t\t\t<div class=\"elementor-accordion\" role=\"tablist\">\n\t\t\t\t\t\t\t<div class=\"elementor-accordion-item\">\n\t\t\t\t\t<div id=\"elementor-tab-title-1161\" class=\"elementor-tab-title\" data-tab=\"1\" role=\"tab\" aria-controls=\"elementor-tab-content-1161\" aria-expanded=\"false\">\n\t\t\t\t\t\t\t\t\t\t\t\t\t<span class=\"elementor-accordion-icon elementor-accordion-icon-right\" aria-hidden=\"true\">\n\t\t\t\t\t\t\t\t\t\t\t\t\t\t\t<span class=\"elementor-accordion-icon-closed\"><i class=\"fas fa-plus\"><\/i><\/span>\n\t\t\t\t\t\t\t\t<span class=\"elementor-accordion-icon-opened\"><i class=\"fas fa-minus\"><\/i><\/span>\n\t\t\t\t\t\t\t\t\t\t\t\t\t\t<\/span>\n\t\t\t\t\t\t\t\t\t\t\t\t<a class=\"elementor-accordion-title\" href=\"\">1 Les espaces r\u00e9serv\u00e9s aux conf\u00e9rences et aux rencontres: au nombre de 3<\/a>\n\t\t\t\t\t<\/div>\n\t\t\t\t\t<div id=\"elementor-tab-content-1161\" class=\"elementor-tab-content elementor-clearfix\" data-tab=\"1\" role=\"tabpanel\" aria-labelledby=\"elementor-tab-title-1161\"><table border=\"1\" style=\"border-collapse: collapse; color:black; width: 100%; height: 90px;\">\n<tbody>\n<tr >\n<td style=\"width: 50%; background-color: #294274;  text-align: center;\"><strong>Espace<\/strong><\/td>\n<td style=\"width: 50%; background-color: #c20c0d;  text-align: center;\"><strong>Capacit&eacute; d&rsquo;accueil<\/strong><\/td>\n<\/tr>\n<tr >\n<td style=\"width: 50%; text-align: center;\"><strong>Amphith&eacute;&acirc;tre Elyssa<\/strong><\/td>\n<td style=\"width: 50%;text-align: center;\"><strong>300<\/strong><\/td>\n<\/tr>\n<tr >\n<td style=\"width: 50%;  text-align: center;\"><strong>Salle Kheireddine Pacha<\/strong><\/td>\n<td style=\"width: 50%; text-align: center;\"><strong>100<\/strong><\/td>\n<\/tr>\n<tr >\n<td style=\"width: 50%; text-align: center;\"><strong>Salle Jugurtha<\/strong><\/td>\n<td style=\"width: 50%;text-align: center;\"><strong>80<\/strong><\/td>\n<\/tr>\n<tr >\n<td style=\"width: 50%; text-align: center;\"><strong>Total<\/strong><\/td>\n<td style=\"width: 50%; text-align: center;\"><strong>480<\/strong><\/td>\n<\/tr>\n<\/tbody>\n<\/table><\/div>\n\t\t\t\t<\/div>\n\t\t\t\t\t\t\t<div class=\"elementor-accordion-item\">\n\t\t\t\t\t<div id=\"elementor-tab-title-1162\" class=\"elementor-tab-title\" data-tab=\"2\" role=\"tab\" aria-controls=\"elementor-tab-content-1162\" aria-expanded=\"false\">\n\t\t\t\t\t\t\t\t\t\t\t\t\t<span class=\"elementor-accordion-icon elementor-accordion-icon-right\" aria-hidden=\"true\">\n\t\t\t\t\t\t\t\t\t\t\t\t\t\t\t<span class=\"elementor-accordion-icon-closed\"><i class=\"fas fa-plus\"><\/i><\/span>\n\t\t\t\t\t\t\t\t<span class=\"elementor-accordion-icon-opened\"><i class=\"fas fa-minus\"><\/i><\/span>\n\t\t\t\t\t\t\t\t\t\t\t\t\t\t<\/span>\n\t\t\t\t\t\t\t\t\t\t\t\t<a class=\"elementor-accordion-title\" href=\"\">2 Les espaces destin\u00e9s aux ateliers de travail: au nombre de 3<\/a>\n\t\t\t\t\t<\/div>\n\t\t\t\t\t<div id=\"elementor-tab-content-1162\" class=\"elementor-tab-content elementor-clearfix\" data-tab=\"2\" role=\"tabpanel\" aria-labelledby=\"elementor-tab-title-1162\"><table border=\"1\" style=\"border-collapse: collapse; color:black; width: 100%; height: 90px;\">\n<tbody>\n<tr >\n<td style=\"width: 50%; background-color: #294274;  text-align: center;\"><strong>Espace<\/strong><\/td>\n<td style=\"width: 50%; background-color: #c20c0d;  text-align: center;\"><strong>Capacit&eacute; d&rsquo;accueil<\/strong><\/td>\n<\/tr>\n<tr >\n<td style=\"width: 50%; text-align: center;\"><strong>Salle Hannibal<\/strong><\/td>\n<td style=\"width: 50%;text-align: center;\"><strong>25<\/strong><\/td>\n<\/tr>\n<tr >\n<td style=\"width: 50%;  text-align: center;\"><strong>Salle de l&rsquo;Institut de Direction<\/strong><\/td>\n<td style=\"width: 50%; text-align: center;\"><strong>25<\/strong><\/td>\n<\/tr>\n<tr >\n<td style=\"width: 50%; text-align: center;\"><strong>Salle Ibn Khaldoun<\/strong><\/td>\n<td style=\"width: 50%;text-align: center;\"><strong>35<\/strong><\/td>\n<\/tr>\n<tr >\n<td style=\"width: 50%; text-align: center;\"><strong>Total<\/strong><\/td>\n<td style=\"width: 50%; text-align: center;\"><strong>85<\/strong><\/td>\n<\/tr>\n<\/tbody>\n<\/table><\/div>\n\t\t\t\t<\/div>\n\t\t\t\t\t\t\t<div class=\"elementor-accordion-item\">\n\t\t\t\t\t<div id=\"elementor-tab-title-1163\" class=\"elementor-tab-title\" data-tab=\"3\" role=\"tab\" aria-controls=\"elementor-tab-content-1163\" aria-expanded=\"false\">\n\t\t\t\t\t\t\t\t\t\t\t\t\t<span class=\"elementor-accordion-icon elementor-accordion-icon-right\" aria-hidden=\"true\">\n\t\t\t\t\t\t\t\t\t\t\t\t\t\t\t<span class=\"elementor-accordion-icon-closed\"><i class=\"fas fa-plus\"><\/i><\/span>\n\t\t\t\t\t\t\t\t<span class=\"elementor-accordion-icon-opened\"><i class=\"fas fa-minus\"><\/i><\/span>\n\t\t\t\t\t\t\t\t\t\t\t\t\t\t<\/span>\n\t\t\t\t\t\t\t\t\t\t\t\t<a class=\"elementor-accordion-title\" href=\"\">3 Les espaces d'enseignement<\/a>\n\t\t\t\t\t<\/div>\n\t\t\t\t\t<div id=\"elementor-tab-content-1163\" class=\"elementor-tab-content elementor-clearfix\" data-tab=\"3\" role=\"tabpanel\" aria-labelledby=\"elementor-tab-title-1163\"><table border=\"1\" style=\"border-collapse: collapse; color:black; width: 100%; height: 90px;\">\n<tbody>\n<tr >\n<td style=\"width: 50%; background-color: #294274;  text-align: center;\"><strong>Espace<\/strong><\/td>\n<td style=\"width: 50%; background-color: #c20c0d;  text-align: center;\"><strong>Capacit&eacute; d&rsquo;accueil<\/strong><\/td>\n<\/tr>\n<tr >\n<td style=\"width: 50%; text-align: center;\"><strong>35 salles de cours<\/strong><\/td>\n<td style=\"width: 50%;text-align: center;\"><strong>20\/salle<\/strong><\/td>\n<\/tr>\n<tr >\n<td style=\"width: 50%;  text-align: center;\"><strong>4 salles \u00e9quip\u00e9es et connect\u00e9es pour la formation en multim\u00e9dia<\/strong><\/td>\n<td style=\"width: 50%; text-align: center;\"><strong>85<\/strong><\/td>\n<\/tr>\n<tr >\n<td style=\"width: 50%; text-align: center;\"><strong>Salle d&rsquo;informatique pour les travaux libres avec connexion au r\u00e9seau internet<\/strong><\/td>\n<td style=\"width: 50%;text-align: center;\"><strong>25<\/strong><\/td>\n<\/tr>\n<tr >\n<td style=\"width: 50%; text-align: center;\"><strong>Total<\/strong><\/td>\n<td style=\"width: 50%; text-align: center;\"><strong>810<\/strong><\/td>\n<\/tr>\n<\/tbody>\n<\/table><\/div>\n\t\t\t\t<\/div>\n\t\t\t\t\t\t\t<div class=\"elementor-accordion-item\">\n\t\t\t\t\t<div id=\"elementor-tab-title-1164\" class=\"elementor-tab-title\" data-tab=\"4\" role=\"tab\" aria-controls=\"elementor-tab-content-1164\" aria-expanded=\"false\">\n\t\t\t\t\t\t\t\t\t\t\t\t\t<span class=\"elementor-accordion-icon elementor-accordion-icon-right\" aria-hidden=\"true\">\n\t\t\t\t\t\t\t\t\t\t\t\t\t\t\t<span class=\"elementor-accordion-icon-closed\"><i class=\"fas fa-plus\"><\/i><\/span>\n\t\t\t\t\t\t\t\t<span class=\"elementor-accordion-icon-opened\"><i class=\"fas fa-minus\"><\/i><\/span>\n\t\t\t\t\t\t\t\t\t\t\t\t\t\t<\/span>\n\t\t\t\t\t\t\t\t\t\t\t\t<a class=\"elementor-accordion-title\" href=\"\">4 Internet<\/a>\n\t\t\t\t\t<\/div>\n\t\t\t\t\t<div id=\"elementor-tab-content-1164\" class=\"elementor-tab-content elementor-clearfix\" data-tab=\"4\" role=\"tabpanel\" aria-labelledby=\"elementor-tab-title-1164\"><p>L\u2019ENA dispose d\u2019un r\u00e9seau internet avec une capacit\u00e9 atteignant 100 GB. Tous les espaces p\u00e9dagogiques et autres espaces de vie sont couverts par un r\u00e9seau Wifi.<\/p><\/div>\n\t\t\t\t<\/div>\n\t\t\t\t\t<\/div>\n\t\t\t\t<\/div>\n\t\t\t\t<\/div>\n\t\t\t\t\t<\/div>\n\t\t<\/div>\n\t\t\t\t\t\t\t<\/div>\n\t\t<\/section>\n\t\t\t\t\t\t<\/div>\n\t\t\t\t\t<\/div>\n\t\t","protected":false},"excerpt":{"rendered":"<p>Le fonds documentaire Le fonds documentaire disponible \u00e0 la biblioth\u00e8que de l\u2019\u00c9cole Nationale d\u2019Administration compte pr\u00e8s de 65 000 titres r\u00e9partis comme suit : 0 Titres en langue fran\u00e7aise 0 Titres en langue arabe 0 Titres en langue anglaise Ce fonds documentaire couvre les sciences administratives, politiques, juridiques, \u00e9conomiques et sociales ainsi que les relations &hellip; <br \/><a href=\"https:\/\/www.ena.tn\/fr\/lena-se-presente\/ressources-documentaires-et-espaces-pedagogiques\/\" class=\"more-link\">Continue reading <span class=\"screen-reader-text\">Ressources documentaires et espaces p\u00e9dagogiques<\/span><\/a><\/p>\n","protected":false},"author":1,"featured_media":0,"parent":5557,"menu_order":0,"comment_status":"closed","ping_status":"closed","template":"","meta":{"footnotes":""},"class_list":["post-5453","page","type-page","status-publish","hentry"],"_links":{"self":[{"href":"https:\/\/www.ena.tn\/fr\/wp-json\/wp\/v2\/pages\/5453","targetHints":{"allow":["GET"]}}],"collection":[{"href":"https:\/\/www.ena.tn\/fr\/wp-json\/wp\/v2\/pages"}],"about":[{"href":"https:\/\/www.ena.tn\/fr\/wp-json\/wp\/v2\/types\/page"}],"author":[{"embeddable":true,"href":"https:\/\/www.ena.tn\/fr\/wp-json\/wp\/v2\/users\/1"}],"replies":[{"embeddable":true,"href":"https:\/\/www.ena.tn\/fr\/wp-json\/wp\/v2\/comments?post=5453"}],"version-history":[{"count":42,"href":"https:\/\/www.ena.tn\/fr\/wp-json\/wp\/v2\/pages\/5453\/revisions"}],"predecessor-version":[{"id":5576,"href":"https:\/\/www.ena.tn\/fr\/wp-json\/wp\/v2\/pages\/5453\/revisions\/5576"}],"up":[{"embeddable":true,"href":"https:\/\/www.ena.tn\/fr\/wp-json\/wp\/v2\/pages\/5557"}],"wp:attachment":[{"href":"https:\/\/www.ena.tn\/fr\/wp-json\/wp\/v2\/media?parent=5453"}],"curies":[{"name":"wp","href":"https:\/\/api.w.org\/{rel}","templated":true}]}}