{"id":8083,"date":"2021-04-09T21:25:39","date_gmt":"2021-04-09T20:25:39","guid":{"rendered":"http:\/\/193.95.2.39\/?page_id=8083"},"modified":"2021-04-09T22:26:00","modified_gmt":"2021-04-09T21:26:00","slug":"cycle-de-formation-des-cadres-moyens-de-la-sous-categorie-a2","status":"publish","type":"page","link":"https:\/\/www.ena.tn\/fr\/formation-de-base\/cycle-de-formation-des-cadres-moyens-de-la-sous-categorie-a2\/","title":{"rendered":"Cycle de formation des cadres moyens de la sous cat\u00e9gorie A2"},"content":{"rendered":"\t\t<div data-elementor-type=\"wp-page\" data-elementor-id=\"8083\" class=\"elementor elementor-8083\" data-elementor-settings=\"[]\">\n\t\t\t\t\t\t\t<div class=\"elementor-section-wrap\">\n\t\t\t\t\t\t\t<section class=\"elementor-section elementor-top-section elementor-element elementor-element-4dbc7e8 elementor-section-boxed elementor-section-height-default elementor-section-height-default\" data-id=\"4dbc7e8\" data-element_type=\"section\">\n\t\t\t\t\t\t<div class=\"elementor-container elementor-column-gap-default\">\n\t\t\t\t\t<div class=\"elementor-column elementor-col-100 elementor-top-column elementor-element elementor-element-0b08bbb\" data-id=\"0b08bbb\" data-element_type=\"column\">\n\t\t\t<div class=\"elementor-widget-wrap elementor-element-populated\">\n\t\t\t\t\t\t\t\t<div class=\"elementor-element elementor-element-c4dee90 elementor-widget elementor-widget-heading\" data-id=\"c4dee90\" data-element_type=\"widget\" data-widget_type=\"heading.default\">\n\t\t\t\t<div class=\"elementor-widget-container\">\n\t\t\t<h2 class=\"elementor-heading-title elementor-size-default\">Les textes juridiques<\/h2>\t\t<\/div>\n\t\t\t\t<\/div>\n\t\t\t\t<div class=\"elementor-element elementor-element-b2eb090 elementor-icon-list--layout-traditional elementor-list-item-link-full_width elementor-widget elementor-widget-icon-list\" data-id=\"b2eb090\" data-element_type=\"widget\" data-widget_type=\"icon-list.default\">\n\t\t\t\t<div class=\"elementor-widget-container\">\n\t\t\t\t\t<ul class=\"elementor-icon-list-items\">\n\t\t\t\t\t\t\t<li class=\"elementor-icon-list-item\">\n\t\t\t\t\t\t\t\t\t\t\t<span class=\"elementor-icon-list-icon\">\n\t\t\t\t\t\t\t<i aria-hidden=\"true\" class=\"fas fa-check\"><\/i>\t\t\t\t\t\t<\/span>\n\t\t\t\t\t\t\t\t\t\t<span class=\"elementor-icon-list-text\">D\u00e9cret 2004-79 du 14 janvier 2004 relatif aux cycles de formation \u00e0 l\u2019\u00e9cole nationale d\u2019administration tel qu\u2019il a \u00e9t\u00e9 modifi\u00e9 et compl\u00e9t\u00e9 par le d\u00e9cret n\u00b0 2007-1939 du 30 juillet 2007<\/span>\n\t\t\t\t\t\t\t\t\t<\/li>\n\t\t\t\t\t\t\t\t<li class=\"elementor-icon-list-item\">\n\t\t\t\t\t\t\t\t\t\t\t<span class=\"elementor-icon-list-icon\">\n\t\t\t\t\t\t\t<i aria-hidden=\"true\" class=\"fas fa-check\"><\/i>\t\t\t\t\t\t<\/span>\n\t\t\t\t\t\t\t\t\t\t<span class=\"elementor-icon-list-text\">D\u00e9crets et Arr\u00eat\u00e9s parus dans le JORT en 2004 relatifs aux cycles de formation \u00e0 l\u2019\u00e9cole nationale d\u2019administration<\/span>\n\t\t\t\t\t\t\t\t\t<\/li>\n\t\t\t\t\t\t<\/ul>\n\t\t\t\t<\/div>\n\t\t\t\t<\/div>\n\t\t\t\t\t<\/div>\n\t\t<\/div>\n\t\t\t\t\t\t\t<\/div>\n\t\t<\/section>\n\t\t\t\t<section class=\"elementor-section elementor-top-section elementor-element elementor-element-2cd3577 elementor-section-boxed elementor-section-height-default elementor-section-height-default\" data-id=\"2cd3577\" data-element_type=\"section\">\n\t\t\t\t\t\t<div class=\"elementor-container elementor-column-gap-default\">\n\t\t\t\t\t<div class=\"elementor-column elementor-col-100 elementor-top-column elementor-element elementor-element-e8f1202\" data-id=\"e8f1202\" data-element_type=\"column\">\n\t\t\t<div class=\"elementor-widget-wrap elementor-element-populated\">\n\t\t\t\t\t\t\t\t<div class=\"elementor-element elementor-element-4d72bb1 elementor-widget elementor-widget-heading\" data-id=\"4d72bb1\" data-element_type=\"widget\" data-widget_type=\"heading.default\">\n\t\t\t\t<div class=\"elementor-widget-container\">\n\t\t\t<h2 class=\"elementor-heading-title elementor-size-default\">Objectis de la formation<\/h2>\t\t<\/div>\n\t\t\t\t<\/div>\n\t\t\t\t<div class=\"elementor-element elementor-element-8d09839 elementor-widget elementor-widget-text-editor\" data-id=\"8d09839\" data-element_type=\"widget\" data-widget_type=\"text-editor.default\">\n\t\t\t\t<div class=\"elementor-widget-container\">\n\t\t\t\t\t<div class=\"elementor-text-editor elementor-clearfix\"><p style=\"text-align: left;\"><span style=\"color: #000000;\">La formation des cadres moyens de la sous cat\u00e9gorie A2 a pour but la pr\u00e9paration des agents \u00e0 l\u2019accomplissement des fonctions et t\u00e2ches assign\u00e9es \u00e0 cette sous cat\u00e9gorie de grades administratifs notamment dans les domaines de la gestion administrative et financi\u00e8re dans les services centraux, r\u00e9gionaux ou locaux.<\/span><\/p><\/div>\n\t\t\t\t<\/div>\n\t\t\t\t<\/div>\n\t\t\t\t<div class=\"elementor-element elementor-element-95e3ba3 elementor-widget elementor-widget-heading\" data-id=\"95e3ba3\" data-element_type=\"widget\" data-widget_type=\"heading.default\">\n\t\t\t\t<div class=\"elementor-widget-container\">\n\t\t\t<h2 class=\"elementor-heading-title elementor-size-default\">Dur\u00e9e de la formation<\/h2>\t\t<\/div>\n\t\t\t\t<\/div>\n\t\t\t\t<div class=\"elementor-element elementor-element-0b4aa79 elementor-widget elementor-widget-text-editor\" data-id=\"0b4aa79\" data-element_type=\"widget\" data-widget_type=\"text-editor.default\">\n\t\t\t\t<div class=\"elementor-widget-container\">\n\t\t\t\t\t<div class=\"elementor-text-editor elementor-clearfix\"><div class=\"elementor-element elementor-element-d4fb865 elementor-widget elementor-widget-text-editor\" data-id=\"d4fb865\" data-element_type=\"widget\" data-widget_type=\"text-editor.default\"><div class=\"elementor-widget-container\"><div class=\"elementor-text-editor elementor-clearfix\"><p>La formation des cadres moyens de la sous cat\u00e9gorie A2 dure douze (12) mois r\u00e9partis comme suit:<\/p><\/div><\/div><\/div><div class=\"elementor-element elementor-element-388372a0 elementor-align-left elementor-icon-list--layout-traditional elementor-widget elementor-widget-icon-list\" data-id=\"388372a0\" data-element_type=\"widget\" data-widget_type=\"icon-list.default\"><div class=\"elementor-widget-container\"><ul class=\"elementor-icon-list-items\"><li class=\"elementor-icon-list-item\"><i class=\"fa fa-check-square\" aria-hidden=\"true\"><\/i><span class=\"elementor-icon-list-text\"><strong>09 mois d\u2019\u00e9tudes<\/strong> r\u00e9partis comme suit :<\/span><\/li><\/ul><\/div><\/div><div class=\"elementor-element elementor-element-e83ff9c elementor-widget elementor-widget-text-editor\" data-id=\"e83ff9c\" data-element_type=\"widget\" data-widget_type=\"text-editor.default\"><div class=\"elementor-widget-container\"><div class=\"elementor-text-editor elementor-clearfix\"><ul><li>un tronc commun d\u2019une dur\u00e9e de six (06) mois\u00a0au cours desquels les \u00e9l\u00e8ves re\u00e7oivent une formation de base dans les principaux domaines de l\u2019activit\u00e9 administrative;<\/li><li>une sp\u00e9cialisation pendant 3 mois\u00a0dans l\u2019une des fili\u00e8res suivantes :<ul><li>gestion des ressources humaines ;<\/li><li>affaires juridiques et contentieux ;<\/li><li>affaires financi\u00e8res et march\u00e9s publics ;<\/li><li>administration r\u00e9gionale et locale et services ext\u00e9rieurs<\/li><\/ul><\/li><\/ul><\/div><\/div><\/div><div class=\"elementor-element elementor-element-ef1358a elementor-align-left elementor-icon-list--layout-traditional elementor-widget elementor-widget-icon-list\" data-id=\"ef1358a\" data-element_type=\"widget\" data-widget_type=\"icon-list.default\"><div class=\"elementor-widget-container\"><ul class=\"elementor-icon-list-items\"><li class=\"elementor-icon-list-item\"><i class=\"fa fa-check-square\" aria-hidden=\"true\"><\/i><span class=\"elementor-icon-list-text\"><strong>03 mois de stage<\/strong>.<\/span><\/li><\/ul><\/div><\/div><\/div>\n\t\t\t\t<\/div>\n\t\t\t\t<\/div>\n\t\t\t\t\t<\/div>\n\t\t<\/div>\n\t\t\t\t\t\t\t<\/div>\n\t\t<\/section>\n\t\t\t\t<section class=\"elementor-section elementor-top-section elementor-element elementor-element-27801fd elementor-section-boxed elementor-section-height-default elementor-section-height-default\" data-id=\"27801fd\" data-element_type=\"section\" data-settings=\"{&quot;background_background&quot;:&quot;classic&quot;}\">\n\t\t\t\t\t\t<div class=\"elementor-container elementor-column-gap-default\">\n\t\t\t\t\t<div class=\"elementor-column elementor-col-100 elementor-top-column elementor-element elementor-element-13c7bde\" data-id=\"13c7bde\" data-element_type=\"column\">\n\t\t\t<div class=\"elementor-widget-wrap elementor-element-populated\">\n\t\t\t\t\t\t\t\t<div class=\"elementor-element elementor-element-c732425 elementor-widget elementor-widget-heading\" data-id=\"c732425\" data-element_type=\"widget\" data-widget_type=\"heading.default\">\n\t\t\t\t<div class=\"elementor-widget-container\">\n\t\t\t<h2 class=\"elementor-heading-title elementor-size-default\">L\u2019\u00e9valuation<\/h2>\t\t<\/div>\n\t\t\t\t<\/div>\n\t\t\t\t<div class=\"elementor-element elementor-element-bc75aae elementor-widget elementor-widget-text-editor\" data-id=\"bc75aae\" data-element_type=\"widget\" data-widget_type=\"text-editor.default\">\n\t\t\t\t<div class=\"elementor-widget-container\">\n\t\t\t\t\t<div class=\"elementor-text-editor elementor-clearfix\"><p>La pr\u00e9sence des \u00e9l\u00e8ves dans diff\u00e9rents enseignements et programmes de formation y compris le stage est obligatoire.<br \/>Le directeur de l\u2019\u00e9cole attribue \u00e0 chaque \u00e9l\u00e8ve une note comprise entre 0 et 20 relative \u00e0 l\u2019assiduit\u00e9 et au comportement.<br \/>L\u2019acquisition des connaissances par les \u00e9l\u00e8ves est \u00e9valu\u00e9e par le r\u00e9gime du contr\u00f4le continu durant la p\u00e9riode d\u2019\u00e9tudes ; l\u2019examen mi-parcours et l\u2019examen de sortie.<\/p><\/div>\n\t\t\t\t<\/div>\n\t\t\t\t<\/div>\n\t\t\t\t<div class=\"elementor-element elementor-element-2c323af elementor-icon-list--layout-traditional elementor-list-item-link-full_width elementor-widget elementor-widget-icon-list\" data-id=\"2c323af\" data-element_type=\"widget\" data-widget_type=\"icon-list.default\">\n\t\t\t\t<div class=\"elementor-widget-container\">\n\t\t\t\t\t<ul class=\"elementor-icon-list-items\">\n\t\t\t\t\t\t\t<li class=\"elementor-icon-list-item\">\n\t\t\t\t\t\t\t\t\t\t\t<span class=\"elementor-icon-list-icon\">\n\t\t\t\t\t\t\t<i aria-hidden=\"true\" class=\"fas fa-dot-circle\"><\/i>\t\t\t\t\t\t<\/span>\n\t\t\t\t\t\t\t\t\t\t<span class=\"elementor-icon-list-text\">Le contr\u00f4le continu<br>peut se faire par tests \u00e9crits ou oraux ou les deux \u00e0 la fois. Le m\u00eame coefficient est attribu\u00e9 \u00e0 tous les modules de formation.<\/span>\n\t\t\t\t\t\t\t\t\t<\/li>\n\t\t\t\t\t\t\t\t<li class=\"elementor-icon-list-item\">\n\t\t\t\t\t\t\t\t\t\t\t<span class=\"elementor-icon-list-icon\">\n\t\t\t\t\t\t\t<i aria-hidden=\"true\" class=\"fas fa-dot-circle\"><\/i>\t\t\t\t\t\t<\/span>\n\t\t\t\t\t\t\t\t\t\t<span class=\"elementor-icon-list-text\">L\u2019examen mi-parcours<br> durant la formation au tronc commun les \u00e9l\u00e8ves sont soumis \u00e0 un examen de mi-parcours. L\u2019examen mi-parcours comprend des \u00e9preuves \u00e9crites se rapportant aux modules pr\u00e9vus dans les axes fondamentaux de formation en tronc commun.<\/span>\n\t\t\t\t\t\t\t\t\t<\/li>\n\t\t\t\t\t\t\t\t<li class=\"elementor-icon-list-item\">\n\t\t\t\t\t\t\t\t\t\t\t<span class=\"elementor-icon-list-icon\">\n\t\t\t\t\t\t\t<i aria-hidden=\"true\" class=\"fas fa-dot-circle\"><\/i>\t\t\t\t\t\t<\/span>\n\t\t\t\t\t\t\t\t\t\t<span class=\"elementor-icon-list-text\">L\u2019examen de sortie<br>l\u2019examen de sortie comprend six (6) \u00e9preuves \u00e9crites dont trois (3) \u00e9preuves se rapportant aux modules parmi ceux pr\u00e9vus aux axes fondamentaux de la formation en tronc commun et trois (3) \u00e9preuves se rapportant aux modules pr\u00e9vus aux programmes de la formation dans les fili\u00e8res de sp\u00e9cialisation.<\/span>\n\t\t\t\t\t\t\t\t\t<\/li>\n\t\t\t\t\t\t<\/ul>\n\t\t\t\t<\/div>\n\t\t\t\t<\/div>\n\t\t\t\t<div class=\"elementor-element elementor-element-c1daf2a elementor-widget elementor-widget-text-editor\" data-id=\"c1daf2a\" data-element_type=\"widget\" data-widget_type=\"text-editor.default\">\n\t\t\t\t<div class=\"elementor-widget-container\">\n\t\t\t\t\t<div class=\"elementor-text-editor elementor-clearfix\"><p>Le directeur de l\u2019\u00e9cole choisit les sujets de ces \u00e9preuves parmi les sujets propos\u00e9s par les enseignants et fixe, par d\u00e9cision, la liste des modules sur lesquels portent l\u2019examen mi-parcours et l\u2019examen de sortie.<br \/>Les composantes de l\u2019\u00e9valuation globale se r\u00e9partissent comme suit:<\/p><\/div>\n\t\t\t\t<\/div>\n\t\t\t\t<\/div>\n\t\t\t\t<div class=\"elementor-element elementor-element-48dcf58 elementor-widget elementor-widget-html\" data-id=\"48dcf58\" data-element_type=\"widget\" data-widget_type=\"html.default\">\n\t\t\t\t<div class=\"elementor-widget-container\">\n\t\t\t<font size=\"4\" face=\"almarai\">\r\n<table border=\"1\" style=\"border-collapse: collapse; color:black; width: 100%; \">\r\n<tbody><tr>\r\n<td style=\"width: 70%; background-color: #294274;  text-align: center;\">El\u00e9ment<\/td>\r\n<td style=\"width: 30%; background-color: #c20c0d;  text-align: center;\">en %<\/td><\/tr>\r\n<tr><td>Contr\u00f4le continu<\/td><td>35 %<\/td><\/tr><tr><td>Examen de mi-parcours<\/td><td>15 %<\/td><\/tr><tr><td>Examen de sortie<\/td><td>&nbsp;20 %<\/td><\/tr><tr><td>stage<\/td><td>20 %<\/td><\/tr><tr><td>Assiduit\u00e9 et comportement<\/td><td>10 %<\/td><\/tr><\/tbody><\/table>\r\n\r\n<\/font>\t\t<\/div>\n\t\t\t\t<\/div>\n\t\t\t\t\t<\/div>\n\t\t<\/div>\n\t\t\t\t\t\t\t<\/div>\n\t\t<\/section>\n\t\t\t\t<section class=\"elementor-section elementor-top-section elementor-element elementor-element-9fda807 elementor-section-boxed elementor-section-height-default elementor-section-height-default\" data-id=\"9fda807\" data-element_type=\"section\">\n\t\t\t\t\t\t<div class=\"elementor-container elementor-column-gap-default\">\n\t\t\t\t\t<div class=\"elementor-column elementor-col-50 elementor-top-column elementor-element elementor-element-a56d14e\" data-id=\"a56d14e\" data-element_type=\"column\">\n\t\t\t<div class=\"elementor-widget-wrap elementor-element-populated\">\n\t\t\t\t\t\t\t\t<div class=\"elementor-element elementor-element-d716ddb elementor-widget elementor-widget-heading\" data-id=\"d716ddb\" data-element_type=\"widget\" data-widget_type=\"heading.default\">\n\t\t\t\t<div class=\"elementor-widget-container\">\n\t\t\t<h2 class=\"elementor-heading-title elementor-size-default\">Stage<\/h2>\t\t<\/div>\n\t\t\t\t<\/div>\n\t\t\t\t<div class=\"elementor-element elementor-element-79763f5 elementor-widget elementor-widget-text-editor\" data-id=\"79763f5\" data-element_type=\"widget\" data-widget_type=\"text-editor.default\">\n\t\t\t\t<div class=\"elementor-widget-container\">\n\t\t\t\t\t<div class=\"elementor-text-editor elementor-clearfix\"><p>Les \u00e9l\u00e8ves dudit cycle sont appel\u00e9s \u00e0 effectuer un stage pratique d\u2019une dur\u00e9e de trois (03) mois programm\u00e9 aupr\u00e8s des d\u00e9partements minist\u00e9riels au niveau central r\u00e9gional et local en ad\u00e9quation avec la fili\u00e8re de sp\u00e9cialisation \u00e0 laquelle ils appartiennent.<br \/>Chaque \u00e9l\u00e8ve est tenu de pr\u00e9parer, au terme de sont stage, \u00a0un rapport d\u2019activit\u00e9s qui sert de base pour l\u2019\u00e9valuation de son stage.\u00a0<br \/>L\u2019\u00e9valuation du stage s\u2019effectue sur la base de deux notes : une note attribu\u00e9e au titre de l\u2019\u00e9valuation du contenu \u00e9crit du rapport d\u2019activit\u00e9s, cette note repr\u00e9sente 15% lors du calcul de la moyenne du stage.<br \/>Le directeur de l\u2019\u00e9cole attribue \u00e0 chaque \u00e9l\u00e8ve sur la base des observations \u00e9mises par le chef de stage une note au titre de l\u2019\u00e9valuation de la conduite et de l\u2019assiduit\u00e9 de l\u2019\u00e9l\u00e8ve durant le stage. Cette note repr\u00e9sente 5% lors du calcul de la moyenne du stage.<br \/>L\u2019\u00e9valuation du stage repr\u00e9sente 20 % lors du calcul de la moyenne g\u00e9n\u00e9rale de fin de\u00a0formation.<\/p><\/div>\n\t\t\t\t<\/div>\n\t\t\t\t<\/div>\n\t\t\t\t\t<\/div>\n\t\t<\/div>\n\t\t\t\t<div class=\"elementor-column elementor-col-50 elementor-top-column elementor-element elementor-element-f469a39\" data-id=\"f469a39\" data-element_type=\"column\">\n\t\t\t<div class=\"elementor-widget-wrap elementor-element-populated\">\n\t\t\t\t\t\t\t\t<div class=\"elementor-element elementor-element-7c816aa elementor-widget elementor-widget-heading\" data-id=\"7c816aa\" data-element_type=\"widget\" data-widget_type=\"heading.default\">\n\t\t\t\t<div class=\"elementor-widget-container\">\n\t\t\t<h2 class=\"elementor-heading-title elementor-size-default\">Fin de formation<\/h2>\t\t<\/div>\n\t\t\t\t<\/div>\n\t\t\t\t<div class=\"elementor-element elementor-element-4da8866 elementor-widget elementor-widget-text-editor\" data-id=\"4da8866\" data-element_type=\"widget\" data-widget_type=\"text-editor.default\">\n\t\t\t\t<div class=\"elementor-widget-container\">\n\t\t\t\t\t<div class=\"elementor-text-editor elementor-clearfix\"><p>Les r\u00e9sultats de fin de formation au cycle sont proclam\u00e9s par un jury dont les membres sont d\u00e9sign\u00e9s par arr\u00eat\u00e9 du Premier ministre sur proposition du directeur de l\u2019\u00e9cole nationale d\u2019administration.<\/p><\/div>\n\t\t\t\t<\/div>\n\t\t\t\t<\/div>\n\t\t\t\t<div class=\"elementor-element elementor-element-9a167c2 elementor-icon-list--layout-traditional elementor-list-item-link-full_width elementor-widget elementor-widget-icon-list\" data-id=\"9a167c2\" data-element_type=\"widget\" data-widget_type=\"icon-list.default\">\n\t\t\t\t<div class=\"elementor-widget-container\">\n\t\t\t\t\t<ul class=\"elementor-icon-list-items\">\n\t\t\t\t\t\t\t<li class=\"elementor-icon-list-item\">\n\t\t\t\t\t\t\t\t\t\t\t<span class=\"elementor-icon-list-icon\">\n\t\t\t\t\t\t\t<i aria-hidden=\"true\" class=\"fas fa-dot-circle\"><\/i>\t\t\t\t\t\t<\/span>\n\t\t\t\t\t\t\t\t\t\t<span class=\"elementor-icon-list-text\">Le jury classe les \u00e9l\u00e8ves par ordre de m\u00e9rite dans chaque sp\u00e9cialisation.<\/span>\n\t\t\t\t\t\t\t\t\t<\/li>\n\t\t\t\t\t\t\t\t<li class=\"elementor-icon-list-item\">\n\t\t\t\t\t\t\t\t\t\t\t<span class=\"elementor-icon-list-icon\">\n\t\t\t\t\t\t\t<i aria-hidden=\"true\" class=\"fas fa-dot-circle\"><\/i>\t\t\t\t\t\t<\/span>\n\t\t\t\t\t\t\t\t\t\t<span class=\"elementor-icon-list-text\">Les \u00e9l\u00e8ves ayant obtenu une moyenne g\u00e9n\u00e9rale \u00e9gale ou sup\u00e9rieure \u00e0 dix (10) sur vingt (20) sont propos\u00e9s pour \u00eatre nomm\u00e9s dans l\u2019un des grades de la sous-cat\u00e9gorie A2.<\/span>\n\t\t\t\t\t\t\t\t\t<\/li>\n\t\t\t\t\t\t\t\t<li class=\"elementor-icon-list-item\">\n\t\t\t\t\t\t\t\t\t\t\t<span class=\"elementor-icon-list-icon\">\n\t\t\t\t\t\t\t<i aria-hidden=\"true\" class=\"fas fa-dot-circle\"><\/i>\t\t\t\t\t\t<\/span>\n\t\t\t\t\t\t\t\t\t\t<span class=\"elementor-icon-list-text\">Tout \u00e9l\u00e8ve n\u2019ayant pas obtenu la moyenne requise cit\u00e9e au paragraphe pr\u00e9c\u00e9dent est exclu.<\/span>\n\t\t\t\t\t\t\t\t\t<\/li>\n\t\t\t\t\t\t<\/ul>\n\t\t\t\t<\/div>\n\t\t\t\t<\/div>\n\t\t\t\t\t<\/div>\n\t\t<\/div>\n\t\t\t\t\t\t\t<\/div>\n\t\t<\/section>\n\t\t\t\t<section class=\"elementor-section elementor-top-section elementor-element elementor-element-928e96e elementor-section-boxed elementor-section-height-default elementor-section-height-default\" data-id=\"928e96e\" data-element_type=\"section\">\n\t\t\t\t\t\t<div class=\"elementor-container elementor-column-gap-default\">\n\t\t\t\t\t<div class=\"elementor-column elementor-col-100 elementor-top-column elementor-element elementor-element-630ce58\" data-id=\"630ce58\" data-element_type=\"column\">\n\t\t\t<div class=\"elementor-widget-wrap elementor-element-populated\">\n\t\t\t\t\t\t\t\t<div class=\"elementor-element elementor-element-dfaf2e9 elementor-align-center elementor-widget elementor-widget-button\" data-id=\"dfaf2e9\" data-element_type=\"widget\" data-widget_type=\"button.default\">\n\t\t\t\t<div class=\"elementor-widget-container\">\n\t\t\t\t\t<div class=\"elementor-button-wrapper\">\n\t\t\t<a href=\"http:\/\/193.95.2.39\/statistiques-des-sortants-du-cycle-de-formation-des-cadres-moyens-de-la-sous-categorie-a2\/\" class=\"elementor-button-link elementor-button elementor-size-lg\" role=\"button\">\n\t\t\t\t\t\t<span class=\"elementor-button-content-wrapper\">\n\t\t\t\t\t\t<span class=\"elementor-button-icon elementor-align-icon-left\">\n\t\t\t\t<i aria-hidden=\"true\" class=\"far fa-chart-bar\"><\/i>\t\t\t<\/span>\n\t\t\t\t\t\t<span class=\"elementor-button-text\">Statistiques des sortants du Cycle de formation des cadres moyens de la sous-cat\u00e9gorie A2<\/span>\n\t\t<\/span>\n\t\t\t\t\t<\/a>\n\t\t<\/div>\n\t\t\t\t<\/div>\n\t\t\t\t<\/div>\n\t\t\t\t\t<\/div>\n\t\t<\/div>\n\t\t\t\t\t\t\t<\/div>\n\t\t<\/section>\n\t\t\t\t\t\t<\/div>\n\t\t\t\t\t<\/div>\n\t\t","protected":false},"excerpt":{"rendered":"<p>Les textes juridiques D\u00e9cret 2004-79 du 14 janvier 2004 relatif aux cycles de formation \u00e0 l\u2019\u00e9cole nationale d\u2019administration tel qu\u2019il a \u00e9t\u00e9 modifi\u00e9 et compl\u00e9t\u00e9 par le d\u00e9cret n\u00b0 2007-1939 du 30 juillet 2007 D\u00e9crets et Arr\u00eat\u00e9s parus dans le JORT en 2004 relatifs aux cycles de formation \u00e0 l\u2019\u00e9cole nationale d\u2019administration Objectis de la &hellip; <br \/><a href=\"https:\/\/www.ena.tn\/fr\/formation-de-base\/cycle-de-formation-des-cadres-moyens-de-la-sous-categorie-a2\/\" class=\"more-link\">Continue reading <span class=\"screen-reader-text\">Cycle de formation des cadres moyens de la sous cat\u00e9gorie A2<\/span><\/a><\/p>\n","protected":false},"author":1,"featured_media":0,"parent":8144,"menu_order":0,"comment_status":"closed","ping_status":"closed","template":"","meta":{"footnotes":""},"class_list":["post-8083","page","type-page","status-publish","hentry"],"_links":{"self":[{"href":"https:\/\/www.ena.tn\/fr\/wp-json\/wp\/v2\/pages\/8083","targetHints":{"allow":["GET"]}}],"collection":[{"href":"https:\/\/www.ena.tn\/fr\/wp-json\/wp\/v2\/pages"}],"about":[{"href":"https:\/\/www.ena.tn\/fr\/wp-json\/wp\/v2\/types\/page"}],"author":[{"embeddable":true,"href":"https:\/\/www.ena.tn\/fr\/wp-json\/wp\/v2\/users\/1"}],"replies":[{"embeddable":true,"href":"https:\/\/www.ena.tn\/fr\/wp-json\/wp\/v2\/comments?post=8083"}],"version-history":[{"count":26,"href":"https:\/\/www.ena.tn\/fr\/wp-json\/wp\/v2\/pages\/8083\/revisions"}],"predecessor-version":[{"id":8156,"href":"https:\/\/www.ena.tn\/fr\/wp-json\/wp\/v2\/pages\/8083\/revisions\/8156"}],"up":[{"embeddable":true,"href":"https:\/\/www.ena.tn\/fr\/wp-json\/wp\/v2\/pages\/8144"}],"wp:attachment":[{"href":"https:\/\/www.ena.tn\/fr\/wp-json\/wp\/v2\/media?parent=8083"}],"curies":[{"name":"wp","href":"https:\/\/api.w.org\/{rel}","templated":true}]}}