{"id":8120,"date":"2021-04-09T21:55:48","date_gmt":"2021-04-09T20:55:48","guid":{"rendered":"http:\/\/193.95.2.39\/?page_id=8120"},"modified":"2021-04-09T22:27:57","modified_gmt":"2021-04-09T21:27:57","slug":"cycle-de-formation-des-agents-de-la-sous-categorie-a3","status":"publish","type":"page","link":"https:\/\/www.ena.tn\/fr\/formation-de-base\/cycle-de-formation-des-agents-de-la-sous-categorie-a3\/","title":{"rendered":"Cycle de formation des agents de la sous cat\u00e9gorie A3"},"content":{"rendered":"\t\t<div data-elementor-type=\"wp-page\" data-elementor-id=\"8120\" class=\"elementor elementor-8120\" data-elementor-settings=\"[]\">\n\t\t\t\t\t\t\t<div class=\"elementor-section-wrap\">\n\t\t\t\t\t\t\t<section class=\"elementor-section elementor-top-section elementor-element elementor-element-e34394c elementor-section-boxed elementor-section-height-default elementor-section-height-default\" data-id=\"e34394c\" data-element_type=\"section\">\n\t\t\t\t\t\t<div class=\"elementor-container elementor-column-gap-default\">\n\t\t\t\t\t<div class=\"elementor-column elementor-col-50 elementor-top-column elementor-element elementor-element-a156869\" data-id=\"a156869\" data-element_type=\"column\">\n\t\t\t<div class=\"elementor-widget-wrap elementor-element-populated\">\n\t\t\t\t\t\t\t\t<div class=\"elementor-element elementor-element-887d0bb elementor-widget elementor-widget-text-editor\" data-id=\"887d0bb\" data-element_type=\"widget\" data-widget_type=\"text-editor.default\">\n\t\t\t\t<div class=\"elementor-widget-container\">\n\t\t\t\t\t<div class=\"elementor-text-editor elementor-clearfix\"><p>L\u2019Ecole Nationale d\u2019Administration assure la formation des agents appel\u00e9s \u00e0 occuper des fonctions administratives de la sous cat\u00e9gorie \u00abA3\u00bb dans les administrations centrales, r\u00e9gionales et locales et dans les \u00e9tablissements publics \u00e0 caract\u00e8re administratif.<\/p><\/div>\n\t\t\t\t<\/div>\n\t\t\t\t<\/div>\n\t\t\t\t<div class=\"elementor-element elementor-element-2f5acf9 elementor-widget elementor-widget-text-editor\" data-id=\"2f5acf9\" data-element_type=\"widget\" data-widget_type=\"text-editor.default\">\n\t\t\t\t<div class=\"elementor-widget-container\">\n\t\t\t\t\t<div class=\"elementor-text-editor elementor-clearfix\"><p>Cette formation s\u2019effectue dans le cadre d\u2019un cycle de formation ayant pour but la pr\u00e9paration des \u00e9l\u00e8ves aux t\u00e2ches et fonctions qui leur seront d\u00e9volues et notamment la prise en charge des cellules de secr\u00e9tariat et l\u2019assistance des cadres administratifs sup\u00e9rieurs et les aider dans l\u2019accomplissement des missions et fonctions qui leur sont assign\u00e9es.<\/p><\/div>\n\t\t\t\t<\/div>\n\t\t\t\t<\/div>\n\t\t\t\t\t<\/div>\n\t\t<\/div>\n\t\t\t\t<div class=\"elementor-column elementor-col-50 elementor-top-column elementor-element elementor-element-e125ef4\" data-id=\"e125ef4\" data-element_type=\"column\">\n\t\t\t<div class=\"elementor-widget-wrap elementor-element-populated\">\n\t\t\t\t\t\t\t\t<div class=\"elementor-element elementor-element-1676970 elementor-widget elementor-widget-heading\" data-id=\"1676970\" data-element_type=\"widget\" data-widget_type=\"heading.default\">\n\t\t\t\t<div class=\"elementor-widget-container\">\n\t\t\t<h2 class=\"elementor-heading-title elementor-size-default\">Dipl\u00f4mes requis<\/h2>\t\t<\/div>\n\t\t\t\t<\/div>\n\t\t\t\t<div class=\"elementor-element elementor-element-5fb4723 elementor-widget elementor-widget-text-editor\" data-id=\"5fb4723\" data-element_type=\"widget\" data-widget_type=\"text-editor.default\">\n\t\t\t\t<div class=\"elementor-widget-container\">\n\t\t\t\t\t<div class=\"elementor-text-editor elementor-clearfix\"><p>Les dipl\u00f4mes requis pour participer au concours d\u2019acc\u00e8s sont ceux du premier cycle de l\u2019enseignement sup\u00e9rieur, tels que d\u00e9finis par les textes en vigueur et quelle qu\u2019en soit la sp\u00e9cialit\u00e9 ou les dipl\u00f4mes \u00e9quivalents.<\/p><\/div>\n\t\t\t\t<\/div>\n\t\t\t\t<\/div>\n\t\t\t\t<div class=\"elementor-element elementor-element-2becc58 elementor-widget elementor-widget-heading\" data-id=\"2becc58\" data-element_type=\"widget\" data-widget_type=\"heading.default\">\n\t\t\t\t<div class=\"elementor-widget-container\">\n\t\t\t<h2 class=\"elementor-heading-title elementor-size-default\">La dur\u00e9e de formation<\/h2>\t\t<\/div>\n\t\t\t\t<\/div>\n\t\t\t\t<div class=\"elementor-element elementor-element-c431ef6 elementor-widget elementor-widget-text-editor\" data-id=\"c431ef6\" data-element_type=\"widget\" data-widget_type=\"text-editor.default\">\n\t\t\t\t<div class=\"elementor-widget-container\">\n\t\t\t\t\t<div class=\"elementor-text-editor elementor-clearfix\"><div class=\"elementor-element elementor-element-731acf9 elementor-widget elementor-widget-text-editor\" data-id=\"731acf9\" data-element_type=\"widget\" data-widget_type=\"text-editor.default\"><div class=\"elementor-widget-container\"><div class=\"elementor-text-editor elementor-clearfix\"><p class=\"bodytext\">La formation des agents de la sous cat\u00e9gorie \u00ab A3 \u00bb dure neuf (9) mois cons\u00e9cutifs, r\u00e9partis ainsi :<\/p><\/div><\/div><\/div><\/div>\n\t\t\t\t<\/div>\n\t\t\t\t<\/div>\n\t\t\t\t<div class=\"elementor-element elementor-element-e58491b elementor-icon-list--layout-traditional elementor-list-item-link-full_width elementor-widget elementor-widget-icon-list\" data-id=\"e58491b\" data-element_type=\"widget\" data-widget_type=\"icon-list.default\">\n\t\t\t\t<div class=\"elementor-widget-container\">\n\t\t\t\t\t<ul class=\"elementor-icon-list-items\">\n\t\t\t\t\t\t\t<li class=\"elementor-icon-list-item\">\n\t\t\t\t\t\t\t\t\t\t\t<span class=\"elementor-icon-list-icon\">\n\t\t\t\t\t\t\t<i aria-hidden=\"true\" class=\"fas fa-times\"><\/i>\t\t\t\t\t\t<\/span>\n\t\t\t\t\t\t\t\t\t\t<span class=\"elementor-icon-list-text\">7 mois : cours pratiques avec des modules \u00e0 caract\u00e8re professionnel ayant un lien avec l\u2019organisation de l\u2019administration et des proc\u00e9dures et modes de gestion y aff\u00e9rents<\/span>\n\t\t\t\t\t\t\t\t\t<\/li>\n\t\t\t\t\t\t\t\t<li class=\"elementor-icon-list-item\">\n\t\t\t\t\t\t\t\t\t\t\t<span class=\"elementor-icon-list-icon\">\n\t\t\t\t\t\t\t<i aria-hidden=\"true\" class=\"fas fa-times\"><\/i>\t\t\t\t\t\t<\/span>\n\t\t\t\t\t\t\t\t\t\t<span class=\"elementor-icon-list-text\">2 mois : travaux pratiques en rapport avec le programme de formation et les besoins des structures administratives<\/span>\n\t\t\t\t\t\t\t\t\t<\/li>\n\t\t\t\t\t\t<\/ul>\n\t\t\t\t<\/div>\n\t\t\t\t<\/div>\n\t\t\t\t\t<\/div>\n\t\t<\/div>\n\t\t\t\t\t\t\t<\/div>\n\t\t<\/section>\n\t\t\t\t<section class=\"elementor-section elementor-top-section elementor-element elementor-element-fadc288 elementor-section-boxed elementor-section-height-default elementor-section-height-default\" data-id=\"fadc288\" data-element_type=\"section\" data-settings=\"{&quot;background_background&quot;:&quot;classic&quot;}\">\n\t\t\t\t\t\t<div class=\"elementor-container elementor-column-gap-default\">\n\t\t\t\t\t<div class=\"elementor-column elementor-col-50 elementor-top-column elementor-element elementor-element-f292859\" data-id=\"f292859\" data-element_type=\"column\">\n\t\t\t<div class=\"elementor-widget-wrap elementor-element-populated\">\n\t\t\t\t\t\t\t\t<div class=\"elementor-element elementor-element-56e354c elementor-widget elementor-widget-heading\" data-id=\"56e354c\" data-element_type=\"widget\" data-widget_type=\"heading.default\">\n\t\t\t\t<div class=\"elementor-widget-container\">\n\t\t\t<h2 class=\"elementor-heading-title elementor-size-default\">L\u2019\u00e9valuation<\/h2>\t\t<\/div>\n\t\t\t\t<\/div>\n\t\t\t\t<div class=\"elementor-element elementor-element-662cbce elementor-widget elementor-widget-text-editor\" data-id=\"662cbce\" data-element_type=\"widget\" data-widget_type=\"text-editor.default\">\n\t\t\t\t<div class=\"elementor-widget-container\">\n\t\t\t\t\t<div class=\"elementor-text-editor elementor-clearfix\"><p>Les r\u00e9sultats de la formation des \u00e9l\u00e8ves sont \u00e9valu\u00e9s sur la base :<\/p><\/div>\n\t\t\t\t<\/div>\n\t\t\t\t<\/div>\n\t\t\t\t<div class=\"elementor-element elementor-element-7468046 elementor-widget elementor-widget-heading\" data-id=\"7468046\" data-element_type=\"widget\" data-widget_type=\"heading.default\">\n\t\t\t\t<div class=\"elementor-widget-container\">\n\t\t\t<h2 class=\"elementor-heading-title elementor-size-default\">Le contr\u00f4le continu<\/h2>\t\t<\/div>\n\t\t\t\t<\/div>\n\t\t\t\t<div class=\"elementor-element elementor-element-76e2451 elementor-icon-list--layout-traditional elementor-list-item-link-full_width elementor-widget elementor-widget-icon-list\" data-id=\"76e2451\" data-element_type=\"widget\" data-widget_type=\"icon-list.default\">\n\t\t\t\t<div class=\"elementor-widget-container\">\n\t\t\t\t\t<ul class=\"elementor-icon-list-items\">\n\t\t\t\t\t\t\t<li class=\"elementor-icon-list-item\">\n\t\t\t\t\t\t\t\t\t\t\t<span class=\"elementor-icon-list-icon\">\n\t\t\t\t\t\t\t<i aria-hidden=\"true\" class=\"fas fa-times\"><\/i>\t\t\t\t\t\t<\/span>\n\t\t\t\t\t\t\t\t\t\t<span class=\"elementor-icon-list-text\">le contr\u00f4le continu peut se faire par tests \u00e9crits ou tests oraux ou les deux \u00e0 la fois<\/span>\n\t\t\t\t\t\t\t\t\t<\/li>\n\t\t\t\t\t\t\t\t<li class=\"elementor-icon-list-item\">\n\t\t\t\t\t\t\t\t\t\t\t<span class=\"elementor-icon-list-icon\">\n\t\t\t\t\t\t\t<i aria-hidden=\"true\" class=\"fas fa-times\"><\/i>\t\t\t\t\t\t<\/span>\n\t\t\t\t\t\t\t\t\t\t<span class=\"elementor-icon-list-text\">est conf\u00e9r\u00e9e \u00e0 la moyenne du contr\u00f4le continu 50 % de la moyenne g\u00e9n\u00e9rale<\/span>\n\t\t\t\t\t\t\t\t\t<\/li>\n\t\t\t\t\t\t<\/ul>\n\t\t\t\t<\/div>\n\t\t\t\t<\/div>\n\t\t\t\t\t<\/div>\n\t\t<\/div>\n\t\t\t\t<div class=\"elementor-column elementor-col-50 elementor-top-column elementor-element elementor-element-f8bca1e\" data-id=\"f8bca1e\" data-element_type=\"column\">\n\t\t\t<div class=\"elementor-widget-wrap elementor-element-populated\">\n\t\t\t\t\t\t\t\t<div class=\"elementor-element elementor-element-523f981 elementor-widget elementor-widget-heading\" data-id=\"523f981\" data-element_type=\"widget\" data-widget_type=\"heading.default\">\n\t\t\t\t<div class=\"elementor-widget-container\">\n\t\t\t<h2 class=\"elementor-heading-title elementor-size-default\">L\u2019examen de sortie<\/h2>\t\t<\/div>\n\t\t\t\t<\/div>\n\t\t\t\t<div class=\"elementor-element elementor-element-82691bb elementor-icon-list--layout-traditional elementor-list-item-link-full_width elementor-widget elementor-widget-icon-list\" data-id=\"82691bb\" data-element_type=\"widget\" data-widget_type=\"icon-list.default\">\n\t\t\t\t<div class=\"elementor-widget-container\">\n\t\t\t\t\t<ul class=\"elementor-icon-list-items\">\n\t\t\t\t\t\t\t<li class=\"elementor-icon-list-item\">\n\t\t\t\t\t\t\t\t\t\t\t<span class=\"elementor-icon-list-icon\">\n\t\t\t\t\t\t\t<i aria-hidden=\"true\" class=\"fas fa-times\"><\/i>\t\t\t\t\t\t<\/span>\n\t\t\t\t\t\t\t\t\t\t<span class=\"elementor-icon-list-text\"> l\u2019examen de sortie est compos\u00e9 de 5 \u00e9preuves \u00e9crites bas\u00e9es chacune sur un module de chaque axe fondamental de formation choisi par le directeur de l\u2019\u00e9cole et fix\u00e9 par d\u00e9cision<\/span>\n\t\t\t\t\t\t\t\t\t<\/li>\n\t\t\t\t\t\t\t\t<li class=\"elementor-icon-list-item\">\n\t\t\t\t\t\t\t\t\t\t\t<span class=\"elementor-icon-list-icon\">\n\t\t\t\t\t\t\t<i aria-hidden=\"true\" class=\"fas fa-times\"><\/i>\t\t\t\t\t\t<\/span>\n\t\t\t\t\t\t\t\t\t\t<span class=\"elementor-icon-list-text\">les \u00e9l\u00e8ves sont inform\u00e9s du calendrier de l\u2019examen et de la liste des modules sur lesquels porteront les \u00e9preuves \u00e9crites, quinze jours au moins avant la date de leur d\u00e9roulement<\/span>\n\t\t\t\t\t\t\t\t\t<\/li>\n\t\t\t\t\t\t\t\t<li class=\"elementor-icon-list-item\">\n\t\t\t\t\t\t\t\t\t\t\t<span class=\"elementor-icon-list-icon\">\n\t\t\t\t\t\t\t<i aria-hidden=\"true\" class=\"fas fa-times\"><\/i>\t\t\t\t\t\t<\/span>\n\t\t\t\t\t\t\t\t\t\t<span class=\"elementor-icon-list-text\">la moyenne de l\u2019examen final est consid\u00e9r\u00e9e \u00e0 raison de 20% de la moyenne g\u00e9n\u00e9rale<\/span>\n\t\t\t\t\t\t\t\t\t<\/li>\n\t\t\t\t\t\t<\/ul>\n\t\t\t\t<\/div>\n\t\t\t\t<\/div>\n\t\t\t\t\t<\/div>\n\t\t<\/div>\n\t\t\t\t\t\t\t<\/div>\n\t\t<\/section>\n\t\t\t\t<section class=\"elementor-section elementor-top-section elementor-element elementor-element-3f13b7b elementor-section-boxed elementor-section-height-default elementor-section-height-default\" data-id=\"3f13b7b\" data-element_type=\"section\">\n\t\t\t\t\t\t<div class=\"elementor-container elementor-column-gap-default\">\n\t\t\t\t\t<div class=\"elementor-column elementor-col-50 elementor-top-column elementor-element elementor-element-9211700\" data-id=\"9211700\" data-element_type=\"column\">\n\t\t\t<div class=\"elementor-widget-wrap elementor-element-populated\">\n\t\t\t\t\t\t\t\t<div class=\"elementor-element elementor-element-e1349e1 elementor-widget elementor-widget-heading\" data-id=\"e1349e1\" data-element_type=\"widget\" data-widget_type=\"heading.default\">\n\t\t\t\t<div class=\"elementor-widget-container\">\n\t\t\t<h3 class=\"elementor-heading-title elementor-size-default\">Les travaux pratiques d\u2019initiation \u00e0 la vie professionnelle (stage)<\/h3>\t\t<\/div>\n\t\t\t\t<\/div>\n\t\t\t\t<div class=\"elementor-element elementor-element-6e6dd94 elementor-widget elementor-widget-text-editor\" data-id=\"6e6dd94\" data-element_type=\"widget\" data-widget_type=\"text-editor.default\">\n\t\t\t\t<div class=\"elementor-widget-container\">\n\t\t\t\t\t<div class=\"elementor-text-editor elementor-clearfix\"><p>\u00a0Le \u00a0stage repr\u00e9sente 20 % lors du calcul de la moyenne g\u00e9n\u00e9rale de fin de cycle de formation.<\/p><\/div>\n\t\t\t\t<\/div>\n\t\t\t\t<\/div>\n\t\t\t\t<div class=\"elementor-element elementor-element-c8077e9 elementor-widget elementor-widget-heading\" data-id=\"c8077e9\" data-element_type=\"widget\" data-widget_type=\"heading.default\">\n\t\t\t\t<div class=\"elementor-widget-container\">\n\t\t\t<h3 class=\"elementor-heading-title elementor-size-default\">Assiduit\u00e9 et comportement<\/h3>\t\t<\/div>\n\t\t\t\t<\/div>\n\t\t\t\t<div class=\"elementor-element elementor-element-3ffe15f elementor-widget elementor-widget-text-editor\" data-id=\"3ffe15f\" data-element_type=\"widget\" data-widget_type=\"text-editor.default\">\n\t\t\t\t<div class=\"elementor-widget-container\">\n\t\t\t\t\t<div class=\"elementor-text-editor elementor-clearfix\"><div class=\"elementor-element elementor-element-42df74e elementor-widget elementor-widget-text-editor\" data-id=\"42df74e\" data-element_type=\"widget\" data-widget_type=\"text-editor.default\"><div class=\"elementor-widget-container\"><div class=\"elementor-text-editor elementor-clearfix\"><p>La pr\u00e9sence des \u00e9l\u00e8ves aux diff\u00e9rents enseignements et programmes de formation y compris le stage est obligatoire.<br \/>Le directeur de l\u2019\u00e9cole attribut \u00e0 chaque \u00e9l\u00e8ve une note comprise entre 0 et 20 relative \u00e0 l\u2019assiduit\u00e9 et au comportement. Cette note repr\u00e9sente 10% de la moyenne g\u00e9n\u00e9rale de sortie.<\/p><\/div><\/div><\/div><div class=\"elementor-element elementor-element-42f395b elementor-widget elementor-widget-rt-heading\" data-id=\"42f395b\" data-element_type=\"widget\" data-widget_type=\"rt-heading.default\"><div class=\"elementor-widget-container\">\u00a0<\/div><\/div><\/div>\n\t\t\t\t<\/div>\n\t\t\t\t<\/div>\n\t\t\t\t<div class=\"elementor-element elementor-element-a1f20dc elementor-widget elementor-widget-heading\" data-id=\"a1f20dc\" data-element_type=\"widget\" data-widget_type=\"heading.default\">\n\t\t\t\t<div class=\"elementor-widget-container\">\n\t\t\t<h3 class=\"elementor-heading-title elementor-size-default\">Moyenne G\u00e9n\u00e9rale<\/h3>\t\t<\/div>\n\t\t\t\t<\/div>\n\t\t\t\t<div class=\"elementor-element elementor-element-1677b68 elementor-widget elementor-widget-text-editor\" data-id=\"1677b68\" data-element_type=\"widget\" data-widget_type=\"text-editor.default\">\n\t\t\t\t<div class=\"elementor-widget-container\">\n\t\t\t\t\t<div class=\"elementor-text-editor elementor-clearfix\"><p>A l\u2019issue de la formation, l\u2019\u00e9l\u00e8ve ayant obtenu une moyenne g\u00e9n\u00e9rale de sortie \u00e9gale ou sup\u00e9rieure \u00e0 10 sur 20 est nomm\u00e9 au grade d\u2019attach\u00e9 d\u2019administration ou dans un autre grade \u00e9quivalent.<br \/>Tout \u00e9l\u00e8ve qui n\u2019a pas obtenu cette moyenne g\u00e9n\u00e9rale est exclu.<br \/>Les composantes de l\u2019\u00e9valuation globale se r\u00e9partissent ainsi :<\/p><\/div>\n\t\t\t\t<\/div>\n\t\t\t\t<\/div>\n\t\t\t\t\t<\/div>\n\t\t<\/div>\n\t\t\t\t<div class=\"elementor-column elementor-col-50 elementor-top-column elementor-element elementor-element-99a5a86\" data-id=\"99a5a86\" data-element_type=\"column\">\n\t\t\t<div class=\"elementor-widget-wrap elementor-element-populated\">\n\t\t\t\t\t\t\t\t<div class=\"elementor-element elementor-element-4bc6454 elementor-widget elementor-widget-html\" data-id=\"4bc6454\" data-element_type=\"widget\" data-widget_type=\"html.default\">\n\t\t\t\t<div class=\"elementor-widget-container\">\n\t\t\t<font size=\"4\" face=\"almarai\">\r\n<table border=\"1\" style=\"border-collapse: collapse; color:black; width: 100%; \">\r\n\r\n<tbody><tr>\r\n<td style=\"width: 60%; background-color: #294274;  text-align: center;\"><strong>Composante<\/strong><\/td>\r\n<td style=\"width: 40%; background-color: #c20c0d;  text-align: center;\"><strong>en %<\/strong><\/td><\/tr>\r\n\r\n<tr><td><p class=\"bodytext\"><span style=\"font-weight: bold;\">Contr\u00f4le continu<\/span><\/p><\/td>\r\n<td><p class=\"bodytext\"><span style=\"font-weight: bold;\">50%<\/span><\/p><\/td><\/tr><tr>\r\n<td><p class=\"bodytext\">\u2013 Moyenne des tests \u00e9crits<\/p><\/td>\r\n<td><p class=\"bodytext\">25%<\/p><\/td><\/tr><tr>\r\n<td><p class=\"bodytext\">\u2013 Moyenne des tests oraux<\/p><\/td>\r\n<td><p class=\"bodytext\">25%<\/p><\/td><\/tr><tr>\r\n<td><p class=\"bodytext\"><span style=\"font-weight: bold;\">Examen de sortie<\/span><\/p><\/td>\r\n<td><p class=\"bodytext\"><span style=\"font-weight: bold;\">20%<\/span><\/p><\/td><\/tr><tr>\r\n<td><p class=\"bodytext\">\u2013&nbsp;Epreuves \u00e9crites<\/p><\/td>\r\n<td><p class=\"bodytext\">20%<\/p><\/td><\/tr><tr>\r\n<td><p class=\"bodytext\"><span style=\"font-weight: bold;\">Travaux pratiques d\u2019initiation \u00e0 la vie professionnelle<\/span><\/p><\/td><td><p class=\"bodytext\"><span style=\"font-weight: bold;\"><span style=\"white-space: pre;\">2<\/span>0%<\/span><\/p><\/td><\/tr><tr><td><p class=\"bodytext\">\u2013 Evaluation du rapport<\/p><\/td><td><p class=\"bodytext\">15%<\/p><\/td><\/tr><tr><td><p class=\"bodytext\">\u2013 Conduite et assiduit\u00e9<\/p><\/td><td><p class=\"bodytext\">5%<\/p><\/td><\/tr><tr><td rowspan=\"1\"><p class=\"bodytext\"><span style=\"font-weight: bold;\">Assiduit\u00e9 et comportement<\/span><\/p><\/td><td rowspan=\"1\"><p class=\"bodytext\"><span style=\"font-weight: bold;\">10%<\/span><\/p><\/td><\/tr><\/tbody>\r\n<\/table>\r\n<\/font>\t\t<\/div>\n\t\t\t\t<\/div>\n\t\t\t\t\t<\/div>\n\t\t<\/div>\n\t\t\t\t\t\t\t<\/div>\n\t\t<\/section>\n\t\t\t\t<section class=\"elementor-section elementor-top-section elementor-element elementor-element-f21e8ad elementor-section-boxed elementor-section-height-default elementor-section-height-default\" data-id=\"f21e8ad\" data-element_type=\"section\" data-settings=\"{&quot;background_background&quot;:&quot;classic&quot;}\">\n\t\t\t\t\t\t<div class=\"elementor-container elementor-column-gap-default\">\n\t\t\t\t\t<div class=\"elementor-column elementor-col-100 elementor-top-column elementor-element elementor-element-735a4e0\" data-id=\"735a4e0\" data-element_type=\"column\">\n\t\t\t<div class=\"elementor-widget-wrap elementor-element-populated\">\n\t\t\t\t\t\t\t\t<div class=\"elementor-element elementor-element-e02a13b elementor-widget elementor-widget-heading\" data-id=\"e02a13b\" data-element_type=\"widget\" data-widget_type=\"heading.default\">\n\t\t\t\t<div class=\"elementor-widget-container\">\n\t\t\t<h2 class=\"elementor-heading-title elementor-size-default\">Stage<\/h2>\t\t<\/div>\n\t\t\t\t<\/div>\n\t\t\t\t<div class=\"elementor-element elementor-element-b2666d7 elementor-widget elementor-widget-text-editor\" data-id=\"b2666d7\" data-element_type=\"widget\" data-widget_type=\"text-editor.default\">\n\t\t\t\t<div class=\"elementor-widget-container\">\n\t\t\t\t\t<div class=\"elementor-text-editor elementor-clearfix\"><p>Les \u00e9l\u00e8ves dudit cycle sont appel\u00e9s \u00e0 effectuer un stage pratique d\u2019une dur\u00e9e de deux (02) mois d\u2019initiation \u00e0 la vie professionnelle qui se d\u00e9roule aupr\u00e8s de structures \u00a0de l\u2019administration centrale r\u00e9gionale et locale particuli\u00e8rement aupr\u00e8s de structures charg\u00e9es de la gestion du personnel, du mat\u00e9riel et des b\u00e2timents et \u00a0les services financiers ainsi que \u00a0les bureaux de relations avec le citoyen.<br \/>Chaque \u00e9l\u00e8ve est tenu de pr\u00e9senter au terme de son \u00a0stage un rapport d\u2019activit\u00e9s servant de base pour l\u2019\u00e9valuation dudit stage.<br \/>Une note est attribu\u00e9e au titre de l\u2019\u00e9valuation du contenu \u00e9crit du rapport qui repr\u00e9sente la moyenne de 15% lors du calcul de la moyenne du stage.\u00a0<br \/>Le Directeur de l\u2019\u00e9cole attribue \u00e0 chaque \u00e9l\u00e8ve, sur la base des observations \u00e9mises par le chef de stage, une note au titre de l\u2019\u00e9valuation de la conduite et de l\u2019assiduit\u00e9 de l\u2019\u00e9l\u00e8ve durant le stage. \u00a0Cette note \u00a0repr\u00e9sente 5% lors du calcul de la moyenne du stage.<br \/>Le \u00a0stage repr\u00e9sente 20 % lors du calcul de la moyenne g\u00e9n\u00e9rale de fin de cycle de formation.<\/p><\/div>\n\t\t\t\t<\/div>\n\t\t\t\t<\/div>\n\t\t\t\t\t<\/div>\n\t\t<\/div>\n\t\t\t\t\t\t\t<\/div>\n\t\t<\/section>\n\t\t\t\t\t\t<\/div>\n\t\t\t\t\t<\/div>\n\t\t","protected":false},"excerpt":{"rendered":"<p>L\u2019Ecole Nationale d\u2019Administration assure la formation des agents appel\u00e9s \u00e0 occuper des fonctions administratives de la sous cat\u00e9gorie \u00abA3\u00bb dans les administrations centrales, r\u00e9gionales et locales et dans les \u00e9tablissements publics \u00e0 caract\u00e8re administratif. Cette formation s\u2019effectue dans le cadre d\u2019un cycle de formation ayant pour but la pr\u00e9paration des \u00e9l\u00e8ves aux t\u00e2ches et fonctions &hellip; <br \/><a href=\"https:\/\/www.ena.tn\/fr\/formation-de-base\/cycle-de-formation-des-agents-de-la-sous-categorie-a3\/\" class=\"more-link\">Continue reading <span class=\"screen-reader-text\">Cycle de formation des agents de la sous cat\u00e9gorie A3<\/span><\/a><\/p>\n","protected":false},"author":1,"featured_media":0,"parent":8144,"menu_order":0,"comment_status":"closed","ping_status":"closed","template":"","meta":{"footnotes":""},"class_list":["post-8120","page","type-page","status-publish","hentry"],"_links":{"self":[{"href":"https:\/\/www.ena.tn\/fr\/wp-json\/wp\/v2\/pages\/8120","targetHints":{"allow":["GET"]}}],"collection":[{"href":"https:\/\/www.ena.tn\/fr\/wp-json\/wp\/v2\/pages"}],"about":[{"href":"https:\/\/www.ena.tn\/fr\/wp-json\/wp\/v2\/types\/page"}],"author":[{"embeddable":true,"href":"https:\/\/www.ena.tn\/fr\/wp-json\/wp\/v2\/users\/1"}],"replies":[{"embeddable":true,"href":"https:\/\/www.ena.tn\/fr\/wp-json\/wp\/v2\/comments?post=8120"}],"version-history":[{"count":20,"href":"https:\/\/www.ena.tn\/fr\/wp-json\/wp\/v2\/pages\/8120\/revisions"}],"predecessor-version":[{"id":8158,"href":"https:\/\/www.ena.tn\/fr\/wp-json\/wp\/v2\/pages\/8120\/revisions\/8158"}],"up":[{"embeddable":true,"href":"https:\/\/www.ena.tn\/fr\/wp-json\/wp\/v2\/pages\/8144"}],"wp:attachment":[{"href":"https:\/\/www.ena.tn\/fr\/wp-json\/wp\/v2\/media?parent=8120"}],"curies":[{"name":"wp","href":"https:\/\/api.w.org\/{rel}","templated":true}]}}