{"id":8144,"date":"2021-04-09T22:15:32","date_gmt":"2021-04-09T21:15:32","guid":{"rendered":"http:\/\/193.95.2.39\/?page_id=8144"},"modified":"2021-04-09T22:31:03","modified_gmt":"2021-04-09T21:31:03","slug":"formation-de-base","status":"publish","type":"page","link":"https:\/\/www.ena.tn\/fr\/formation-de-base\/","title":{"rendered":"Formation de base"},"content":{"rendered":"\t\t<div data-elementor-type=\"wp-page\" data-elementor-id=\"8144\" class=\"elementor elementor-8144\" data-elementor-settings=\"[]\">\n\t\t\t\t\t\t\t<div class=\"elementor-section-wrap\">\n\t\t\t\t\t\t\t<section class=\"elementor-section elementor-top-section elementor-element elementor-element-2dbb28c elementor-section-boxed elementor-section-height-default elementor-section-height-default\" data-id=\"2dbb28c\" data-element_type=\"section\">\n\t\t\t\t\t\t<div class=\"elementor-container elementor-column-gap-default\">\n\t\t\t\t\t<div class=\"elementor-column elementor-col-100 elementor-top-column elementor-element elementor-element-faeb996\" data-id=\"faeb996\" data-element_type=\"column\">\n\t\t\t<div class=\"elementor-widget-wrap elementor-element-populated\">\n\t\t\t\t\t\t\t\t<div class=\"elementor-element elementor-element-8ba26cb elementor-icon-list--layout-traditional elementor-list-item-link-full_width elementor-widget elementor-widget-icon-list\" data-id=\"8ba26cb\" data-element_type=\"widget\" data-widget_type=\"icon-list.default\">\n\t\t\t\t<div class=\"elementor-widget-container\">\n\t\t\t\t\t<ul class=\"elementor-icon-list-items\">\n\t\t\t\t\t\t\t<li class=\"elementor-icon-list-item\">\n\t\t\t\t\t<a href=\"http:\/\/193.95.2.39\/formation-de-base\/cycle-superieur\/\">\t\t\t\t\t\t<span class=\"elementor-icon-list-icon\">\n\t\t\t\t\t\t\t<i aria-hidden=\"true\" class=\"fas fa-check\"><\/i>\t\t\t\t\t\t<\/span>\n\t\t\t\t\t\t\t\t\t\t<span class=\"elementor-icon-list-text\">CYCLE SUP\u00c9RIEUR<\/span>\n\t\t\t\t\t\t\t\t\t\t\t<\/a>\n\t\t\t\t\t\t\t\t\t<\/li>\n\t\t\t\t\t\t\t\t<li class=\"elementor-icon-list-item\">\n\t\t\t\t\t<a href=\"http:\/\/193.95.2.39\/formation-de-base\/cycle-superieur\/guide-pedagogique\/\">\t\t\t\t\t\t<span class=\"elementor-icon-list-icon\">\n\t\t\t\t\t\t\t<i aria-hidden=\"true\" class=\"fas fa-chevron-right\"><\/i>\t\t\t\t\t\t<\/span>\n\t\t\t\t\t\t\t\t\t\t<span class=\"elementor-icon-list-text\">Guide P\u00e9dagogique<\/span>\n\t\t\t\t\t\t\t\t\t\t\t<\/a>\n\t\t\t\t\t\t\t\t\t<\/li>\n\t\t\t\t\t\t\t\t<li class=\"elementor-icon-list-item\">\n\t\t\t\t\t<a href=\"http:\/\/193.95.2.39\/formation-de-base\/cycle-superieur\/statistiques-des-sortants-du-cycle-superieur\/\">\t\t\t\t\t\t<span class=\"elementor-icon-list-icon\">\n\t\t\t\t\t\t\t<i aria-hidden=\"true\" class=\"fas fa-chevron-right\"><\/i>\t\t\t\t\t\t<\/span>\n\t\t\t\t\t\t\t\t\t\t<span class=\"elementor-icon-list-text\">Statistiques des sortants du cycle sup\u00e9rieur<\/span>\n\t\t\t\t\t\t\t\t\t\t\t<\/a>\n\t\t\t\t\t\t\t\t\t<\/li>\n\t\t\t\t\t\t\t\t<li class=\"elementor-icon-list-item\">\n\t\t\t\t\t<a href=\"http:\/\/193.95.2.39\/formation-de-base\/cycle-de-formation-des-cadres-moyens-de-la-sous-categorie-a2\/\">\t\t\t\t\t\t<span class=\"elementor-icon-list-icon\">\n\t\t\t\t\t\t\t<i aria-hidden=\"true\" class=\"fas fa-check\"><\/i>\t\t\t\t\t\t<\/span>\n\t\t\t\t\t\t\t\t\t\t<span class=\"elementor-icon-list-text\">CYCLE DE FORMATION DES CADRES MOYENS DE LA SOUS CAT\u00c9GORIE A2<\/span>\n\t\t\t\t\t\t\t\t\t\t\t<\/a>\n\t\t\t\t\t\t\t\t\t<\/li>\n\t\t\t\t\t\t\t\t<li class=\"elementor-icon-list-item\">\n\t\t\t\t\t<a href=\"http:\/\/193.95.2.39\/formation-de-base\/cycle-de-formation-des-cadres-moyens-de-la-sous-categorie-a2\/statistiques-des-sortants-du-cycle-de-formation-des-cadres-moyens-de-la-sous-categorie-a2\/\">\t\t\t\t\t\t<span class=\"elementor-icon-list-icon\">\n\t\t\t\t\t\t\t<i aria-hidden=\"true\" class=\"fas fa-chevron-right\"><\/i>\t\t\t\t\t\t<\/span>\n\t\t\t\t\t\t\t\t\t\t<span class=\"elementor-icon-list-text\">Statistiques des sortants du Cycle de formation des cadres moyens de la sous-cat\u00e9gorie A2<\/span>\n\t\t\t\t\t\t\t\t\t\t\t<\/a>\n\t\t\t\t\t\t\t\t\t<\/li>\n\t\t\t\t\t\t\t\t<li class=\"elementor-icon-list-item\">\n\t\t\t\t\t<a href=\"http:\/\/193.95.2.39\/formation-de-base\/cycle-de-formation-des-agents-de-la-sous-categorie-a3\/\">\t\t\t\t\t\t<span class=\"elementor-icon-list-icon\">\n\t\t\t\t\t\t\t<i aria-hidden=\"true\" class=\"fas fa-check\"><\/i>\t\t\t\t\t\t<\/span>\n\t\t\t\t\t\t\t\t\t\t<span class=\"elementor-icon-list-text\">CYCLE DE FORMATION DES AGENTS DE LA SOUS CAT\u00c9GORIE A3<\/span>\n\t\t\t\t\t\t\t\t\t\t\t<\/a>\n\t\t\t\t\t\t\t\t\t<\/li>\n\t\t\t\t\t\t<\/ul>\n\t\t\t\t<\/div>\n\t\t\t\t<\/div>\n\t\t\t\t\t<\/div>\n\t\t<\/div>\n\t\t\t\t\t\t\t<\/div>\n\t\t<\/section>\n\t\t\t\t\t\t<\/div>\n\t\t\t\t\t<\/div>\n\t\t","protected":false},"excerpt":{"rendered":"<p>CYCLE SUP\u00c9RIEUR Guide P\u00e9dagogique Statistiques des sortants du cycle sup\u00e9rieur CYCLE DE FORMATION DES CADRES MOYENS DE LA SOUS CAT\u00c9GORIE A2 Statistiques des sortants du Cycle de formation des cadres moyens de la sous-cat\u00e9gorie A2 CYCLE DE FORMATION DES AGENTS DE LA SOUS CAT\u00c9GORIE A3<\/p>\n","protected":false},"author":1,"featured_media":0,"parent":0,"menu_order":0,"comment_status":"closed","ping_status":"closed","template":"","meta":{"footnotes":""},"class_list":["post-8144","page","type-page","status-publish","hentry"],"_links":{"self":[{"href":"https:\/\/www.ena.tn\/fr\/wp-json\/wp\/v2\/pages\/8144","targetHints":{"allow":["GET"]}}],"collection":[{"href":"https:\/\/www.ena.tn\/fr\/wp-json\/wp\/v2\/pages"}],"about":[{"href":"https:\/\/www.ena.tn\/fr\/wp-json\/wp\/v2\/types\/page"}],"author":[{"embeddable":true,"href":"https:\/\/www.ena.tn\/fr\/wp-json\/wp\/v2\/users\/1"}],"replies":[{"embeddable":true,"href":"https:\/\/www.ena.tn\/fr\/wp-json\/wp\/v2\/comments?post=8144"}],"version-history":[{"count":22,"href":"https:\/\/www.ena.tn\/fr\/wp-json\/wp\/v2\/pages\/8144\/revisions"}],"predecessor-version":[{"id":8173,"href":"https:\/\/www.ena.tn\/fr\/wp-json\/wp\/v2\/pages\/8144\/revisions\/8173"}],"wp:attachment":[{"href":"https:\/\/www.ena.tn\/fr\/wp-json\/wp\/v2\/media?parent=8144"}],"curies":[{"name":"wp","href":"https:\/\/api.w.org\/{rel}","templated":true}]}}