{"id":8210,"date":"2021-04-09T23:50:02","date_gmt":"2021-04-09T22:50:02","guid":{"rendered":"http:\/\/193.95.2.39\/?page_id=8210"},"modified":"2021-04-10T00:23:53","modified_gmt":"2021-04-09T23:23:53","slug":"sessions-de-formation-de-courte-duree","status":"publish","type":"page","link":"https:\/\/www.ena.tn\/fr\/formation-continue\/sessions-de-formation-de-courte-duree\/","title":{"rendered":"Sessions de formation de courte dur\u00e9e"},"content":{"rendered":"\t\t<div data-elementor-type=\"wp-page\" data-elementor-id=\"8210\" class=\"elementor elementor-8210\" data-elementor-settings=\"[]\">\n\t\t\t\t\t\t\t<div class=\"elementor-section-wrap\">\n\t\t\t\t\t\t\t<section class=\"elementor-section elementor-top-section elementor-element elementor-element-07642c6 elementor-section-boxed elementor-section-height-default elementor-section-height-default\" data-id=\"07642c6\" data-element_type=\"section\">\n\t\t\t\t\t\t<div class=\"elementor-container elementor-column-gap-default\">\n\t\t\t\t\t<div class=\"elementor-column elementor-col-50 elementor-top-column elementor-element elementor-element-8493fa9\" data-id=\"8493fa9\" data-element_type=\"column\">\n\t\t\t<div class=\"elementor-widget-wrap elementor-element-populated\">\n\t\t\t\t\t\t\t\t<div class=\"elementor-element elementor-element-53c3cdd elementor-widget elementor-widget-image\" data-id=\"53c3cdd\" data-element_type=\"widget\" data-widget_type=\"image.default\">\n\t\t\t\t<div class=\"elementor-widget-container\">\n\t\t\t\t\t<div class=\"elementor-image\">\n\t\t\t\t\t\t\t\t\t\t<img loading=\"lazy\" decoding=\"async\" width=\"660\" height=\"440\" src=\"https:\/\/www.ena.tn\/wp-content\/uploads\/2021\/03\/IMG_4412-1024x683.jpg\" class=\"attachment-large size-large\" alt=\"\" srcset=\"https:\/\/www.ena.tn\/wp-content\/uploads\/2021\/03\/IMG_4412-1024x683.jpg 1024w, https:\/\/www.ena.tn\/wp-content\/uploads\/2021\/03\/IMG_4412-300x200.jpg 300w, https:\/\/www.ena.tn\/wp-content\/uploads\/2021\/03\/IMG_4412-768x512.jpg 768w, https:\/\/www.ena.tn\/wp-content\/uploads\/2021\/03\/IMG_4412-1536x1024.jpg 1536w, https:\/\/www.ena.tn\/wp-content\/uploads\/2021\/03\/IMG_4412-2048x1365.jpg 2048w\" sizes=\"auto, (max-width: 660px) 100vw, 660px\" \/>\t\t\t\t\t\t\t\t\t\t\t<\/div>\n\t\t\t\t<\/div>\n\t\t\t\t<\/div>\n\t\t\t\t\t<\/div>\n\t\t<\/div>\n\t\t\t\t<div class=\"elementor-column elementor-col-50 elementor-top-column elementor-element elementor-element-3999397\" data-id=\"3999397\" data-element_type=\"column\">\n\t\t\t<div class=\"elementor-widget-wrap elementor-element-populated\">\n\t\t\t\t\t\t\t\t<div class=\"elementor-element elementor-element-5020d3f elementor-widget elementor-widget-heading\" data-id=\"5020d3f\" data-element_type=\"widget\" data-widget_type=\"heading.default\">\n\t\t\t\t<div class=\"elementor-widget-container\">\n\t\t\t<h3 class=\"elementor-heading-title elementor-size-default\">Sessions de formation de courte dur\u00e9e<\/h3>\t\t<\/div>\n\t\t\t\t<\/div>\n\t\t\t\t<div class=\"elementor-element elementor-element-cc34f81 elementor-widget elementor-widget-text-editor\" data-id=\"cc34f81\" data-element_type=\"widget\" data-widget_type=\"text-editor.default\">\n\t\t\t\t<div class=\"elementor-widget-container\">\n\t\t\t\t\t<div class=\"elementor-text-editor elementor-clearfix\"><p>L\u2019Ecole organise des sessions de formation de courte dur\u00e9e en management public au profit des cadres et agents des d\u00e9partements minist\u00e9riels.\n\nLa formation est asur\u00e9e conform\u00e9ment \u00e0 un arr\u00eat\u00e9 du Pr\u00e9sident du gouvernement et porte sur deux axes:\n\n\n\n<ul>\n \t<li>le droit et l&rsquo;administration<\/li>\n \t<li>la gestion publique<\/li>\n<\/ul>\nL\u2019Ecole fait appel \u00e0 des universitaires, des experts et des cadres de l\u2019administration pour assurer ces formations.<\/p><\/div>\n\t\t\t\t<\/div>\n\t\t\t\t<\/div>\n\t\t\t\t\t<\/div>\n\t\t<\/div>\n\t\t\t\t\t\t\t<\/div>\n\t\t<\/section>\n\t\t\t\t<section class=\"elementor-section elementor-top-section elementor-element elementor-element-98a42b8 elementor-section-boxed elementor-section-height-default elementor-section-height-default\" data-id=\"98a42b8\" data-element_type=\"section\">\n\t\t\t\t\t\t<div class=\"elementor-container elementor-column-gap-default\">\n\t\t\t\t\t<div class=\"elementor-column elementor-col-100 elementor-top-column elementor-element elementor-element-ad300c7\" data-id=\"ad300c7\" data-element_type=\"column\">\n\t\t\t<div class=\"elementor-widget-wrap elementor-element-populated\">\n\t\t\t\t\t\t\t\t<div class=\"elementor-element elementor-element-5a8418d elementor-widget elementor-widget-heading\" data-id=\"5a8418d\" data-element_type=\"widget\" data-widget_type=\"heading.default\">\n\t\t\t\t<div class=\"elementor-widget-container\">\n\t\t\t<h2 class=\"elementor-heading-title elementor-size-default\">Sessions (2013-2014)<\/h2>\t\t<\/div>\n\t\t\t\t<\/div>\n\t\t\t\t\t<\/div>\n\t\t<\/div>\n\t\t\t\t\t\t\t<\/div>\n\t\t<\/section>\n\t\t\t\t<section class=\"elementor-section elementor-top-section elementor-element elementor-element-1aa445d elementor-section-boxed elementor-section-height-default elementor-section-height-default\" data-id=\"1aa445d\" data-element_type=\"section\">\n\t\t\t\t\t\t<div class=\"elementor-container elementor-column-gap-default\">\n\t\t\t\t\t<div class=\"elementor-column elementor-col-100 elementor-top-column elementor-element elementor-element-7a38be7\" data-id=\"7a38be7\" data-element_type=\"column\">\n\t\t\t<div class=\"elementor-widget-wrap elementor-element-populated\">\n\t\t\t\t\t\t\t\t<div class=\"elementor-element elementor-element-5fee20f elementor-widget elementor-widget-html\" data-id=\"5fee20f\" data-element_type=\"widget\" data-widget_type=\"html.default\">\n\t\t\t\t<div class=\"elementor-widget-container\">\n\t\t\t<font size=\"4\" face=\"almarai\">\r\n<table border=\"1\" style=\"border-collapse: collapse; color:black; width: 100%; \">\r\n\r\n<tbody><tr>\r\n<td style=\"width: 40%; background-color: #294274;  text-align: center;\">B\u00e9n\u00e9ficiaires<\/td>\r\n<td style=\"width: 40%; background-color: #c20c0d;  text-align: center;\">P\u00e9riode<\/td>\r\n<td style=\"width: 20%; background-color: #294274;  text-align: center;\">Nombre<\/td><\/tr>\r\n<tr><td>Cadres du Minist\u00e8re de l\u2019int\u00e9rieur<\/td><td>2 janvier 2014 au 29 janvier 2014<\/td>\r\n<td>20<\/td><\/tr><tr>\r\n<td>Cadres du Minist\u00e8re des affaires religieuses<\/td>\r\n<td>4 novembre 2013 au 4 d\u00e9cembre 2013<\/td><td>30<\/td><\/tr><tr>\r\n<td>Cadres du Minist\u00e8re des affaires religieuses<\/td>\r\n<td>2 d\u00e9cembre 2013 au 28 d\u00e9cembre 2013<\/td>\r\n<td>30<\/td><\/tr><tr>\r\n<td>Cadres du Minist\u00e8re des affaires religieuses<\/td>\r\n<td>16 septembre 2013 au 14 octobre 2013<\/td><td>30<\/td><\/tr><tr>\r\n<td>Cadres du Minist\u00e8re des affaires religieuses<\/td>\r\n<td>10 juin 2013 au 10 juillet 2013<\/td><td>75<\/td><\/tr><tr>\r\n<td>Cadres du Minist\u00e8re de l\u2019int\u00e9rieur<\/td>\r\n<td>15 avril 2013 au 15 mai 2013<\/td><td>21<\/td><\/tr><tr>\r\n<td rowspan=\"1\">Cadres du Minist\u00e8re des affaires religieuses<\/td>\r\n<td rowspan=\"1\">4 mars 2013 au 5 avril 2013<\/td><td rowspan=\"1\">25<\/td><\/tr><tr>\r\n<td rowspan=\"1\">Cadres du Minist\u00e8re de la sant\u00e9 publique<\/td>\r\n<td rowspan=\"1\">5 janvier 2013 au 19 f\u00e9vrier 2013<\/td>\r\n<td rowspan=\"1\">29<\/td><\/tr><tr><td colspan=\"&quot;2\" rowspan=\"1\"><\/td>\r\n<td rowspan=\"1\"><\/td><td rowspan=\"1\"><span style=\"font-weight: bold;\">260<\/span><\/td><\/tr>\r\n<\/tbody><\/table>\r\n\r\n\r\n<\/font>\t\t<\/div>\n\t\t\t\t<\/div>\n\t\t\t\t\t<\/div>\n\t\t<\/div>\n\t\t\t\t\t\t\t<\/div>\n\t\t<\/section>\n\t\t\t\t\t\t<\/div>\n\t\t\t\t\t<\/div>\n\t\t","protected":false},"excerpt":{"rendered":"<p>Sessions de formation de courte dur\u00e9e L\u2019Ecole organise des sessions de formation de courte dur\u00e9e en management public au profit des cadres et agents des d\u00e9partements minist\u00e9riels. La formation est asur\u00e9e conform\u00e9ment \u00e0 un arr\u00eat\u00e9 du Pr\u00e9sident du gouvernement et porte sur deux axes: le droit et l&rsquo;administration la gestion publique L\u2019Ecole fait appel \u00e0 &hellip; <br \/><a href=\"https:\/\/www.ena.tn\/fr\/formation-continue\/sessions-de-formation-de-courte-duree\/\" class=\"more-link\">Continue reading <span class=\"screen-reader-text\">Sessions de formation de courte dur\u00e9e<\/span><\/a><\/p>\n","protected":false},"author":1,"featured_media":0,"parent":8243,"menu_order":0,"comment_status":"closed","ping_status":"closed","template":"","meta":{"footnotes":""},"class_list":["post-8210","page","type-page","status-publish","hentry"],"_links":{"self":[{"href":"https:\/\/www.ena.tn\/fr\/wp-json\/wp\/v2\/pages\/8210","targetHints":{"allow":["GET"]}}],"collection":[{"href":"https:\/\/www.ena.tn\/fr\/wp-json\/wp\/v2\/pages"}],"about":[{"href":"https:\/\/www.ena.tn\/fr\/wp-json\/wp\/v2\/types\/page"}],"author":[{"embeddable":true,"href":"https:\/\/www.ena.tn\/fr\/wp-json\/wp\/v2\/users\/1"}],"replies":[{"embeddable":true,"href":"https:\/\/www.ena.tn\/fr\/wp-json\/wp\/v2\/comments?post=8210"}],"version-history":[{"count":17,"href":"https:\/\/www.ena.tn\/fr\/wp-json\/wp\/v2\/pages\/8210\/revisions"}],"predecessor-version":[{"id":8256,"href":"https:\/\/www.ena.tn\/fr\/wp-json\/wp\/v2\/pages\/8210\/revisions\/8256"}],"up":[{"embeddable":true,"href":"https:\/\/www.ena.tn\/fr\/wp-json\/wp\/v2\/pages\/8243"}],"wp:attachment":[{"href":"https:\/\/www.ena.tn\/fr\/wp-json\/wp\/v2\/media?parent=8210"}],"curies":[{"name":"wp","href":"https:\/\/api.w.org\/{rel}","templated":true}]}}