{"id":8229,"date":"2021-04-10T00:02:32","date_gmt":"2021-04-09T23:02:32","guid":{"rendered":"http:\/\/193.95.2.39\/?page_id=8229"},"modified":"2023-03-02T09:49:39","modified_gmt":"2023-03-02T08:49:39","slug":"informations-generales","status":"publish","type":"page","link":"https:\/\/www.ena.tn\/fr\/concours\/informations-generales\/","title":{"rendered":"Informations g\u00e9n\u00e9rales"},"content":{"rendered":"\t\t<div data-elementor-type=\"wp-page\" data-elementor-id=\"8229\" class=\"elementor elementor-8229\" data-elementor-settings=\"[]\">\n\t\t\t\t\t\t\t<div class=\"elementor-section-wrap\">\n\t\t\t\t\t\t\t<section class=\"elementor-section elementor-top-section elementor-element elementor-element-0e28e37 elementor-section-boxed elementor-section-height-default elementor-section-height-default\" data-id=\"0e28e37\" data-element_type=\"section\">\n\t\t\t\t\t\t<div class=\"elementor-container elementor-column-gap-default\">\n\t\t\t\t\t<div class=\"elementor-column elementor-col-50 elementor-top-column elementor-element elementor-element-562f1f9\" data-id=\"562f1f9\" data-element_type=\"column\">\n\t\t\t<div class=\"elementor-widget-wrap elementor-element-populated\">\n\t\t\t\t\t\t\t\t<div class=\"elementor-element elementor-element-1b4c5c7 elementor-widget elementor-widget-heading\" data-id=\"1b4c5c7\" data-element_type=\"widget\" data-widget_type=\"heading.default\">\n\t\t\t\t<div class=\"elementor-widget-container\">\n\t\t\t<h2 class=\"elementor-heading-title elementor-size-default\">R\u00e9f\u00e9rences juridiques<\/h2>\t\t<\/div>\n\t\t\t\t<\/div>\n\t\t\t\t<div class=\"elementor-element elementor-element-1f5a2ce elementor-icon-list--layout-traditional elementor-list-item-link-full_width elementor-widget elementor-widget-icon-list\" data-id=\"1f5a2ce\" data-element_type=\"widget\" data-widget_type=\"icon-list.default\">\n\t\t\t\t<div class=\"elementor-widget-container\">\n\t\t\t\t\t<ul class=\"elementor-icon-list-items\">\n\t\t\t\t\t\t\t<li class=\"elementor-icon-list-item\">\n\t\t\t\t\t\t\t\t\t\t\t<span class=\"elementor-icon-list-icon\">\n\t\t\t\t\t\t\t<i aria-hidden=\"true\" class=\"fas fa-times\"><\/i>\t\t\t\t\t\t<\/span>\n\t\t\t\t\t\t\t\t\t\t<span class=\"elementor-icon-list-text\"> Le d\u00e9cret n\u00b0 2004-78 du 14 janvier 2004 relatif aux concours d'entr\u00e9e aux cycles de formation \u00e0 l'\u00e9cole nationale d'administration tel qu'il a \u00e9t\u00e9 modifi\u00e9 et compl\u00e9t\u00e9 par le d\u00e9cret n\u00b02007-1938 du 30 juillet 2007 et le d\u00e9cret n\u00b02010-3465 du 28 d\u00e9cembre 2010<\/span>\n\t\t\t\t\t\t\t\t\t<\/li>\n\t\t\t\t\t\t\t\t<li class=\"elementor-icon-list-item\">\n\t\t\t\t\t\t\t\t\t\t\t<span class=\"elementor-icon-list-icon\">\n\t\t\t\t\t\t\t<i aria-hidden=\"true\" class=\"fas fa-times\"><\/i>\t\t\t\t\t\t<\/span>\n\t\t\t\t\t\t\t\t\t\t<span class=\"elementor-icon-list-text\">L'arr\u00eat\u00e9 du premier ministre du 07 ao\u00fbt 2007 fixant les \u00e9preuves des concours d'entr\u00e9e aux cycles de formation \u00e0 l'\u00e9cole nationale d'administration<\/span>\n\t\t\t\t\t\t\t\t\t<\/li>\n\t\t\t\t\t\t\t\t<li class=\"elementor-icon-list-item\">\n\t\t\t\t\t\t\t\t\t\t\t<span class=\"elementor-icon-list-icon\">\n\t\t\t\t\t\t\t<i aria-hidden=\"true\" class=\"fas fa-times\"><\/i>\t\t\t\t\t\t<\/span>\n\t\t\t\t\t\t\t\t\t\t<span class=\"elementor-icon-list-text\">L'arr\u00eat\u00e9 du premier ministre du 07 ao\u00fbt 2007 fixant les dipl\u00f4mes nationaux requis pour les concours d'entr\u00e9e aux cycles de formation \u00e0 l'\u00e9cole nationale d'administration tel qu'il a \u00e9t\u00e9 modifi\u00e9 par l'arr\u00eat\u00e9 du premier ministre du 01 mars 2010<\/span>\n\t\t\t\t\t\t\t\t\t<\/li>\n\t\t\t\t\t\t<\/ul>\n\t\t\t\t<\/div>\n\t\t\t\t<\/div>\n\t\t\t\t\t<\/div>\n\t\t<\/div>\n\t\t\t\t<div class=\"elementor-column elementor-col-50 elementor-top-column elementor-element elementor-element-7407ae5\" data-id=\"7407ae5\" data-element_type=\"column\">\n\t\t\t<div class=\"elementor-widget-wrap elementor-element-populated\">\n\t\t\t\t\t\t\t\t<div class=\"elementor-element elementor-element-5f4bee6 elementor-widget elementor-widget-image\" data-id=\"5f4bee6\" data-element_type=\"widget\" data-widget_type=\"image.default\">\n\t\t\t\t<div class=\"elementor-widget-container\">\n\t\t\t\t\t<div class=\"elementor-image\">\n\t\t\t\t\t\t\t\t\t\t<img loading=\"lazy\" decoding=\"async\" width=\"660\" height=\"440\" src=\"https:\/\/www.ena.tn\/wp-content\/uploads\/2021\/04\/IMG_4393-1024x683.jpg\" class=\"attachment-large size-large\" alt=\"\" srcset=\"https:\/\/www.ena.tn\/wp-content\/uploads\/2021\/04\/IMG_4393-1024x683.jpg 1024w, https:\/\/www.ena.tn\/wp-content\/uploads\/2021\/04\/IMG_4393-300x200.jpg 300w, https:\/\/www.ena.tn\/wp-content\/uploads\/2021\/04\/IMG_4393-768x512.jpg 768w, https:\/\/www.ena.tn\/wp-content\/uploads\/2021\/04\/IMG_4393-1536x1024.jpg 1536w, https:\/\/www.ena.tn\/wp-content\/uploads\/2021\/04\/IMG_4393-2048x1365.jpg 2048w\" sizes=\"auto, (max-width: 660px) 100vw, 660px\" \/>\t\t\t\t\t\t\t\t\t\t\t<\/div>\n\t\t\t\t<\/div>\n\t\t\t\t<\/div>\n\t\t\t\t\t<\/div>\n\t\t<\/div>\n\t\t\t\t\t\t\t<\/div>\n\t\t<\/section>\n\t\t\t\t<section class=\"elementor-section elementor-top-section elementor-element elementor-element-bf8383c elementor-section-boxed elementor-section-height-default elementor-section-height-default\" data-id=\"bf8383c\" data-element_type=\"section\">\n\t\t\t\t\t\t<div class=\"elementor-container elementor-column-gap-default\">\n\t\t\t\t\t<div class=\"elementor-column elementor-col-100 elementor-top-column elementor-element elementor-element-d435442\" data-id=\"d435442\" data-element_type=\"column\">\n\t\t\t<div class=\"elementor-widget-wrap elementor-element-populated\">\n\t\t\t\t\t\t\t\t<div class=\"elementor-element elementor-element-cbeb923 elementor-widget elementor-widget-heading\" data-id=\"cbeb923\" data-element_type=\"widget\" data-widget_type=\"heading.default\">\n\t\t\t\t<div class=\"elementor-widget-container\">\n\t\t\t<h2 class=\"elementor-heading-title elementor-size-default\">Informations g\u00e9n\u00e9rales<\/h2>\t\t<\/div>\n\t\t\t\t<\/div>\n\t\t\t\t<div class=\"elementor-element elementor-element-c11280e elementor-widget elementor-widget-text-editor\" data-id=\"c11280e\" data-element_type=\"widget\" data-widget_type=\"text-editor.default\">\n\t\t\t\t<div class=\"elementor-widget-container\">\n\t\t\t\t\t<div class=\"elementor-text-editor elementor-clearfix\"><p><span style=\"color: #000000;\">L\u2019entr\u00e9e aux diff\u00e9rents cycles de formation dispens\u00e9s par l\u2019Ecole se fait par voie de concours sur \u00e9preuves.<\/span><br \/><span style=\"color: #000000;\">L\u2019Ecole organise annuellement trois (03) concours pour l\u2019entr\u00e9e :<\/span><\/p><\/div>\n\t\t\t\t<\/div>\n\t\t\t\t<\/div>\n\t\t\t\t<div class=\"elementor-element elementor-element-74caf07 elementor-icon-list--layout-traditional elementor-list-item-link-full_width elementor-widget elementor-widget-icon-list\" data-id=\"74caf07\" data-element_type=\"widget\" data-widget_type=\"icon-list.default\">\n\t\t\t\t<div class=\"elementor-widget-container\">\n\t\t\t\t\t<ul class=\"elementor-icon-list-items\">\n\t\t\t\t\t\t\t<li class=\"elementor-icon-list-item\">\n\t\t\t\t\t\t\t\t\t\t\t<span class=\"elementor-icon-list-icon\">\n\t\t\t\t\t\t\t<i aria-hidden=\"true\" class=\"fas fa-times\"><\/i>\t\t\t\t\t\t<\/span>\n\t\t\t\t\t\t\t\t\t\t<span class=\"elementor-icon-list-text\">au cycle sup\u00e9rieur<\/span>\n\t\t\t\t\t\t\t\t\t<\/li>\n\t\t\t\t\t\t\t\t<li class=\"elementor-icon-list-item\">\n\t\t\t\t\t\t\t\t\t\t\t<span class=\"elementor-icon-list-icon\">\n\t\t\t\t\t\t\t<i aria-hidden=\"true\" class=\"fas fa-times\"><\/i>\t\t\t\t\t\t<\/span>\n\t\t\t\t\t\t\t\t\t\t<span class=\"elementor-icon-list-text\">au cycle de formation des cadres moyens de la sous-cat\u00e9gorie \"A2\"<\/span>\n\t\t\t\t\t\t\t\t\t<\/li>\n\t\t\t\t\t\t\t\t<li class=\"elementor-icon-list-item\">\n\t\t\t\t\t\t\t\t\t\t\t<span class=\"elementor-icon-list-icon\">\n\t\t\t\t\t\t\t<i aria-hidden=\"true\" class=\"fas fa-times\"><\/i>\t\t\t\t\t\t<\/span>\n\t\t\t\t\t\t\t\t\t\t<span class=\"elementor-icon-list-text\">au cycle de formation des agents de la sous-cat\u00e9gorie\" A3\"<\/span>\n\t\t\t\t\t\t\t\t\t<\/li>\n\t\t\t\t\t\t<\/ul>\n\t\t\t\t<\/div>\n\t\t\t\t<\/div>\n\t\t\t\t<div class=\"elementor-element elementor-element-36bb670 elementor-widget elementor-widget-text-editor\" data-id=\"36bb670\" data-element_type=\"widget\" data-widget_type=\"text-editor.default\">\n\t\t\t\t<div class=\"elementor-widget-container\">\n\t\t\t\t\t<div class=\"elementor-text-editor elementor-clearfix\"><p><span style=\"color: #000000;\">Les informations g\u00e9n\u00e9rales qui se rapportent \u00e0 l\u2019ouverture du concours , \u00e0 l\u2019\u00e2ge de candidature requis et aux pi\u00e8ces du dossier de candidature sont :<\/span><\/p><\/div>\n\t\t\t\t<\/div>\n\t\t\t\t<\/div>\n\t\t\t\t\t<\/div>\n\t\t<\/div>\n\t\t\t\t\t\t\t<\/div>\n\t\t<\/section>\n\t\t\t\t<section class=\"elementor-section elementor-top-section elementor-element elementor-element-de8fa3f elementor-section-boxed elementor-section-height-default elementor-section-height-default\" data-id=\"de8fa3f\" data-element_type=\"section\" data-settings=\"{&quot;background_background&quot;:&quot;classic&quot;}\">\n\t\t\t\t\t\t<div class=\"elementor-container elementor-column-gap-default\">\n\t\t\t\t\t<div class=\"elementor-column elementor-col-50 elementor-top-column elementor-element elementor-element-7082aef\" data-id=\"7082aef\" data-element_type=\"column\">\n\t\t\t<div class=\"elementor-widget-wrap elementor-element-populated\">\n\t\t\t\t\t\t\t\t<div class=\"elementor-element elementor-element-e0015c2 elementor-widget elementor-widget-heading\" data-id=\"e0015c2\" data-element_type=\"widget\" data-widget_type=\"heading.default\">\n\t\t\t\t<div class=\"elementor-widget-container\">\n\t\t\t<h2 class=\"elementor-heading-title elementor-size-default\">1- Ouverture des concours<\/h2>\t\t<\/div>\n\t\t\t\t<\/div>\n\t\t\t\t<div class=\"elementor-element elementor-element-bb6ed61 elementor-widget elementor-widget-text-editor\" data-id=\"bb6ed61\" data-element_type=\"widget\" data-widget_type=\"text-editor.default\">\n\t\t\t\t<div class=\"elementor-widget-container\">\n\t\t\t\t\t<div class=\"elementor-text-editor elementor-clearfix\"><p><span style=\"color: #000000;\">Chaque concours est ouvert par arr\u00eat\u00e9 du Pr\u00e9sident du Gouvernement. Cet arr\u00eat\u00e9 comprend notamment:<\/span><\/p><\/div>\n\t\t\t\t<\/div>\n\t\t\t\t<\/div>\n\t\t\t\t<div class=\"elementor-element elementor-element-a942675 elementor-icon-list--layout-traditional elementor-list-item-link-full_width elementor-widget elementor-widget-icon-list\" data-id=\"a942675\" data-element_type=\"widget\" data-widget_type=\"icon-list.default\">\n\t\t\t\t<div class=\"elementor-widget-container\">\n\t\t\t\t\t<ul class=\"elementor-icon-list-items\">\n\t\t\t\t\t\t\t<li class=\"elementor-icon-list-item\">\n\t\t\t\t\t\t\t\t\t\t\t<span class=\"elementor-icon-list-icon\">\n\t\t\t\t\t\t\t<i aria-hidden=\"true\" class=\"fas fa-times\"><\/i>\t\t\t\t\t\t<\/span>\n\t\t\t\t\t\t\t\t\t\t<span class=\"elementor-icon-list-text\">le grade ou l\u2019ensemble des grades \u00e9quivalents objet du concours<\/span>\n\t\t\t\t\t\t\t\t\t<\/li>\n\t\t\t\t\t\t\t\t<li class=\"elementor-icon-list-item\">\n\t\t\t\t\t\t\t\t\t\t\t<span class=\"elementor-icon-list-icon\">\n\t\t\t\t\t\t\t<i aria-hidden=\"true\" class=\"fas fa-times\"><\/i>\t\t\t\t\t\t<\/span>\n\t\t\t\t\t\t\t\t\t\t<span class=\"elementor-icon-list-text\">les dipl\u00f4mes et le cas \u00e9ch\u00e9ant les sp\u00e9cialit\u00e9s requises<\/span>\n\t\t\t\t\t\t\t\t\t<\/li>\n\t\t\t\t\t\t\t\t<li class=\"elementor-icon-list-item\">\n\t\t\t\t\t\t\t\t\t\t\t<span class=\"elementor-icon-list-icon\">\n\t\t\t\t\t\t\t<i aria-hidden=\"true\" class=\"fas fa-times\"><\/i>\t\t\t\t\t\t<\/span>\n\t\t\t\t\t\t\t\t\t\t<span class=\"elementor-icon-list-text\">une \u00e9preuve de sciences \u00e9conomique et de gestion<\/span>\n\t\t\t\t\t\t\t\t\t<\/li>\n\t\t\t\t\t\t\t\t<li class=\"elementor-icon-list-item\">\n\t\t\t\t\t\t\t\t\t\t\t<span class=\"elementor-icon-list-icon\">\n\t\t\t\t\t\t\t<i aria-hidden=\"true\" class=\"fas fa-times\"><\/i>\t\t\t\t\t\t<\/span>\n\t\t\t\t\t\t\t\t\t\t<span class=\"elementor-icon-list-text\">le nombre de postes mis en concours et le cas \u00e9ch\u00e9ant, leur r\u00e9partition selon les domaines de formation des candidats<\/span>\n\t\t\t\t\t\t\t\t\t<\/li>\n\t\t\t\t\t\t\t\t<li class=\"elementor-icon-list-item\">\n\t\t\t\t\t\t\t\t\t\t\t<span class=\"elementor-icon-list-icon\">\n\t\t\t\t\t\t\t<i aria-hidden=\"true\" class=\"fas fa-times\"><\/i>\t\t\t\t\t\t<\/span>\n\t\t\t\t\t\t\t\t\t\t<span class=\"elementor-icon-list-text\">la date de cl\u00f4ture de la liste des candidatures<\/span>\n\t\t\t\t\t\t\t\t\t<\/li>\n\t\t\t\t\t\t\t\t<li class=\"elementor-icon-list-item\">\n\t\t\t\t\t\t\t\t\t\t\t<span class=\"elementor-icon-list-icon\">\n\t\t\t\t\t\t\t<i aria-hidden=\"true\" class=\"fas fa-times\"><\/i>\t\t\t\t\t\t<\/span>\n\t\t\t\t\t\t\t\t\t\t<span class=\"elementor-icon-list-text\">la date de d\u00e9roulement de l\u2019\u00e9preuve ou des \u00e9preuves d\u2019admissibilit\u00e9<\/span>\n\t\t\t\t\t\t\t\t\t<\/li>\n\t\t\t\t\t\t\t\t<li class=\"elementor-icon-list-item\">\n\t\t\t\t\t\t\t\t\t\t\t<span class=\"elementor-icon-list-icon\">\n\t\t\t\t\t\t\t<i aria-hidden=\"true\" class=\"fas fa-times\"><\/i>\t\t\t\t\t\t<\/span>\n\t\t\t\t\t\t\t\t\t\t<span class=\"elementor-icon-list-text\">l\u2019adresse \u00e9lectronique pour s\u2019inscrire \u00e0 distance et le lieu de d\u00e9p\u00f4t des dossiers de candidature et l\u2019adresse administrative de l\u2019\u00e9cole nationale d\u2019administration pour l\u2019envoi des dossiers par voie recommand\u00e9e avec accus\u00e9 de r\u00e9ception<\/span>\n\t\t\t\t\t\t\t\t\t<\/li>\n\t\t\t\t\t\t<\/ul>\n\t\t\t\t<\/div>\n\t\t\t\t<\/div>\n\t\t\t\t<div class=\"elementor-element elementor-element-12ad074 elementor-widget elementor-widget-text-editor\" data-id=\"12ad074\" data-element_type=\"widget\" data-widget_type=\"text-editor.default\">\n\t\t\t\t<div class=\"elementor-widget-container\">\n\t\t\t\t\t<div class=\"elementor-text-editor elementor-clearfix\"><p><span style=\"color: #000000;\">L\u2019examen oral a lieu devant un jury dont les membres sont d\u00e9sign\u00e9s par d\u00e9cision du directeur de l\u2019\u00e9cole.<\/span><\/p><\/div>\n\t\t\t\t<\/div>\n\t\t\t\t<\/div>\n\t\t\t\t\t<\/div>\n\t\t<\/div>\n\t\t\t\t<div class=\"elementor-column elementor-col-50 elementor-top-column elementor-element elementor-element-5fd02be\" data-id=\"5fd02be\" data-element_type=\"column\">\n\t\t\t<div class=\"elementor-widget-wrap elementor-element-populated\">\n\t\t\t\t\t\t\t\t<div class=\"elementor-element elementor-element-2772ab0 elementor-widget elementor-widget-heading\" data-id=\"2772ab0\" data-element_type=\"widget\" data-widget_type=\"heading.default\">\n\t\t\t\t<div class=\"elementor-widget-container\">\n\t\t\t<h2 class=\"elementor-heading-title elementor-size-default\">2- Age<\/h2>\t\t<\/div>\n\t\t\t\t<\/div>\n\t\t\t\t<div class=\"elementor-element elementor-element-c3f65ea elementor-widget elementor-widget-text-editor\" data-id=\"c3f65ea\" data-element_type=\"widget\" data-widget_type=\"text-editor.default\">\n\t\t\t\t<div class=\"elementor-widget-container\">\n\t\t\t\t\t<div class=\"elementor-text-editor elementor-clearfix\"><p><span style=\"color: #000000;\">L\u2019\u00e2ge maximum des candidats titulaires des dipl\u00f4mes de l\u2019enseignement sup\u00e9rieur est fix\u00e9 \u00e0 trente cinq (35) ans au plus au 1er janvier de l\u2019ann\u00e9e de l\u2019ouverture du concours.<\/span><\/p><p><span style=\"color: #000000;\">Au cas o\u00f9 le candidat d\u00e9passe l\u2019\u00e2ge maximum, de par les textes en vigueur, il est octroy\u00e9 une d\u00e9rogation \u00e0 la participation aux concours d\u2019entr\u00e9e aux cycles de formation \u00e0 l\u2019ENA comme suit :<\/span><\/p><\/div>\n\t\t\t\t<\/div>\n\t\t\t\t<\/div>\n\t\t\t\t<div class=\"elementor-element elementor-element-c25ff80 elementor-widget elementor-widget-text-editor\" data-id=\"c25ff80\" data-element_type=\"widget\" data-widget_type=\"text-editor.default\">\n\t\t\t\t<div class=\"elementor-widget-container\">\n\t\t\t\t\t<div class=\"elementor-text-editor elementor-clearfix\"><ol><li><span style=\"color: #000000;\">\u00a0L\u2019\u00e2ge maximum est appr\u00e9ci\u00e9 \u00e0 compter de l\u2019ann\u00e9e d\u2019inscription du candidat sous-r\u00e9serve de son actualisation dans un bureau de l\u2019emploi et du travail ind\u00e9pendant \u00e0 titre de demandeur d\u2019emploi ou d\u2019un stage d\u2019initiation \u00e0 la vie professionnelle; et ce pour tous les concours qui seront ouverts durant les cinq (5) ann\u00e9es qui suivent cette inscription.<\/span><\/li><li><span style=\"color: #000000;\">Est d\u00e9falqu\u00e9 de l\u2019\u00e2ge du candidat la dur\u00e9e d\u2019exercice du service civil effectif \u00e9gale \u00e0 celle effectu\u00e9e dans les administrations publiques ou les collectivit\u00e9s locales ou les \u00e9tablissements publics \u00e0 caract\u00e8re non administratif, en qualit\u00e9 d\u2019agents stagiaires, titulaires, temporaires ou contractuels.<\/span><\/li><\/ol><\/div>\n\t\t\t\t<\/div>\n\t\t\t\t<\/div>\n\t\t\t\t<div class=\"elementor-element elementor-element-8143987 elementor-widget elementor-widget-text-editor\" data-id=\"8143987\" data-element_type=\"widget\" data-widget_type=\"text-editor.default\">\n\t\t\t\t<div class=\"elementor-widget-container\">\n\t\t\t\t\t<div class=\"elementor-text-editor elementor-clearfix\"><p><span style=\"color: #000000;\">Dans ces deux cas , le candidat d\u00e9passant l\u2019\u00e2ge de trente cinq (35) ans doit pr\u00e9senter une pi\u00e8ce administrative officielle attestant le droit \u00e0 la candidature : un relev\u00e9 de service actualis\u00e9 et dat\u00e9 conform\u00e9ment aux textes en vigueur ou une attestation d\u2019inscription dans un bureau de l\u2019emploi et du travail ind\u00e9pendant actualis\u00e9 et dat\u00e9 conform\u00e9ment aux textes en vigueur.<\/span><\/p><\/div>\n\t\t\t\t<\/div>\n\t\t\t\t<\/div>\n\t\t\t\t\t<\/div>\n\t\t<\/div>\n\t\t\t\t\t\t\t<\/div>\n\t\t<\/section>\n\t\t\t\t\t\t<\/div>\n\t\t\t\t\t<\/div>\n\t\t","protected":false},"excerpt":{"rendered":"<p>R\u00e9f\u00e9rences juridiques Le d\u00e9cret n\u00b0 2004-78 du 14 janvier 2004 relatif aux concours d&rsquo;entr\u00e9e aux cycles de formation \u00e0 l&rsquo;\u00e9cole nationale d&rsquo;administration tel qu&rsquo;il a \u00e9t\u00e9 modifi\u00e9 et compl\u00e9t\u00e9 par le d\u00e9cret n\u00b02007-1938 du 30 juillet 2007 et le d\u00e9cret n\u00b02010-3465 du 28 d\u00e9cembre 2010 L&rsquo;arr\u00eat\u00e9 du premier ministre du 07 ao\u00fbt 2007 fixant les &hellip; <br \/><a href=\"https:\/\/www.ena.tn\/fr\/concours\/informations-generales\/\" class=\"more-link\">Continue reading <span class=\"screen-reader-text\">Informations g\u00e9n\u00e9rales<\/span><\/a><\/p>\n","protected":false},"author":1,"featured_media":0,"parent":8257,"menu_order":0,"comment_status":"closed","ping_status":"closed","template":"","meta":{"footnotes":""},"class_list":["post-8229","page","type-page","status-publish","hentry"],"_links":{"self":[{"href":"https:\/\/www.ena.tn\/fr\/wp-json\/wp\/v2\/pages\/8229","targetHints":{"allow":["GET"]}}],"collection":[{"href":"https:\/\/www.ena.tn\/fr\/wp-json\/wp\/v2\/pages"}],"about":[{"href":"https:\/\/www.ena.tn\/fr\/wp-json\/wp\/v2\/types\/page"}],"author":[{"embeddable":true,"href":"https:\/\/www.ena.tn\/fr\/wp-json\/wp\/v2\/users\/1"}],"replies":[{"embeddable":true,"href":"https:\/\/www.ena.tn\/fr\/wp-json\/wp\/v2\/comments?post=8229"}],"version-history":[{"count":14,"href":"https:\/\/www.ena.tn\/fr\/wp-json\/wp\/v2\/pages\/8229\/revisions"}],"predecessor-version":[{"id":16494,"href":"https:\/\/www.ena.tn\/fr\/wp-json\/wp\/v2\/pages\/8229\/revisions\/16494"}],"up":[{"embeddable":true,"href":"https:\/\/www.ena.tn\/fr\/wp-json\/wp\/v2\/pages\/8257"}],"wp:attachment":[{"href":"https:\/\/www.ena.tn\/fr\/wp-json\/wp\/v2\/media?parent=8229"}],"curies":[{"name":"wp","href":"https:\/\/api.w.org\/{rel}","templated":true}]}}