{"id":8336,"date":"2021-04-11T13:29:39","date_gmt":"2021-04-11T12:29:39","guid":{"rendered":"http:\/\/193.95.2.39\/?page_id=8336"},"modified":"2021-04-11T16:35:48","modified_gmt":"2021-04-11T15:35:48","slug":"preparation-au-concours","status":"publish","type":"page","link":"https:\/\/www.ena.tn\/fr\/concours\/cycle-superieur\/preparation-au-concours\/","title":{"rendered":"Pr\u00e9paration au concours"},"content":{"rendered":"\t\t<div data-elementor-type=\"wp-page\" data-elementor-id=\"8336\" class=\"elementor elementor-8336\" data-elementor-settings=\"[]\">\n\t\t\t\t\t\t\t<div class=\"elementor-section-wrap\">\n\t\t\t\t\t\t\t<section class=\"elementor-section elementor-top-section elementor-element elementor-element-46ca007 elementor-section-boxed elementor-section-height-default elementor-section-height-default\" data-id=\"46ca007\" data-element_type=\"section\">\n\t\t\t\t\t\t<div class=\"elementor-container elementor-column-gap-default\">\n\t\t\t\t\t<div class=\"elementor-column elementor-col-100 elementor-top-column elementor-element elementor-element-8ec978a\" data-id=\"8ec978a\" data-element_type=\"column\">\n\t\t\t<div class=\"elementor-widget-wrap elementor-element-populated\">\n\t\t\t\t\t\t\t\t<div class=\"elementor-element elementor-element-cea765e elementor-widget elementor-widget-heading\" data-id=\"cea765e\" data-element_type=\"widget\" data-widget_type=\"heading.default\">\n\t\t\t\t<div class=\"elementor-widget-container\">\n\t\t\t<h2 class=\"elementor-heading-title elementor-size-default\">Supports p\u00e9dagogiques destin\u00e9s aux ing\u00e9nieurs<\/h2>\t\t<\/div>\n\t\t\t\t<\/div>\n\t\t\t\t\t<\/div>\n\t\t<\/div>\n\t\t\t\t\t\t\t<\/div>\n\t\t<\/section>\n\t\t\t\t<section class=\"elementor-section elementor-top-section elementor-element elementor-element-958eb11 elementor-section-boxed elementor-section-height-default elementor-section-height-default\" data-id=\"958eb11\" data-element_type=\"section\">\n\t\t\t\t\t\t<div class=\"elementor-container elementor-column-gap-default\">\n\t\t\t\t\t<div class=\"elementor-column elementor-col-50 elementor-top-column elementor-element elementor-element-9bab5e9\" data-id=\"9bab5e9\" data-element_type=\"column\">\n\t\t\t<div class=\"elementor-widget-wrap elementor-element-populated\">\n\t\t\t\t\t\t\t\t<div class=\"elementor-element elementor-element-a94df73 elementor-widget elementor-widget-heading\" data-id=\"a94df73\" data-element_type=\"widget\" data-widget_type=\"heading.default\">\n\t\t\t\t<div class=\"elementor-widget-container\">\n\t\t\t<h3 class=\"elementor-heading-title elementor-size-default\">Economie et gestion<\/h3>\t\t<\/div>\n\t\t\t\t<\/div>\n\t\t\t\t<div class=\"elementor-element elementor-element-a0716f0 elementor-icon-list--layout-traditional elementor-list-item-link-full_width elementor-widget elementor-widget-icon-list\" data-id=\"a0716f0\" data-element_type=\"widget\" data-widget_type=\"icon-list.default\">\n\t\t\t\t<div class=\"elementor-widget-container\">\n\t\t\t\t\t<ul class=\"elementor-icon-list-items\">\n\t\t\t\t\t\t\t<li class=\"elementor-icon-list-item\">\n\t\t\t\t\t<a href=\"http:\/\/193.95.2.39\/wp-content\/uploads\/2021\/04\/EcoAxe1.pdf\" target=\"_blank\">\t\t\t\t\t\t<span class=\"elementor-icon-list-icon\">\n\t\t\t\t\t\t\t<i aria-hidden=\"true\" class=\"fas fa-book-open\"><\/i>\t\t\t\t\t\t<\/span>\n\t\t\t\t\t\t\t\t\t\t<span class=\"elementor-icon-list-text\"> Axe 1: Donn\u00e9es de base de l\u2019\u00e9conomie tunisienne<\/span>\n\t\t\t\t\t\t\t\t\t\t\t<\/a>\n\t\t\t\t\t\t\t\t\t<\/li>\n\t\t\t\t\t\t\t\t<li class=\"elementor-icon-list-item\">\n\t\t\t\t\t<a href=\"http:\/\/193.95.2.39\/wp-content\/uploads\/2021\/04\/EcoAxe2.pdf\" target=\"_blank\">\t\t\t\t\t\t<span class=\"elementor-icon-list-icon\">\n\t\t\t\t\t\t\t<i aria-hidden=\"true\" class=\"fas fa-book-open\"><\/i>\t\t\t\t\t\t<\/span>\n\t\t\t\t\t\t\t\t\t\t<span class=\"elementor-icon-list-text\"> Axe 2: L\u2019entreprise<\/span>\n\t\t\t\t\t\t\t\t\t\t\t<\/a>\n\t\t\t\t\t\t\t\t\t<\/li>\n\t\t\t\t\t\t\t\t<li class=\"elementor-icon-list-item\">\n\t\t\t\t\t<a href=\"http:\/\/193.95.2.39\/wp-content\/uploads\/2021\/04\/EcoAxe3.pdf\" target=\"_blank\">\t\t\t\t\t\t<span class=\"elementor-icon-list-icon\">\n\t\t\t\t\t\t\t<i aria-hidden=\"true\" class=\"fas fa-book-open\"><\/i>\t\t\t\t\t\t<\/span>\n\t\t\t\t\t\t\t\t\t\t<span class=\"elementor-icon-list-text\">Axe 3: Les m\u00e9nages<\/span>\n\t\t\t\t\t\t\t\t\t\t\t<\/a>\n\t\t\t\t\t\t\t\t\t<\/li>\n\t\t\t\t\t\t\t\t<li class=\"elementor-icon-list-item\">\n\t\t\t\t\t<a href=\"http:\/\/193.95.2.39\/wp-content\/uploads\/2021\/04\/EcoAxe4.pdf\" target=\"_blank\">\t\t\t\t\t\t<span class=\"elementor-icon-list-icon\">\n\t\t\t\t\t\t\t<i aria-hidden=\"true\" class=\"fas fa-book-open\"><\/i>\t\t\t\t\t\t<\/span>\n\t\t\t\t\t\t\t\t\t\t<span class=\"elementor-icon-list-text\"> Axe 4: Fluctuations et croissance<\/span>\n\t\t\t\t\t\t\t\t\t\t\t<\/a>\n\t\t\t\t\t\t\t\t\t<\/li>\n\t\t\t\t\t\t\t\t<li class=\"elementor-icon-list-item\">\n\t\t\t\t\t<a href=\"http:\/\/193.95.2.39\/wp-content\/uploads\/2021\/04\/EcoAxe5.pdf\" target=\"_blank\">\t\t\t\t\t\t<span class=\"elementor-icon-list-icon\">\n\t\t\t\t\t\t\t<i aria-hidden=\"true\" class=\"fas fa-book-open\"><\/i>\t\t\t\t\t\t<\/span>\n\t\t\t\t\t\t\t\t\t\t<span class=\"elementor-icon-list-text\"> Axe 5: Monnaie et financement<\/span>\n\t\t\t\t\t\t\t\t\t\t\t<\/a>\n\t\t\t\t\t\t\t\t\t<\/li>\n\t\t\t\t\t\t\t\t<li class=\"elementor-icon-list-item\">\n\t\t\t\t\t<a href=\"http:\/\/193.95.2.39\/wp-content\/uploads\/2021\/04\/EcoAxe6.pdf\" target=\"_blank\">\t\t\t\t\t\t<span class=\"elementor-icon-list-icon\">\n\t\t\t\t\t\t\t<i aria-hidden=\"true\" class=\"fas fa-book-open\"><\/i>\t\t\t\t\t\t<\/span>\n\t\t\t\t\t\t\t\t\t\t<span class=\"elementor-icon-list-text\"> Axe 6: Les \u00e9changes ext\u00e9rieurs<\/span>\n\t\t\t\t\t\t\t\t\t\t\t<\/a>\n\t\t\t\t\t\t\t\t\t<\/li>\n\t\t\t\t\t\t\t\t<li class=\"elementor-icon-list-item\">\n\t\t\t\t\t<a href=\"http:\/\/193.95.2.39\/wp-content\/uploads\/2021\/04\/EcoAxe7.pdf\" target=\"_blank\">\t\t\t\t\t\t<span class=\"elementor-icon-list-icon\">\n\t\t\t\t\t\t\t<i aria-hidden=\"true\" class=\"fas fa-book-open\"><\/i>\t\t\t\t\t\t<\/span>\n\t\t\t\t\t\t\t\t\t\t<span class=\"elementor-icon-list-text\"> Axe 7: Politique Economique<\/span>\n\t\t\t\t\t\t\t\t\t\t\t<\/a>\n\t\t\t\t\t\t\t\t\t<\/li>\n\t\t\t\t\t\t\t\t<li class=\"elementor-icon-list-item\">\n\t\t\t\t\t<a href=\"http:\/\/193.95.2.39\/wp-content\/uploads\/2021\/04\/EcoAxe8.pdf\" target=\"_blank\">\t\t\t\t\t\t<span class=\"elementor-icon-list-icon\">\n\t\t\t\t\t\t\t<i aria-hidden=\"true\" class=\"fas fa-book-open\"><\/i>\t\t\t\t\t\t<\/span>\n\t\t\t\t\t\t\t\t\t\t<span class=\"elementor-icon-list-text\"> Axe 8: Statistiques<\/span>\n\t\t\t\t\t\t\t\t\t\t\t<\/a>\n\t\t\t\t\t\t\t\t\t<\/li>\n\t\t\t\t\t\t<\/ul>\n\t\t\t\t<\/div>\n\t\t\t\t<\/div>\n\t\t\t\t\t<\/div>\n\t\t<\/div>\n\t\t\t\t<div class=\"elementor-column elementor-col-50 elementor-top-column elementor-element elementor-element-906c233\" data-id=\"906c233\" data-element_type=\"column\">\n\t\t\t<div class=\"elementor-widget-wrap elementor-element-populated\">\n\t\t\t\t\t\t\t\t<div class=\"elementor-element elementor-element-877cf91 elementor-widget elementor-widget-heading\" data-id=\"877cf91\" data-element_type=\"widget\" data-widget_type=\"heading.default\">\n\t\t\t\t<div class=\"elementor-widget-container\">\n\t\t\t<h3 class=\"elementor-heading-title elementor-size-default\">Droit<\/h3>\t\t<\/div>\n\t\t\t\t<\/div>\n\t\t\t\t<div class=\"elementor-element elementor-element-bfa298f elementor-align-left elementor-absolute elementor-icon-list--layout-traditional elementor-list-item-link-full_width elementor-widget elementor-widget-icon-list\" data-id=\"bfa298f\" data-element_type=\"widget\" data-settings=\"{&quot;_position&quot;:&quot;absolute&quot;}\" data-widget_type=\"icon-list.default\">\n\t\t\t\t<div class=\"elementor-widget-container\">\n\t\t\t\t\t<ul class=\"elementor-icon-list-items\">\n\t\t\t\t\t\t\t<li class=\"elementor-icon-list-item\">\n\t\t\t\t\t<a href=\"http:\/\/193.95.2.39\/wp-content\/uploads\/2021\/04\/DroitAxe1.pdf\" target=\"_blank\">\t\t\t\t\t\t<span class=\"elementor-icon-list-icon\">\n\t\t\t\t\t\t\t<i aria-hidden=\"true\" class=\"fas fa-book-open\"><\/i>\t\t\t\t\t\t<\/span>\n\t\t\t\t\t\t\t\t\t\t<span class=\"elementor-icon-list-text\"> Axe 1: Droit constitutionnel et institutions politiques<\/span>\n\t\t\t\t\t\t\t\t\t\t\t<\/a>\n\t\t\t\t\t\t\t\t\t<\/li>\n\t\t\t\t\t\t\t\t<li class=\"elementor-icon-list-item\">\n\t\t\t\t\t<a href=\"http:\/\/193.95.2.39\/wp-content\/uploads\/2021\/04\/DroitAxe2.pdf\" target=\"_blank\">\t\t\t\t\t\t<span class=\"elementor-icon-list-icon\">\n\t\t\t\t\t\t\t<i aria-hidden=\"true\" class=\"fas fa-book-open\"><\/i>\t\t\t\t\t\t<\/span>\n\t\t\t\t\t\t\t\t\t\t<span class=\"elementor-icon-list-text\">Axe 2: Droit administratif et institutions administratives<\/span>\n\t\t\t\t\t\t\t\t\t\t\t<\/a>\n\t\t\t\t\t\t\t\t\t<\/li>\n\t\t\t\t\t\t\t\t<li class=\"elementor-icon-list-item\">\n\t\t\t\t\t<a href=\"http:\/\/193.95.2.39\/wp-content\/uploads\/2021\/04\/DroitAxe3.pdf\" target=\"_blank\">\t\t\t\t\t\t<span class=\"elementor-icon-list-icon\">\n\t\t\t\t\t\t\t<i aria-hidden=\"true\" class=\"fas fa-book-open\"><\/i>\t\t\t\t\t\t<\/span>\n\t\t\t\t\t\t\t\t\t\t<span class=\"elementor-icon-list-text\">Axe 3: Finances publiques<\/span>\n\t\t\t\t\t\t\t\t\t\t\t<\/a>\n\t\t\t\t\t\t\t\t\t<\/li>\n\t\t\t\t\t\t\t\t<li class=\"elementor-icon-list-item\">\n\t\t\t\t\t<a href=\"http:\/\/193.95.2.39\/wp-content\/uploads\/2021\/04\/DroitAxe4.pdf\" target=\"_blank\">\t\t\t\t\t\t<span class=\"elementor-icon-list-icon\">\n\t\t\t\t\t\t\t<i aria-hidden=\"true\" class=\"fas fa-book-open\"><\/i>\t\t\t\t\t\t<\/span>\n\t\t\t\t\t\t\t\t\t\t<span class=\"elementor-icon-list-text\">Axe 4: Droit fiscal<\/span>\n\t\t\t\t\t\t\t\t\t\t\t<\/a>\n\t\t\t\t\t\t\t\t\t<\/li>\n\t\t\t\t\t\t<\/ul>\n\t\t\t\t<\/div>\n\t\t\t\t<\/div>\n\t\t\t\t\t<\/div>\n\t\t<\/div>\n\t\t\t\t\t\t\t<\/div>\n\t\t<\/section>\n\t\t\t\t<section class=\"elementor-section elementor-top-section elementor-element elementor-element-3e1a32c elementor-section-boxed elementor-section-height-default elementor-section-height-default\" data-id=\"3e1a32c\" data-element_type=\"section\">\n\t\t\t\t\t\t<div class=\"elementor-container elementor-column-gap-default\">\n\t\t\t\t\t<div class=\"elementor-column elementor-col-100 elementor-top-column elementor-element elementor-element-820f3e8\" data-id=\"820f3e8\" data-element_type=\"column\">\n\t\t\t<div class=\"elementor-widget-wrap elementor-element-populated\">\n\t\t\t\t\t\t\t\t<div class=\"elementor-element elementor-element-a2fe5b9 elementor-widget elementor-widget-heading\" data-id=\"a2fe5b9\" data-element_type=\"widget\" data-widget_type=\"heading.default\">\n\t\t\t\t<div class=\"elementor-widget-container\">\n\t\t\t<h2 class=\"elementor-heading-title elementor-size-default\">\u00c9preuves des sessions pr\u00e9c\u00e9dentes<\/h2>\t\t<\/div>\n\t\t\t\t<\/div>\n\t\t\t\t\t<\/div>\n\t\t<\/div>\n\t\t\t\t\t\t\t<\/div>\n\t\t<\/section>\n\t\t\t\t<section class=\"elementor-section elementor-top-section elementor-element elementor-element-da35a3a elementor-section-boxed elementor-section-height-default elementor-section-height-default\" data-id=\"da35a3a\" data-element_type=\"section\" data-settings=\"{&quot;background_background&quot;:&quot;classic&quot;}\">\n\t\t\t\t\t\t<div class=\"elementor-container elementor-column-gap-default\">\n\t\t\t\t\t<div class=\"elementor-column elementor-col-100 elementor-top-column elementor-element elementor-element-8c88461\" data-id=\"8c88461\" data-element_type=\"column\">\n\t\t\t<div class=\"elementor-widget-wrap elementor-element-populated\">\n\t\t\t\t\t\t\t\t<div class=\"elementor-element elementor-element-472fe82 elementor-tabs-view-horizontal elementor-widget elementor-widget-tabs\" data-id=\"472fe82\" data-element_type=\"widget\" data-widget_type=\"tabs.default\">\n\t\t\t\t<div class=\"elementor-widget-container\">\n\t\t\t\t\t<div class=\"elementor-tabs\">\n\t\t\t<div class=\"elementor-tabs-wrapper\" role=\"tablist\" >\n\t\t\t\t\t\t\t\t\t<div id=\"elementor-tab-title-7461\" class=\"elementor-tab-title elementor-tab-desktop-title\" aria-selected=\"true\" data-tab=\"1\" role=\"tab\" tabindex=\"0\" aria-controls=\"elementor-tab-content-7461\" aria-expanded=\"false\">2011<\/div>\n\t\t\t\t\t\t\t\t\t<div id=\"elementor-tab-title-7462\" class=\"elementor-tab-title elementor-tab-desktop-title\" aria-selected=\"false\" data-tab=\"2\" role=\"tab\" tabindex=\"-1\" aria-controls=\"elementor-tab-content-7462\" aria-expanded=\"false\">2012<\/div>\n\t\t\t\t\t\t\t\t\t<div id=\"elementor-tab-title-7463\" class=\"elementor-tab-title elementor-tab-desktop-title\" aria-selected=\"false\" data-tab=\"3\" role=\"tab\" tabindex=\"-1\" aria-controls=\"elementor-tab-content-7463\" aria-expanded=\"false\">2013<\/div>\n\t\t\t\t\t\t\t\t\t<div id=\"elementor-tab-title-7464\" class=\"elementor-tab-title elementor-tab-desktop-title\" aria-selected=\"false\" data-tab=\"4\" role=\"tab\" tabindex=\"-1\" aria-controls=\"elementor-tab-content-7464\" aria-expanded=\"false\">2014<\/div>\n\t\t\t\t\t\t\t\t\t<div id=\"elementor-tab-title-7465\" class=\"elementor-tab-title elementor-tab-desktop-title\" aria-selected=\"false\" data-tab=\"5\" role=\"tab\" tabindex=\"-1\" aria-controls=\"elementor-tab-content-7465\" aria-expanded=\"false\">2015<\/div>\n\t\t\t\t\t\t\t<\/div>\n\t\t\t<div class=\"elementor-tabs-content-wrapper\" role=\"tablist\" aria-orientation=\"vertical\">\n\t\t\t\t\t\t\t\t\t<div class=\"elementor-tab-title elementor-tab-mobile-title\" aria-selected=\"true\" data-tab=\"1\" role=\"tab\" tabindex=\"0\" aria-controls=\"elementor-tab-content-7461\" aria-expanded=\"false\">2011<\/div>\n\t\t\t\t\t<div id=\"elementor-tab-content-7461\" class=\"elementor-tab-content elementor-clearfix\" data-tab=\"1\" role=\"tabpanel\" aria-labelledby=\"elementor-tab-title-7461\" tabindex=\"0\" hidden=\"false\"><ul>\n \t<li><strong><a href=\"http:\/\/193.95.2.39\/wp-content\/uploads\/2021\/04\/CSP_2011_Eco_Ing.pdf\" target=\"_blank\" rel=\"noopener\">Economie<\/a><\/strong><\/li>\n \t<li><strong><a href=\"http:\/\/193.95.2.39\/wp-content\/uploads\/2021\/04\/CSP_2011_Eco_Ing.pdf\" target=\"_blank\" rel=\"noopener\">Economie (Ing\u00e9nieurs)<\/a><\/strong><\/li>\n \t<li><strong><a href=\"http:\/\/193.95.2.39\/wp-content\/uploads\/2021\/04\/CSP_2011_Droit_Master.pdf\" target=\"_blank\" rel=\"noopener\">Droit<\/a><\/strong><\/li>\n \t<li><strong><a href=\"http:\/\/193.95.2.39\/wp-content\/uploads\/2021\/04\/CSP_2011_Droit_Ing.pdf\" target=\"_blank\" rel=\"noopener\">Droit (Ing\u00e9nieurs)<\/a><\/strong><\/li>\n \t<li><strong><a href=\"http:\/\/193.95.2.39\/wp-content\/uploads\/2021\/04\/CSP_2011_Ang.pdf\" target=\"_blank\" rel=\"noopener\">Anglais<\/a><\/strong><\/li>\n \t<li><strong><a href=\"http:\/\/193.95.2.39\/wp-content\/uploads\/2021\/04\/CSP_2011_CG.pdf\" target=\"_blank\" rel=\"noopener\">Culture g\u00e9n\u00e9rale<\/a><\/strong><\/li>\n<\/ul><\/div>\n\t\t\t\t\t\t\t\t\t<div class=\"elementor-tab-title elementor-tab-mobile-title\" aria-selected=\"false\" data-tab=\"2\" role=\"tab\" tabindex=\"-1\" aria-controls=\"elementor-tab-content-7462\" aria-expanded=\"false\">2012<\/div>\n\t\t\t\t\t<div id=\"elementor-tab-content-7462\" class=\"elementor-tab-content elementor-clearfix\" data-tab=\"2\" role=\"tabpanel\" aria-labelledby=\"elementor-tab-title-7462\" tabindex=\"0\" hidden=\"hidden\"><ul>\n \t<li><strong><a href=\"http:\/\/193.95.2.39\/wp-content\/uploads\/2021\/04\/CSP_2012_Eco_Master.pdf\" target=\"_blank\" rel=\"noopener\">Economie<\/a><\/strong><\/li>\n \t<li><strong><a href=\"http:\/\/193.95.2.39\/wp-content\/uploads\/2021\/04\/CSP_2012_Eco_Master.pdf\" target=\"_blank\" rel=\"noopener\"><strong>Economie (Ing\u00e9nieurs)<\/strong><\/a><\/li>\n \t<li><strong><a href=\"http:\/\/193.95.2.39\/wp-content\/uploads\/2021\/04\/CSP_2012_Droit_Master.pdf\" target=\"_blank\" rel=\"noopener\">Droit<\/a><\/strong><\/li>\n \t<li><strong><a href=\"http:\/\/193.95.2.39\/wp-content\/uploads\/2021\/04\/CSP_2012_Droit_Ing.pdf\" target=\"_blank\" rel=\"noopener\">Droit (Ing\u00e9nieurs)<\/a><\/strong><\/li>\n \t<li><strong><a href=\"http:\/\/193.95.2.39\/wp-content\/uploads\/2021\/04\/CSP_2012_Ang.pdf\" target=\"_blank\" rel=\"noopener\">Anglais<\/a><\/strong><\/li>\n \t<li><strong><a href=\"http:\/\/193.95.2.39\/wp-content\/uploads\/2021\/04\/CSP_2012_CG.pdf\" target=\"_blank\" rel=\"noopener\">Culture g\u00e9n\u00e9rale<\/a><\/strong><\/li>\n<\/ul><\/div>\n\t\t\t\t\t\t\t\t\t<div class=\"elementor-tab-title elementor-tab-mobile-title\" aria-selected=\"false\" data-tab=\"3\" role=\"tab\" tabindex=\"-1\" aria-controls=\"elementor-tab-content-7463\" aria-expanded=\"false\">2013<\/div>\n\t\t\t\t\t<div id=\"elementor-tab-content-7463\" class=\"elementor-tab-content elementor-clearfix\" data-tab=\"3\" role=\"tabpanel\" aria-labelledby=\"elementor-tab-title-7463\" tabindex=\"0\" hidden=\"hidden\"><ul>\n \t<li><strong><a href=\"http:\/\/193.95.2.39\/wp-content\/uploads\/2021\/04\/CSP_2013_Eco_Master.pdf\" target=\"_blank\" rel=\"noopener\">Economie<\/a><\/strong><\/li>\n \t<li><strong><a href=\"http:\/\/193.95.2.39\/wp-content\/uploads\/2021\/04\/CSP_2013_Eco_Ing.pdf\" target=\"_blank\" rel=\"noopener\">Economie (Ing\u00e9nieurs)<\/a><\/strong><\/li>\n \t<li><strong><a href=\"http:\/\/193.95.2.39\/wp-content\/uploads\/2021\/04\/CSP_2013_Droit_Master.pdf\" target=\"_blank\" rel=\"noopener\">Droit<\/a><\/strong><\/li>\n \t<li><strong><a href=\"http:\/\/193.95.2.39\/wp-content\/uploads\/2021\/04\/CSP_2013_Droit_Ing.pdf\" target=\"_blank\" rel=\"noopener\">Droit (Ing\u00e9nieurs)<\/a><\/strong><\/li>\n \t<li><strong><a href=\"http:\/\/193.95.2.39\/wp-content\/uploads\/2021\/04\/CSP_2013_Ang.pdf\" target=\"_blank\" rel=\"noopener\">Anglais<\/a><\/strong><\/li>\n \t<li><strong><a href=\"http:\/\/193.95.2.39\/wp-content\/uploads\/2021\/04\/CSP_2013_CG.pdf\" target=\"_blank\" rel=\"noopener\">Culture g\u00e9n\u00e9rale<\/a><\/strong><\/li>\n<\/ul><\/div>\n\t\t\t\t\t\t\t\t\t<div class=\"elementor-tab-title elementor-tab-mobile-title\" aria-selected=\"false\" data-tab=\"4\" role=\"tab\" tabindex=\"-1\" aria-controls=\"elementor-tab-content-7464\" aria-expanded=\"false\">2014<\/div>\n\t\t\t\t\t<div id=\"elementor-tab-content-7464\" class=\"elementor-tab-content elementor-clearfix\" data-tab=\"4\" role=\"tabpanel\" aria-labelledby=\"elementor-tab-title-7464\" tabindex=\"0\" hidden=\"hidden\"><ul>\n \t<li><strong><a href=\"http:\/\/193.95.2.39\/wp-content\/uploads\/2021\/04\/economie_correction_csp2014.pdf\" target=\"_blank\" rel=\"noopener\">Economie<\/a><\/strong><\/li>\n \t<li><strong><a href=\"http:\/\/193.95.2.39\/wp-content\/uploads\/2021\/04\/correction_economie-ingenieur_A1-2014.pdf\" target=\"_blank\" rel=\"noopener\">Economie (Ing\u00e9nieurs)<\/a><\/strong><\/li>\n \t<li><strong><a href=\"http:\/\/193.95.2.39\/wp-content\/uploads\/2021\/04\/CSP_2015_Droit_INGENIEURS_VF.pdf\" target=\"_blank\" rel=\"noopener\">Droit<\/a><\/strong><\/li>\n \t<li><strong><a href=\"http:\/\/193.95.2.39\/wp-content\/uploads\/2021\/04\/CSP_2015_Droit_INGENIEURS_VF.pdf\" target=\"_blank\" rel=\"noopener\">Droit (Ing\u00e9nieurs)<\/a><\/strong><\/li>\n \t<li><strong><a href=\"http:\/\/193.95.2.39\/wp-content\/uploads\/2021\/04\/Correction_anglais_csp2014.pdf\" target=\"_blank\" rel=\"noopener\">Anglais<\/a><\/strong><\/li>\n \t<li><strong><a href=\"#\" target=\"_blank\" rel=\"noopener\">Culture g\u00e9n\u00e9rale<\/a><\/strong><\/li>\n<\/ul><\/div>\n\t\t\t\t\t\t\t\t\t<div class=\"elementor-tab-title elementor-tab-mobile-title\" aria-selected=\"false\" data-tab=\"5\" role=\"tab\" tabindex=\"-1\" aria-controls=\"elementor-tab-content-7465\" aria-expanded=\"false\">2015<\/div>\n\t\t\t\t\t<div id=\"elementor-tab-content-7465\" class=\"elementor-tab-content elementor-clearfix\" data-tab=\"5\" role=\"tabpanel\" aria-labelledby=\"elementor-tab-title-7465\" tabindex=\"0\" hidden=\"hidden\"><ul>\n \t<li><strong><a href=\"http:\/\/193.95.2.39\/wp-content\/uploads\/2021\/04\/CSP_2015_Economie_gestion_MASTER_VF.pdf\" target=\"_blank\" rel=\"noopener\">Economie<\/a><\/strong><\/li>\n \t<li><strong><a href=\"http:\/\/193.95.2.39\/wp-content\/uploads\/2021\/04\/CSP_2015_Economie_gestion_INGENIEURS_VF.pdf\" target=\"_blank\" rel=\"noopener\">Economie (Ing\u00e9nieurs)<\/a><\/strong><\/li>\n \t<li><strong><a href=\"http:\/\/193.95.2.39\/wp-content\/uploads\/2021\/04\/CSP_2015_Droit_MASTER_VF.pdf\" target=\"_blank\" rel=\"noopener\">Droit<\/a><\/strong><\/li>\n \t<li><strong><a href=\"http:\/\/193.95.2.39\/wp-content\/uploads\/2021\/04\/CSP_2015_Droit_INGENIEURS_VF-1.pdf\" target=\"_blank\" rel=\"noopener\">Droit (Ing\u00e9nieurs)<\/a><\/strong><\/li>\n \t<li><strong><a href=\"http:\/\/193.95.2.39\/wp-content\/uploads\/2021\/04\/CSP_2015_Anglais_VF.pdf\" target=\"_blank\" rel=\"noopener\">Anglais<\/a><\/strong><\/li>\n \t<li><strong><a href=\"http:\/\/193.95.2.39\/wp-content\/uploads\/2021\/04\/CSP_2015_CG_VF.pdf\" target=\"_blank\" rel=\"noopener\">Culture g\u00e9n\u00e9rale<\/a><\/strong><\/li>\n<\/ul><\/div>\n\t\t\t\t\t\t\t<\/div>\n\t\t<\/div>\n\t\t\t\t<\/div>\n\t\t\t\t<\/div>\n\t\t\t\t\t<\/div>\n\t\t<\/div>\n\t\t\t\t\t\t\t<\/div>\n\t\t<\/section>\n\t\t\t\t\t\t<\/div>\n\t\t\t\t\t<\/div>\n\t\t","protected":false},"excerpt":{"rendered":"<p>Supports p\u00e9dagogiques destin\u00e9s aux ing\u00e9nieurs Economie et gestion Axe 1: Donn\u00e9es de base de l\u2019\u00e9conomie tunisienne Axe 2: L\u2019entreprise Axe 3: Les m\u00e9nages Axe 4: Fluctuations et croissance Axe 5: Monnaie et financement Axe 6: Les \u00e9changes ext\u00e9rieurs Axe 7: Politique Economique Axe 8: Statistiques Droit Axe 1: Droit constitutionnel et institutions politiques Axe 2: &hellip; <br \/><a href=\"https:\/\/www.ena.tn\/fr\/concours\/cycle-superieur\/preparation-au-concours\/\" class=\"more-link\">Continue reading <span class=\"screen-reader-text\">Pr\u00e9paration au concours<\/span><\/a><\/p>\n","protected":false},"author":1,"featured_media":0,"parent":8522,"menu_order":0,"comment_status":"closed","ping_status":"closed","template":"","meta":{"footnotes":""},"class_list":["post-8336","page","type-page","status-publish","hentry"],"_links":{"self":[{"href":"https:\/\/www.ena.tn\/fr\/wp-json\/wp\/v2\/pages\/8336","targetHints":{"allow":["GET"]}}],"collection":[{"href":"https:\/\/www.ena.tn\/fr\/wp-json\/wp\/v2\/pages"}],"about":[{"href":"https:\/\/www.ena.tn\/fr\/wp-json\/wp\/v2\/types\/page"}],"author":[{"embeddable":true,"href":"https:\/\/www.ena.tn\/fr\/wp-json\/wp\/v2\/users\/1"}],"replies":[{"embeddable":true,"href":"https:\/\/www.ena.tn\/fr\/wp-json\/wp\/v2\/comments?post=8336"}],"version-history":[{"count":71,"href":"https:\/\/www.ena.tn\/fr\/wp-json\/wp\/v2\/pages\/8336\/revisions"}],"predecessor-version":[{"id":8528,"href":"https:\/\/www.ena.tn\/fr\/wp-json\/wp\/v2\/pages\/8336\/revisions\/8528"}],"up":[{"embeddable":true,"href":"https:\/\/www.ena.tn\/fr\/wp-json\/wp\/v2\/pages\/8522"}],"wp:attachment":[{"href":"https:\/\/www.ena.tn\/fr\/wp-json\/wp\/v2\/media?parent=8336"}],"curies":[{"name":"wp","href":"https:\/\/api.w.org\/{rel}","templated":true}]}}