{"id":8570,"date":"2021-04-11T17:23:10","date_gmt":"2021-04-11T16:23:10","guid":{"rendered":"http:\/\/193.95.2.39\/?page_id=8570"},"modified":"2021-04-11T17:35:43","modified_gmt":"2021-04-11T16:35:43","slug":"preparation-au-concours","status":"publish","type":"page","link":"https:\/\/www.ena.tn\/fr\/concours\/cycle-moyen\/preparation-au-concours\/","title":{"rendered":"Pr\u00e9paration au concours"},"content":{"rendered":"\t\t<div data-elementor-type=\"wp-page\" data-elementor-id=\"8570\" class=\"elementor elementor-8570\" data-elementor-settings=\"[]\">\n\t\t\t\t\t\t\t<div class=\"elementor-section-wrap\">\n\t\t\t\t\t\t\t<section class=\"elementor-section elementor-top-section elementor-element elementor-element-a990a31 elementor-section-boxed elementor-section-height-default elementor-section-height-default\" data-id=\"a990a31\" data-element_type=\"section\">\n\t\t\t\t\t\t<div class=\"elementor-container elementor-column-gap-default\">\n\t\t\t\t\t<div class=\"elementor-column elementor-col-100 elementor-top-column elementor-element elementor-element-13a5cab\" data-id=\"13a5cab\" data-element_type=\"column\">\n\t\t\t<div class=\"elementor-widget-wrap elementor-element-populated\">\n\t\t\t\t\t\t\t\t<div class=\"elementor-element elementor-element-f2dd909 elementor-widget elementor-widget-heading\" data-id=\"f2dd909\" data-element_type=\"widget\" data-widget_type=\"heading.default\">\n\t\t\t\t<div class=\"elementor-widget-container\">\n\t\t\t<h2 class=\"elementor-heading-title elementor-size-default\">\u00c9preuves des sessions pr\u00e9c\u00e9dentes<\/h2>\t\t<\/div>\n\t\t\t\t<\/div>\n\t\t\t\t\t<\/div>\n\t\t<\/div>\n\t\t\t\t\t\t\t<\/div>\n\t\t<\/section>\n\t\t\t\t<section class=\"elementor-section elementor-top-section elementor-element elementor-element-e174a9d elementor-section-boxed elementor-section-height-default elementor-section-height-default\" data-id=\"e174a9d\" data-element_type=\"section\">\n\t\t\t\t\t\t<div class=\"elementor-container elementor-column-gap-default\">\n\t\t\t\t\t<div class=\"elementor-column elementor-col-100 elementor-top-column elementor-element elementor-element-c23cc54\" data-id=\"c23cc54\" data-element_type=\"column\">\n\t\t\t<div class=\"elementor-widget-wrap elementor-element-populated\">\n\t\t\t\t\t\t\t\t<div class=\"elementor-element elementor-element-2d01352 elementor-tabs-view-horizontal elementor-widget elementor-widget-tabs\" data-id=\"2d01352\" data-element_type=\"widget\" data-widget_type=\"tabs.default\">\n\t\t\t\t<div class=\"elementor-widget-container\">\n\t\t\t\t\t<div class=\"elementor-tabs\">\n\t\t\t<div class=\"elementor-tabs-wrapper\" role=\"tablist\" >\n\t\t\t\t\t\t\t\t\t<div id=\"elementor-tab-title-4711\" class=\"elementor-tab-title elementor-tab-desktop-title\" aria-selected=\"true\" data-tab=\"1\" role=\"tab\" tabindex=\"0\" aria-controls=\"elementor-tab-content-4711\" aria-expanded=\"false\">2012<\/div>\n\t\t\t\t\t\t\t\t\t<div id=\"elementor-tab-title-4712\" class=\"elementor-tab-title elementor-tab-desktop-title\" aria-selected=\"false\" data-tab=\"2\" role=\"tab\" tabindex=\"-1\" aria-controls=\"elementor-tab-content-4712\" aria-expanded=\"false\">2013<\/div>\n\t\t\t\t\t\t\t<\/div>\n\t\t\t<div class=\"elementor-tabs-content-wrapper\" role=\"tablist\" aria-orientation=\"vertical\">\n\t\t\t\t\t\t\t\t\t<div class=\"elementor-tab-title elementor-tab-mobile-title\" aria-selected=\"true\" data-tab=\"1\" role=\"tab\" tabindex=\"0\" aria-controls=\"elementor-tab-content-4711\" aria-expanded=\"false\">2012<\/div>\n\t\t\t\t\t<div id=\"elementor-tab-content-4711\" class=\"elementor-tab-content elementor-clearfix\" data-tab=\"1\" role=\"tabpanel\" aria-labelledby=\"elementor-tab-title-4711\" tabindex=\"0\" hidden=\"false\"><ul>\n \t<li><a href=\"http:\/\/193.95.2.39\/wp-content\/uploads\/2021\/04\/a2_2012_economie.pdf\" target=\"_blank\" rel=\"noopener\">Economie<\/a><\/li>\n \t<li><a href=\"http:\/\/193.95.2.39\/wp-content\/uploads\/2021\/04\/a2_2012_droit.pdf\" target=\"_blank\" rel=\"noopener\">Droit<\/a><\/li>\n \t<li><a href=\"http:\/\/193.95.2.39\/wp-content\/uploads\/2021\/04\/a2_2012_cg.pdf\" target=\"_blank\" rel=\"noopener\">Culture g\u00e9n\u00e9rale<\/a><\/li>\n<\/ul><\/div>\n\t\t\t\t\t\t\t\t\t<div class=\"elementor-tab-title elementor-tab-mobile-title\" aria-selected=\"false\" data-tab=\"2\" role=\"tab\" tabindex=\"-1\" aria-controls=\"elementor-tab-content-4712\" aria-expanded=\"false\">2013<\/div>\n\t\t\t\t\t<div id=\"elementor-tab-content-4712\" class=\"elementor-tab-content elementor-clearfix\" data-tab=\"2\" role=\"tabpanel\" aria-labelledby=\"elementor-tab-title-4712\" tabindex=\"0\" hidden=\"hidden\"><ul>\n \t<li><a href=\"http:\/\/193.95.2.39\/wp-content\/uploads\/2021\/04\/a2_2013_eco_23122013.pdf\" target=\"_blank\" rel=\"noopener\">Economie<\/a><\/li>\n \t<li><a href=\"http:\/\/193.95.2.39\/wp-content\/uploads\/2021\/04\/a2_2013_droit_26012014.pdf\" target=\"_blank\" rel=\"noopener\">Droit<\/a><\/li>\n \t<li><a href=\"http:\/\/193.95.2.39\/wp-content\/uploads\/2021\/04\/a2_2013_cg.pdf\" target=\"_blank\" rel=\"noopener\">Culture g\u00e9n\u00e9rale<\/a><\/li>\n<\/ul><\/div>\n\t\t\t\t\t\t\t<\/div>\n\t\t<\/div>\n\t\t\t\t<\/div>\n\t\t\t\t<\/div>\n\t\t\t\t\t<\/div>\n\t\t<\/div>\n\t\t\t\t\t\t\t<\/div>\n\t\t<\/section>\n\t\t\t\t\t\t<\/div>\n\t\t\t\t\t<\/div>\n\t\t","protected":false},"excerpt":{"rendered":"<p>\u00c9preuves des sessions pr\u00e9c\u00e9dentes 2012 2013 2012 Economie Droit Culture g\u00e9n\u00e9rale 2013 Economie Droit Culture g\u00e9n\u00e9rale<\/p>\n","protected":false},"author":1,"featured_media":0,"parent":8529,"menu_order":0,"comment_status":"closed","ping_status":"closed","template":"","meta":{"footnotes":""},"class_list":["post-8570","page","type-page","status-publish","hentry"],"_links":{"self":[{"href":"https:\/\/www.ena.tn\/fr\/wp-json\/wp\/v2\/pages\/8570","targetHints":{"allow":["GET"]}}],"collection":[{"href":"https:\/\/www.ena.tn\/fr\/wp-json\/wp\/v2\/pages"}],"about":[{"href":"https:\/\/www.ena.tn\/fr\/wp-json\/wp\/v2\/types\/page"}],"author":[{"embeddable":true,"href":"https:\/\/www.ena.tn\/fr\/wp-json\/wp\/v2\/users\/1"}],"replies":[{"embeddable":true,"href":"https:\/\/www.ena.tn\/fr\/wp-json\/wp\/v2\/comments?post=8570"}],"version-history":[{"count":19,"href":"https:\/\/www.ena.tn\/fr\/wp-json\/wp\/v2\/pages\/8570\/revisions"}],"predecessor-version":[{"id":8604,"href":"https:\/\/www.ena.tn\/fr\/wp-json\/wp\/v2\/pages\/8570\/revisions\/8604"}],"up":[{"embeddable":true,"href":"https:\/\/www.ena.tn\/fr\/wp-json\/wp\/v2\/pages\/8529"}],"wp:attachment":[{"href":"https:\/\/www.ena.tn\/fr\/wp-json\/wp\/v2\/media?parent=8570"}],"curies":[{"name":"wp","href":"https:\/\/api.w.org\/{rel}","templated":true}]}}