{"id":8606,"date":"2021-04-11T17:42:41","date_gmt":"2021-04-11T16:42:41","guid":{"rendered":"http:\/\/193.95.2.39\/?page_id=8606"},"modified":"2021-04-11T17:55:51","modified_gmt":"2021-04-11T16:55:51","slug":"agents-de-la-sous-categorie-a3","status":"publish","type":"page","link":"https:\/\/www.ena.tn\/fr\/concours\/agents-de-la-sous-categorie-a3\/","title":{"rendered":"Agents de la sous cat\u00e9gorie A3"},"content":{"rendered":"\t\t<div data-elementor-type=\"wp-page\" data-elementor-id=\"8606\" class=\"elementor elementor-8606\" data-elementor-settings=\"[]\">\n\t\t\t\t\t\t\t<div class=\"elementor-section-wrap\">\n\t\t\t\t\t\t\t<section class=\"elementor-section elementor-top-section elementor-element elementor-element-bd4158a elementor-section-boxed elementor-section-height-default elementor-section-height-default\" data-id=\"bd4158a\" data-element_type=\"section\">\n\t\t\t\t\t\t<div class=\"elementor-container elementor-column-gap-default\">\n\t\t\t\t\t<div class=\"elementor-column elementor-col-100 elementor-top-column elementor-element elementor-element-398d8b9\" data-id=\"398d8b9\" data-element_type=\"column\">\n\t\t\t<div class=\"elementor-widget-wrap elementor-element-populated\">\n\t\t\t\t\t\t\t\t<div class=\"elementor-element elementor-element-58a7c1b elementor-widget elementor-widget-heading\" data-id=\"58a7c1b\" data-element_type=\"widget\" data-widget_type=\"heading.default\">\n\t\t\t\t<div class=\"elementor-widget-container\">\n\t\t\t<h2 class=\"elementor-heading-title elementor-size-default\">Agents de la sous cat\u00e9gorie A3<\/h2>\t\t<\/div>\n\t\t\t\t<\/div>\n\t\t\t\t\t<\/div>\n\t\t<\/div>\n\t\t\t\t\t\t\t<\/div>\n\t\t<\/section>\n\t\t\t\t<section class=\"elementor-section elementor-top-section elementor-element elementor-element-c5f9dbb elementor-section-boxed elementor-section-height-default elementor-section-height-default\" data-id=\"c5f9dbb\" data-element_type=\"section\">\n\t\t\t\t\t\t<div class=\"elementor-container elementor-column-gap-default\">\n\t\t\t\t\t<div class=\"elementor-column elementor-col-50 elementor-top-column elementor-element elementor-element-8e9b2d0\" data-id=\"8e9b2d0\" data-element_type=\"column\">\n\t\t\t<div class=\"elementor-widget-wrap elementor-element-populated\">\n\t\t\t\t\t\t\t\t<div class=\"elementor-element elementor-element-6868faf elementor-widget elementor-widget-heading\" data-id=\"6868faf\" data-element_type=\"widget\" data-widget_type=\"heading.default\">\n\t\t\t\t<div class=\"elementor-widget-container\">\n\t\t\t<h3 class=\"elementor-heading-title elementor-size-default\">Les dipl\u00f4mes requis<\/h3>\t\t<\/div>\n\t\t\t\t<\/div>\n\t\t\t\t<div class=\"elementor-element elementor-element-103bdc1 elementor-widget elementor-widget-text-editor\" data-id=\"103bdc1\" data-element_type=\"widget\" data-widget_type=\"text-editor.default\">\n\t\t\t\t<div class=\"elementor-widget-container\">\n\t\t\t\t\t<div class=\"elementor-text-editor elementor-clearfix\"><p><span style=\"color: #000000;\">Les dipl\u00f4mes nationaux du premier cycle de l\u2019enseignement sup\u00e9rieur, tels que d\u00e9finis par les textes en vigueur et quelle qu\u2019en soit la sp\u00e9cialit\u00e9 ou les dipl\u00f4mes \u00e9quivalents.<\/span><\/p><\/div>\n\t\t\t\t<\/div>\n\t\t\t\t<\/div>\n\t\t\t\t<div class=\"elementor-element elementor-element-76cc2ae elementor-widget elementor-widget-heading\" data-id=\"76cc2ae\" data-element_type=\"widget\" data-widget_type=\"heading.default\">\n\t\t\t\t<div class=\"elementor-widget-container\">\n\t\t\t<h3 class=\"elementor-heading-title elementor-size-default\">Les \u00e9preuves<\/h3>\t\t<\/div>\n\t\t\t\t<\/div>\n\t\t\t\t<div class=\"elementor-element elementor-element-7cd4b07 elementor-widget elementor-widget-text-editor\" data-id=\"7cd4b07\" data-element_type=\"widget\" data-widget_type=\"text-editor.default\">\n\t\t\t\t<div class=\"elementor-widget-container\">\n\t\t\t\t\t<div class=\"elementor-text-editor elementor-clearfix\"><div class=\"elementor-element elementor-element-f2d7eb2 elementor-widget elementor-widget-text-editor\" data-id=\"f2d7eb2\" data-element_type=\"widget\" data-widget_type=\"text-editor.default\"><div class=\"elementor-widget-container\"><div class=\"elementor-text-editor elementor-clearfix\"><div class=\"elementor-element elementor-element-f2d7eb2 elementor-widget elementor-widget-text-editor\" data-id=\"f2d7eb2\" data-element_type=\"widget\" data-widget_type=\"text-editor.default\"><div class=\"elementor-widget-container\"><div class=\"elementor-text-editor elementor-clearfix\"><p><span style=\"color: #000000;\">Le concours d\u2019entr\u00e9e au cycle de formation des agents de la sous-cat\u00e9gorie \u00bb A3\u2033 comporte les deux \u00e9preuves suivantes :<\/span><\/p><ul><li><span style=\"color: #000000;\">une \u00e9preuve d&rsquo;admissibilit\u00e9 selon la technique des questions \u00e0 choix multiples<\/span><\/li><li><span style=\"color: #000000;\">une \u00e9preuve orale d&rsquo;admission d\u00e9finitive.<\/span><\/li><\/ul><\/div><\/div><\/div><\/div><\/div><\/div><\/div>\n\t\t\t\t<\/div>\n\t\t\t\t<\/div>\n\t\t\t\t\t<\/div>\n\t\t<\/div>\n\t\t\t\t<div class=\"elementor-column elementor-col-50 elementor-top-column elementor-element elementor-element-9aefcfa\" data-id=\"9aefcfa\" data-element_type=\"column\">\n\t\t\t<div class=\"elementor-widget-wrap elementor-element-populated\">\n\t\t\t\t\t\t\t\t<div class=\"elementor-element elementor-element-6581651 elementor-widget elementor-widget-text-editor\" data-id=\"6581651\" data-element_type=\"widget\" data-widget_type=\"text-editor.default\">\n\t\t\t\t<div class=\"elementor-widget-container\">\n\t\t\t\t\t<div class=\"elementor-text-editor elementor-clearfix\"><div class=\"elementor-element elementor-element-f4783c3 elementor-widget elementor-widget-text-editor\" data-id=\"f4783c3\" data-element_type=\"widget\" data-widget_type=\"text-editor.default\"><div class=\"elementor-widget-container\"><div class=\"elementor-text-editor elementor-clearfix\"><p><span style=\"color: #000080;\"><strong>L\u2019\u00e9preuve d\u2019admissibilit\u00e9 selon la technique des questions \u00e0 choix multiples.<\/strong><\/span><\/p><p class=\"bodytext\"><span style=\"color: #000000;\">Cette \u00e9preuve porte sur la culture g\u00e9n\u00e9rale sur les questions politiques, \u00e9conomiques, sociales ou culturelles de la Tunisie, et du monde contemporain.\u00a0<\/span><\/p><p class=\"bodytext\"><span style=\"color: #000000;\">\u00a0Cette \u00e9preuve comporte cinquante (50) questions. La r\u00e9ponse \u00e0 ces questions consiste \u00e0 choisir une ou plusieurs des r\u00e9ponses exactes parmi les r\u00e9ponses propos\u00e9es.<\/span><\/p><\/div><\/div><\/div><div class=\"elementor-element elementor-element-db40ea0 elementor-widget elementor-widget-text-editor\" data-id=\"db40ea0\" data-element_type=\"widget\" data-widget_type=\"text-editor.default\"><div class=\"elementor-widget-container\"><div class=\"elementor-text-editor elementor-clearfix\"><p><span style=\"color: #000080;\"><strong>L\u2019\u00e9preuve orale d\u2019admission d\u00e9finitive<\/strong><\/span><\/p><p><span style=\"color: #000000;\">Cette \u00e9preuve consiste en un expos\u00e9 suivi d\u2019une discussion avec les membres du jury du concours sur un sujet \u00e0 caract\u00e8re g\u00e9n\u00e9ral relatif aux domaines \u00e9conomique, social, culturel, ou administratif.<\/span><\/p><\/div><\/div><\/div><\/div>\n\t\t\t\t<\/div>\n\t\t\t\t<\/div>\n\t\t\t\t\t<\/div>\n\t\t<\/div>\n\t\t\t\t\t\t\t<\/div>\n\t\t<\/section>\n\t\t\t\t<section class=\"elementor-section elementor-top-section elementor-element elementor-element-6050767 elementor-section-boxed elementor-section-height-default elementor-section-height-default\" data-id=\"6050767\" data-element_type=\"section\" data-settings=\"{&quot;background_background&quot;:&quot;classic&quot;}\">\n\t\t\t\t\t\t<div class=\"elementor-container elementor-column-gap-default\">\n\t\t\t\t\t<div class=\"elementor-column elementor-col-100 elementor-top-column elementor-element elementor-element-f40f671\" data-id=\"f40f671\" data-element_type=\"column\">\n\t\t\t<div class=\"elementor-widget-wrap elementor-element-populated\">\n\t\t\t\t\t\t\t\t<div class=\"elementor-element elementor-element-74460c3 elementor-widget elementor-widget-heading\" data-id=\"74460c3\" data-element_type=\"widget\" data-widget_type=\"heading.default\">\n\t\t\t\t<div class=\"elementor-widget-container\">\n\t\t\t<h2 class=\"elementor-heading-title elementor-size-default\">Les \u00e9preuves et les coefficients<\/h2>\t\t<\/div>\n\t\t\t\t<\/div>\n\t\t\t\t<div class=\"elementor-element elementor-element-9b247f6 elementor-widget elementor-widget-text-editor\" data-id=\"9b247f6\" data-element_type=\"widget\" data-widget_type=\"text-editor.default\">\n\t\t\t\t<div class=\"elementor-widget-container\">\n\t\t\t\t\t<div class=\"elementor-text-editor elementor-clearfix\"><p><span style=\"color: #000000;\">La dur\u00e9e et les coefficients des \u00e9preuves sont fix\u00e9s comme suit :<\/span><\/p><\/div>\n\t\t\t\t<\/div>\n\t\t\t\t<\/div>\n\t\t\t\t<div class=\"elementor-element elementor-element-acf8f94 elementor-widget elementor-widget-html\" data-id=\"acf8f94\" data-element_type=\"widget\" data-widget_type=\"html.default\">\n\t\t\t\t<div class=\"elementor-widget-container\">\n\t\t\t<table border=\"1\" style=\"border-collapse: collapse; color:black; width: 100%; \">\r\n<tbody><tr>\r\n<td style=\"width: 60%; background-color: #294274;  text-align: center;\"><strong>Nature de l\u2019\u00e9preuve<\/strong><\/td>\r\n<td style=\"width: 20%; background-color: #c20c0d;  text-align: center;\"><strong>Dur\u00e9e<\/strong><\/td>\r\n<td style=\"width: 20%; background-color: #294274;  text-align: center;\"><strong>Coefficient<\/strong><\/td><\/tr>\r\n<tr><td>I- L\u2019\u00e9preuve d\u2019admissibilit\u00e9<\/td><td><\/td><td>(1)<\/td><\/tr><tr><td>\u2013 Epreuve de culture g\u00e9n\u00e9rale selon la technique des questions \u00e0 choix multiples<\/td><td>1 heure<\/td><td>1<\/td><\/tr><tr><td>II- L\u2019\u00e9preuve d\u2019admission d\u00e9finitive<\/td><td><\/td><td>(4)<\/td><\/tr><tr><td>\u2013&nbsp;Epreuve orale<\/td><td>1 heure<\/td><td>4<\/td><\/tr>\r\n<\/tbody>\r\n<\/table>\r\n\r\n\t\t<\/div>\n\t\t\t\t<\/div>\n\t\t\t\t\t<\/div>\n\t\t<\/div>\n\t\t\t\t\t\t\t<\/div>\n\t\t<\/section>\n\t\t\t\t<section class=\"elementor-section elementor-top-section elementor-element elementor-element-eba719e elementor-section-boxed elementor-section-height-default elementor-section-height-default\" data-id=\"eba719e\" data-element_type=\"section\">\n\t\t\t\t\t\t<div class=\"elementor-container elementor-column-gap-default\">\n\t\t\t\t\t<div class=\"elementor-column elementor-col-100 elementor-top-column elementor-element elementor-element-e271b76\" data-id=\"e271b76\" data-element_type=\"column\">\n\t\t\t<div class=\"elementor-widget-wrap\">\n\t\t\t\t\t\t\t\t\t<\/div>\n\t\t<\/div>\n\t\t\t\t\t\t\t<\/div>\n\t\t<\/section>\n\t\t\t\t\t\t<\/div>\n\t\t\t\t\t<\/div>\n\t\t","protected":false},"excerpt":{"rendered":"<p>Agents de la sous cat\u00e9gorie A3 Les dipl\u00f4mes requis Les dipl\u00f4mes nationaux du premier cycle de l\u2019enseignement sup\u00e9rieur, tels que d\u00e9finis par les textes en vigueur et quelle qu\u2019en soit la sp\u00e9cialit\u00e9 ou les dipl\u00f4mes \u00e9quivalents. Les \u00e9preuves Le concours d\u2019entr\u00e9e au cycle de formation des agents de la sous-cat\u00e9gorie \u00bb A3\u2033 comporte les deux &hellip; <br \/><a href=\"https:\/\/www.ena.tn\/fr\/concours\/agents-de-la-sous-categorie-a3\/\" class=\"more-link\">Continue reading <span class=\"screen-reader-text\">Agents de la sous cat\u00e9gorie A3<\/span><\/a><\/p>\n","protected":false},"author":1,"featured_media":0,"parent":8257,"menu_order":0,"comment_status":"closed","ping_status":"closed","template":"","meta":{"footnotes":""},"class_list":["post-8606","page","type-page","status-publish","hentry"],"_links":{"self":[{"href":"https:\/\/www.ena.tn\/fr\/wp-json\/wp\/v2\/pages\/8606","targetHints":{"allow":["GET"]}}],"collection":[{"href":"https:\/\/www.ena.tn\/fr\/wp-json\/wp\/v2\/pages"}],"about":[{"href":"https:\/\/www.ena.tn\/fr\/wp-json\/wp\/v2\/types\/page"}],"author":[{"embeddable":true,"href":"https:\/\/www.ena.tn\/fr\/wp-json\/wp\/v2\/users\/1"}],"replies":[{"embeddable":true,"href":"https:\/\/www.ena.tn\/fr\/wp-json\/wp\/v2\/comments?post=8606"}],"version-history":[{"count":16,"href":"https:\/\/www.ena.tn\/fr\/wp-json\/wp\/v2\/pages\/8606\/revisions"}],"predecessor-version":[{"id":8625,"href":"https:\/\/www.ena.tn\/fr\/wp-json\/wp\/v2\/pages\/8606\/revisions\/8625"}],"up":[{"embeddable":true,"href":"https:\/\/www.ena.tn\/fr\/wp-json\/wp\/v2\/pages\/8257"}],"wp:attachment":[{"href":"https:\/\/www.ena.tn\/fr\/wp-json\/wp\/v2\/media?parent=8606"}],"curies":[{"name":"wp","href":"https:\/\/api.w.org\/{rel}","templated":true}]}}