{"id":8647,"date":"2021-04-13T16:26:59","date_gmt":"2021-04-13T15:26:59","guid":{"rendered":"http:\/\/193.95.2.39\/?page_id=8647"},"modified":"2021-04-13T17:59:41","modified_gmt":"2021-04-13T16:59:41","slug":"institut-de-leadership-administratif","status":"publish","type":"page","link":"https:\/\/www.ena.tn\/fr\/leadership\/institut-de-leadership-administratif\/","title":{"rendered":"Institut de leadership administratif"},"content":{"rendered":"\t\t<div data-elementor-type=\"wp-page\" data-elementor-id=\"8647\" class=\"elementor elementor-8647\" data-elementor-settings=\"[]\">\n\t\t\t\t\t\t\t<div class=\"elementor-section-wrap\">\n\t\t\t\t\t\t\t<section class=\"elementor-section elementor-top-section elementor-element elementor-element-1104547 elementor-section-boxed elementor-section-height-default elementor-section-height-default\" data-id=\"1104547\" data-element_type=\"section\">\n\t\t\t\t\t\t<div class=\"elementor-container elementor-column-gap-default\">\n\t\t\t\t\t<div class=\"elementor-column elementor-col-33 elementor-top-column elementor-element elementor-element-e906cae\" data-id=\"e906cae\" data-element_type=\"column\">\n\t\t\t<div class=\"elementor-widget-wrap elementor-element-populated\">\n\t\t\t\t\t\t\t\t<div class=\"elementor-element elementor-element-698a0b0 elementor-widget elementor-widget-image\" data-id=\"698a0b0\" data-element_type=\"widget\" data-widget_type=\"image.default\">\n\t\t\t\t<div class=\"elementor-widget-container\">\n\t\t\t\t\t<div class=\"elementor-image\">\n\t\t\t\t\t\t\t\t\t\t<img loading=\"lazy\" decoding=\"async\" width=\"660\" height=\"440\" src=\"https:\/\/www.ena.tn\/wp-content\/uploads\/2021\/04\/IMG_4403-1024x683.jpg\" class=\"attachment-large size-large\" alt=\"\" srcset=\"https:\/\/www.ena.tn\/wp-content\/uploads\/2021\/04\/IMG_4403-1024x683.jpg 1024w, https:\/\/www.ena.tn\/wp-content\/uploads\/2021\/04\/IMG_4403-300x200.jpg 300w, https:\/\/www.ena.tn\/wp-content\/uploads\/2021\/04\/IMG_4403-768x512.jpg 768w, https:\/\/www.ena.tn\/wp-content\/uploads\/2021\/04\/IMG_4403-1536x1024.jpg 1536w, https:\/\/www.ena.tn\/wp-content\/uploads\/2021\/04\/IMG_4403-2048x1365.jpg 2048w\" sizes=\"auto, (max-width: 660px) 100vw, 660px\" \/>\t\t\t\t\t\t\t\t\t\t\t<\/div>\n\t\t\t\t<\/div>\n\t\t\t\t<\/div>\n\t\t\t\t\t<\/div>\n\t\t<\/div>\n\t\t\t\t<div class=\"elementor-column elementor-col-66 elementor-top-column elementor-element elementor-element-00d333f\" data-id=\"00d333f\" data-element_type=\"column\">\n\t\t\t<div class=\"elementor-widget-wrap elementor-element-populated\">\n\t\t\t\t\t\t\t\t<div class=\"elementor-element elementor-element-b593801 elementor-widget elementor-widget-heading\" data-id=\"b593801\" data-element_type=\"widget\" data-widget_type=\"heading.default\">\n\t\t\t\t<div class=\"elementor-widget-container\">\n\t\t\t<h2 class=\"elementor-heading-title elementor-size-default\">Institut de leadership administratif<\/h2>\t\t<\/div>\n\t\t\t\t<\/div>\n\t\t\t\t<div class=\"elementor-element elementor-element-9982a3e elementor-widget elementor-widget-text-editor\" data-id=\"9982a3e\" data-element_type=\"widget\" data-widget_type=\"text-editor.default\">\n\t\t\t\t<div class=\"elementor-widget-container\">\n\t\t\t\t\t<div class=\"elementor-text-editor elementor-clearfix\"><p><span style=\"color: #000000;\">La cr\u00e9ation de l\u2019institut de leadership administratif vise \u00e0 moderniser l\u2019administration tunisienne et d\u00e9velopper ses m\u00e9thodes de travail \u00e0 travers la promotion des comp\u00e9tences des hauts cadres administratifs.<\/span><\/p><\/div>\n\t\t\t\t<\/div>\n\t\t\t\t<\/div>\n\t\t\t\t\t<\/div>\n\t\t<\/div>\n\t\t\t\t\t\t\t<\/div>\n\t\t<\/section>\n\t\t\t\t<section class=\"elementor-section elementor-top-section elementor-element elementor-element-8d7134f elementor-section-boxed elementor-section-height-default elementor-section-height-default\" data-id=\"8d7134f\" data-element_type=\"section\">\n\t\t\t\t\t\t<div class=\"elementor-container elementor-column-gap-default\">\n\t\t\t\t\t<div class=\"elementor-column elementor-col-33 elementor-top-column elementor-element elementor-element-a396b73\" data-id=\"a396b73\" data-element_type=\"column\">\n\t\t\t<div class=\"elementor-widget-wrap elementor-element-populated\">\n\t\t\t\t\t\t\t\t<div class=\"elementor-element elementor-element-bac1faf elementor-widget elementor-widget-heading\" data-id=\"bac1faf\" data-element_type=\"widget\" data-widget_type=\"heading.default\">\n\t\t\t\t<div class=\"elementor-widget-container\">\n\t\t\t<h2 class=\"elementor-heading-title elementor-size-default\">Attributions<\/h2>\t\t<\/div>\n\t\t\t\t<\/div>\n\t\t\t\t\t<\/div>\n\t\t<\/div>\n\t\t\t\t<div class=\"elementor-column elementor-col-66 elementor-top-column elementor-element elementor-element-ca8fdbc\" data-id=\"ca8fdbc\" data-element_type=\"column\">\n\t\t\t<div class=\"elementor-widget-wrap elementor-element-populated\">\n\t\t\t\t\t\t\t\t<div class=\"elementor-element elementor-element-598492a elementor-widget elementor-widget-text-editor\" data-id=\"598492a\" data-element_type=\"widget\" data-widget_type=\"text-editor.default\">\n\t\t\t\t<div class=\"elementor-widget-container\">\n\t\t\t\t\t<div class=\"elementor-text-editor elementor-clearfix\"><p><span style=\"color: #000000;\">L\u2019institut de leadership administratif est charg\u00e9 d\u2019organiser des activit\u00e9s visant l\u2019am\u00e9lioration des comp\u00e9tences et des qualifications des hauts cadres administratifs principalement dans les domaines relatifs au leadership administratif, au management public et aux techniques d\u2019innovation administrative.<\/span><\/p><\/div>\n\t\t\t\t<\/div>\n\t\t\t\t<\/div>\n\t\t\t\t\t<\/div>\n\t\t<\/div>\n\t\t\t\t\t\t\t<\/div>\n\t\t<\/section>\n\t\t\t\t<section class=\"elementor-section elementor-top-section elementor-element elementor-element-f883c78 elementor-section-boxed elementor-section-height-default elementor-section-height-default\" data-id=\"f883c78\" data-element_type=\"section\" data-settings=\"{&quot;background_background&quot;:&quot;classic&quot;}\">\n\t\t\t\t\t\t<div class=\"elementor-container elementor-column-gap-default\">\n\t\t\t\t\t<div class=\"elementor-column elementor-col-33 elementor-top-column elementor-element elementor-element-8cc5060\" data-id=\"8cc5060\" data-element_type=\"column\">\n\t\t\t<div class=\"elementor-widget-wrap elementor-element-populated\">\n\t\t\t\t\t\t\t\t<div class=\"elementor-element elementor-element-f210f90 elementor-widget elementor-widget-heading\" data-id=\"f210f90\" data-element_type=\"widget\" data-widget_type=\"heading.default\">\n\t\t\t\t<div class=\"elementor-widget-container\">\n\t\t\t<h2 class=\"elementor-heading-title elementor-size-default\">M\u00e9thodologie<\/h2>\t\t<\/div>\n\t\t\t\t<\/div>\n\t\t\t\t\t<\/div>\n\t\t<\/div>\n\t\t\t\t<div class=\"elementor-column elementor-col-66 elementor-top-column elementor-element elementor-element-6585b03\" data-id=\"6585b03\" data-element_type=\"column\">\n\t\t\t<div class=\"elementor-widget-wrap elementor-element-populated\">\n\t\t\t\t\t\t\t\t<div class=\"elementor-element elementor-element-ab32bc7 elementor-widget elementor-widget-text-editor\" data-id=\"ab32bc7\" data-element_type=\"widget\" data-widget_type=\"text-editor.default\">\n\t\t\t\t<div class=\"elementor-widget-container\">\n\t\t\t\t\t<div class=\"elementor-text-editor elementor-clearfix\"><div class=\"elementor-element elementor-element-69aa9daa elementor-widget elementor-widget-text-editor\" data-id=\"69aa9daa\" data-element_type=\"widget\" data-widget_type=\"text-editor.default\"><div class=\"elementor-widget-container\"><div class=\"elementor-text-editor elementor-clearfix\"><span style=\"color: #000000;\">Les d\u00e9f\u00e9rents programmes et activit\u00e9s de formation organis\u00e9s par l\u2019institut de leadership administratif comprennent des conf\u00e9rences, des s\u00e9minaires, des ateliers de travail et des visites d\u2019\u00e9tudes. Elles s\u2019ins\u00e8rent dans le cadre:<\/span><\/div><\/div><\/div><div class=\"elementor-element elementor-element-79a60ee6 elementor-icon-list--layout-traditional elementor-widget elementor-widget-icon-list\" data-id=\"79a60ee6\" data-element_type=\"widget\" data-widget_type=\"icon-list.default\"><div class=\"elementor-widget-container\"><ul><li><span style=\"color: #000000;\">d\u2019une session annuelle de formation \u00e0 laquelle sont appel\u00e9s \u00e0 participer des hauts cadres administratifs qui occupent au moins la fonction de directeur g\u00e9n\u00e9ral d&rsquo;administration centrale ou une fonction \u00e9quivalente. Le th\u00e8me, les dates du commencement et de cl\u00f4ture de la session sont fix\u00e9s par arr\u00eat\u00e9 du chef de gouvernement sur proposition du directeur de l&rsquo;\u00e9cole nationale d&rsquo;administration<\/span><\/li><li><span style=\"color: #000000;\">de cycles de formation auxquels sont appel\u00e9s \u00e0 participer des hauts cadres administratifs qui occupent la fonction de directeur d&rsquo;administration centrale ou une fonction \u00e9quivalente. Ces cycles sont organis\u00e9s annuellement, leur nombre ainsi que leur dur\u00e9e sont fix\u00e9s par arr\u00eat\u00e9 du chef du gouvernement<\/span><\/li><\/ul><\/div><\/div><div class=\"elementor-element elementor-element-60f823d elementor-widget elementor-widget-text-editor\" data-id=\"60f823d\" data-element_type=\"widget\" data-widget_type=\"text-editor.default\"><div class=\"elementor-widget-container\"><div class=\"elementor-text-editor elementor-clearfix\"><p><span style=\"color: #000000;\">Des experts des secteurs public et priv\u00e9, des hauts cadres administratifs et des comp\u00e9tences universitaires, de Tunisie et de l\u2019\u00e9tranger, assurent l\u2019animation des diff\u00e9rents programmes et activit\u00e9s de formation.<\/span><\/p><p><span style=\"color: #000000;\">La formation rev\u00eat essentiellement un aspect pratique qui se base notamment sur des m\u00e9thodes interactives et l\u2019utilisation des technologies de l\u2019information et de communication.<\/span><\/p><p><span style=\"color: #000000;\">Par ailleurs, les participants sont tenus de r\u00e9diger un rapport de synth\u00e8se relatif \u00e0 l\u2019axe sp\u00e9cifique de chaque session.<\/span><\/p><\/div><\/div><\/div><\/div>\n\t\t\t\t<\/div>\n\t\t\t\t<\/div>\n\t\t\t\t\t<\/div>\n\t\t<\/div>\n\t\t\t\t\t\t\t<\/div>\n\t\t<\/section>\n\t\t\t\t<section class=\"elementor-section elementor-top-section elementor-element elementor-element-2bda8b9 elementor-section-boxed elementor-section-height-default elementor-section-height-default\" data-id=\"2bda8b9\" data-element_type=\"section\">\n\t\t\t\t\t\t<div class=\"elementor-container elementor-column-gap-default\">\n\t\t\t\t\t<div class=\"elementor-column elementor-col-33 elementor-top-column elementor-element elementor-element-ad4c548\" data-id=\"ad4c548\" data-element_type=\"column\">\n\t\t\t<div class=\"elementor-widget-wrap elementor-element-populated\">\n\t\t\t\t\t\t\t\t<div class=\"elementor-element elementor-element-f9202cf elementor-widget elementor-widget-heading\" data-id=\"f9202cf\" data-element_type=\"widget\" data-widget_type=\"heading.default\">\n\t\t\t\t<div class=\"elementor-widget-container\">\n\t\t\t<h2 class=\"elementor-heading-title elementor-size-default\">Programme de formation<\/h2>\t\t<\/div>\n\t\t\t\t<\/div>\n\t\t\t\t\t<\/div>\n\t\t<\/div>\n\t\t\t\t<div class=\"elementor-column elementor-col-66 elementor-top-column elementor-element elementor-element-cc856f3\" data-id=\"cc856f3\" data-element_type=\"column\">\n\t\t\t<div class=\"elementor-widget-wrap elementor-element-populated\">\n\t\t\t\t\t\t\t\t<div class=\"elementor-element elementor-element-5615f2c elementor-widget elementor-widget-text-editor\" data-id=\"5615f2c\" data-element_type=\"widget\" data-widget_type=\"text-editor.default\">\n\t\t\t\t<div class=\"elementor-widget-container\">\n\t\t\t\t\t<div class=\"elementor-text-editor elementor-clearfix\"><p><span style=\"color: #000000;\">Les programmes de la session annuelle et des cycles de formation ainsi que les modalit\u00e9s pratiques d\u2019organisation, de suivi et d\u2019\u00e9valuation sont fix\u00e9s par d\u00e9cision du directeur de l\u2019\u00e9cole en coordination avec les services concern\u00e9s de la Pr\u00e9sidence du gouvernement<\/span><\/p><p><span style=\"color: #000000;\">La session annuelle comprend d\u2019une part, un axe de base ou permanent en rapport avec le leadership administratif et les nouvelles approches en mati\u00e8re de gestion publique et d\u2019autre part, un axe sp\u00e9cifique, au titre de chaque session, en relation avec des sujets d\u2019actualit\u00e9 concernant les probl\u00e9matiques de la modernisation administrative.<\/span><\/p><p><span style=\"color: #000000;\">L\u2019axe de base comprend notamment les th\u00e8mes suivants :<\/span><\/p><\/div>\n\t\t\t\t<\/div>\n\t\t\t\t<\/div>\n\t\t\t\t<div class=\"elementor-element elementor-element-1b5ceec elementor-icon-list--layout-traditional elementor-list-item-link-full_width elementor-widget elementor-widget-icon-list\" data-id=\"1b5ceec\" data-element_type=\"widget\" data-widget_type=\"icon-list.default\">\n\t\t\t\t<div class=\"elementor-widget-container\">\n\t\t\t\t\t<ul class=\"elementor-icon-list-items\">\n\t\t\t\t\t\t\t<li class=\"elementor-icon-list-item\">\n\t\t\t\t\t\t\t\t\t\t\t<span class=\"elementor-icon-list-icon\">\n\t\t\t\t\t\t\t<i aria-hidden=\"true\" class=\"fas fa-caret-right\"><\/i>\t\t\t\t\t\t<\/span>\n\t\t\t\t\t\t\t\t\t\t<span class=\"elementor-icon-list-text\">les styles de leadership administratif<\/span>\n\t\t\t\t\t\t\t\t\t<\/li>\n\t\t\t\t\t\t\t\t<li class=\"elementor-icon-list-item\">\n\t\t\t\t\t\t\t\t\t\t\t<span class=\"elementor-icon-list-icon\">\n\t\t\t\t\t\t\t<i aria-hidden=\"true\" class=\"fas fa-caret-right\"><\/i>\t\t\t\t\t\t<\/span>\n\t\t\t\t\t\t\t\t\t\t<span class=\"elementor-icon-list-text\">la communication publique<\/span>\n\t\t\t\t\t\t\t\t\t<\/li>\n\t\t\t\t\t\t\t\t<li class=\"elementor-icon-list-item\">\n\t\t\t\t\t\t\t\t\t\t\t<span class=\"elementor-icon-list-icon\">\n\t\t\t\t\t\t\t<i aria-hidden=\"true\" class=\"fas fa-caret-right\"><\/i>\t\t\t\t\t\t<\/span>\n\t\t\t\t\t\t\t\t\t\t<span class=\"elementor-icon-list-text\">la veille strat\u00e9gique et la prospective administrative<\/span>\n\t\t\t\t\t\t\t\t\t<\/li>\n\t\t\t\t\t\t\t\t<li class=\"elementor-icon-list-item\">\n\t\t\t\t\t\t\t\t\t\t\t<span class=\"elementor-icon-list-icon\">\n\t\t\t\t\t\t\t<i aria-hidden=\"true\" class=\"fas fa-caret-right\"><\/i>\t\t\t\t\t\t<\/span>\n\t\t\t\t\t\t\t\t\t\t<span class=\"elementor-icon-list-text\">la gouvernance \u00e9lectronique<\/span>\n\t\t\t\t\t\t\t\t\t<\/li>\n\t\t\t\t\t\t\t\t<li class=\"elementor-icon-list-item\">\n\t\t\t\t\t\t\t\t\t\t\t<span class=\"elementor-icon-list-icon\">\n\t\t\t\t\t\t\t<i aria-hidden=\"true\" class=\"fas fa-caret-right\"><\/i>\t\t\t\t\t\t<\/span>\n\t\t\t\t\t\t\t\t\t\t<span class=\"elementor-icon-list-text\">l\u2019\u00e9laboration et l'\u00e9valuation de programmes publics<\/span>\n\t\t\t\t\t\t\t\t\t<\/li>\n\t\t\t\t\t\t\t\t<li class=\"elementor-icon-list-item\">\n\t\t\t\t\t\t\t\t\t\t\t<span class=\"elementor-icon-list-icon\">\n\t\t\t\t\t\t\t<i aria-hidden=\"true\" class=\"fas fa-caret-right\"><\/i>\t\t\t\t\t\t<\/span>\n\t\t\t\t\t\t\t\t\t\t<span class=\"elementor-icon-list-text\">le Management de la performance<\/span>\n\t\t\t\t\t\t\t\t\t<\/li>\n\t\t\t\t\t\t\t\t<li class=\"elementor-icon-list-item\">\n\t\t\t\t\t\t\t\t\t\t\t<span class=\"elementor-icon-list-icon\">\n\t\t\t\t\t\t\t<i aria-hidden=\"true\" class=\"fas fa-caret-right\"><\/i>\t\t\t\t\t\t<\/span>\n\t\t\t\t\t\t\t\t\t\t<span class=\"elementor-icon-list-text\">la s\u00e9curit\u00e9 informatique<\/span>\n\t\t\t\t\t\t\t\t\t<\/li>\n\t\t\t\t\t\t\t\t<li class=\"elementor-icon-list-item\">\n\t\t\t\t\t\t\t\t\t\t\t<span class=\"elementor-icon-list-icon\">\n\t\t\t\t\t\t\t<i aria-hidden=\"true\" class=\"fas fa-caret-right\"><\/i>\t\t\t\t\t\t<\/span>\n\t\t\t\t\t\t\t\t\t\t<span class=\"elementor-icon-list-text\">la bonne gouvernance<\/span>\n\t\t\t\t\t\t\t\t\t<\/li>\n\t\t\t\t\t\t<\/ul>\n\t\t\t\t<\/div>\n\t\t\t\t<\/div>\n\t\t\t\t<div class=\"elementor-element elementor-element-663f3ba elementor-widget elementor-widget-text-editor\" data-id=\"663f3ba\" data-element_type=\"widget\" data-widget_type=\"text-editor.default\">\n\t\t\t\t<div class=\"elementor-widget-container\">\n\t\t\t\t\t<div class=\"elementor-text-editor elementor-clearfix\"><p><span style=\"color: #000000;\">Les cycles de formation comprennent des th\u00e8mes en relation avec la modernisation administrative et ce \u00e0 l\u2019instar :<\/span><\/p><\/div>\n\t\t\t\t<\/div>\n\t\t\t\t<\/div>\n\t\t\t\t<div class=\"elementor-element elementor-element-b68e291 elementor-icon-list--layout-traditional elementor-list-item-link-full_width elementor-widget elementor-widget-icon-list\" data-id=\"b68e291\" data-element_type=\"widget\" data-widget_type=\"icon-list.default\">\n\t\t\t\t<div class=\"elementor-widget-container\">\n\t\t\t\t\t<ul class=\"elementor-icon-list-items\">\n\t\t\t\t\t\t\t<li class=\"elementor-icon-list-item\">\n\t\t\t\t\t\t\t\t\t\t\t<span class=\"elementor-icon-list-icon\">\n\t\t\t\t\t\t\t<i aria-hidden=\"true\" class=\"fas fa-caret-right\"><\/i>\t\t\t\t\t\t<\/span>\n\t\t\t\t\t\t\t\t\t\t<span class=\"elementor-icon-list-text\">les approches de gestion dans le secteur public<\/span>\n\t\t\t\t\t\t\t\t\t<\/li>\n\t\t\t\t\t\t\t\t<li class=\"elementor-icon-list-item\">\n\t\t\t\t\t\t\t\t\t\t\t<span class=\"elementor-icon-list-icon\">\n\t\t\t\t\t\t\t<i aria-hidden=\"true\" class=\"fas fa-caret-right\"><\/i>\t\t\t\t\t\t<\/span>\n\t\t\t\t\t\t\t\t\t\t<span class=\"elementor-icon-list-text\">la communication de crise<\/span>\n\t\t\t\t\t\t\t\t\t<\/li>\n\t\t\t\t\t\t\t\t<li class=\"elementor-icon-list-item\">\n\t\t\t\t\t\t\t\t\t\t\t<span class=\"elementor-icon-list-icon\">\n\t\t\t\t\t\t\t<i aria-hidden=\"true\" class=\"fas fa-caret-right\"><\/i>\t\t\t\t\t\t<\/span>\n\t\t\t\t\t\t\t\t\t\t<span class=\"elementor-icon-list-text\">l\u2019administration \u00e9lectronique<\/span>\n\t\t\t\t\t\t\t\t\t<\/li>\n\t\t\t\t\t\t\t\t<li class=\"elementor-icon-list-item\">\n\t\t\t\t\t\t\t\t\t\t\t<span class=\"elementor-icon-list-icon\">\n\t\t\t\t\t\t\t<i aria-hidden=\"true\" class=\"fas fa-caret-right\"><\/i>\t\t\t\t\t\t<\/span>\n\t\t\t\t\t\t\t\t\t\t<span class=\"elementor-icon-list-text\">les achats publics en ligne<\/span>\n\t\t\t\t\t\t\t\t\t<\/li>\n\t\t\t\t\t\t\t\t<li class=\"elementor-icon-list-item\">\n\t\t\t\t\t\t\t\t\t\t\t<span class=\"elementor-icon-list-icon\">\n\t\t\t\t\t\t\t<i aria-hidden=\"true\" class=\"fas fa-caret-right\"><\/i>\t\t\t\t\t\t<\/span>\n\t\t\t\t\t\t\t\t\t\t<span class=\"elementor-icon-list-text\">la gestion budg\u00e9taire par objectifs<\/span>\n\t\t\t\t\t\t\t\t\t<\/li>\n\t\t\t\t\t\t\t\t<li class=\"elementor-icon-list-item\">\n\t\t\t\t\t\t\t\t\t\t\t<span class=\"elementor-icon-list-icon\">\n\t\t\t\t\t\t\t<i aria-hidden=\"true\" class=\"fas fa-caret-right\"><\/i>\t\t\t\t\t\t<\/span>\n\t\t\t\t\t\t\t\t\t\t<span class=\"elementor-icon-list-text\">les indicateurs \u00e9conomiques<\/span>\n\t\t\t\t\t\t\t\t\t<\/li>\n\t\t\t\t\t\t<\/ul>\n\t\t\t\t<\/div>\n\t\t\t\t<\/div>\n\t\t\t\t\t<\/div>\n\t\t<\/div>\n\t\t\t\t\t\t\t<\/div>\n\t\t<\/section>\n\t\t\t\t<section class=\"elementor-section elementor-top-section elementor-element elementor-element-29c2fbe elementor-section-boxed elementor-section-height-default elementor-section-height-default\" data-id=\"29c2fbe\" data-element_type=\"section\">\n\t\t\t\t\t\t<div class=\"elementor-container elementor-column-gap-default\">\n\t\t\t\t\t<div class=\"elementor-column elementor-col-33 elementor-top-column elementor-element elementor-element-c4e56f1\" data-id=\"c4e56f1\" data-element_type=\"column\">\n\t\t\t<div class=\"elementor-widget-wrap elementor-element-populated\">\n\t\t\t\t\t\t\t\t<div class=\"elementor-element elementor-element-1b40189 elementor-widget elementor-widget-heading\" data-id=\"1b40189\" data-element_type=\"widget\" data-widget_type=\"heading.default\">\n\t\t\t\t<div class=\"elementor-widget-container\">\n\t\t\t<h2 class=\"elementor-heading-title elementor-size-default\">Th\u00e8mes des sessions organis\u00e9es durant la p\u00e9riode 2007-2018<\/h2>\t\t<\/div>\n\t\t\t\t<\/div>\n\t\t\t\t\t<\/div>\n\t\t<\/div>\n\t\t\t\t<div class=\"elementor-column elementor-col-66 elementor-top-column elementor-element elementor-element-9048d6f\" data-id=\"9048d6f\" data-element_type=\"column\">\n\t\t\t<div class=\"elementor-widget-wrap elementor-element-populated\">\n\t\t\t\t\t\t\t\t<div class=\"elementor-element elementor-element-cdad0d5 elementor-widget elementor-widget-html\" data-id=\"cdad0d5\" data-element_type=\"widget\" data-widget_type=\"html.default\">\n\t\t\t\t<div class=\"elementor-widget-container\">\n\t\t\t<table border=\"1\" style=\"border-collapse: collapse; color:black; width: 100%; \">\r\n<tbody>\r\n<tr>\r\n<td  style=\"width: 70%; background-color: #294274;  text-align: center;\"><strong>Th\u00e8mes<\/strong><\/td>\r\n<td  style=\"width: 30%; background-color: #c20c0d;  text-align: center;\"><strong>P\u00e9riode<\/strong><\/td><\/tr>\r\n<tr><td>Le leadership administratif et la lutte contre la corruption<\/td><td>2018<\/td><\/tr>\r\n<tr><td>Le leadership administratif et la d\u00e9centralisation<\/td>\r\n<td>2017<\/td><\/tr><tr>\r\n<td>Le leadership administratif et l\u2019\u00e9valuation des politiques et des programmes &nbsp;publics<\/td>\r\n<td>2016<\/td><\/tr><tr><td>&nbsp;Le leadership administratif et le d\u00e9veloppement r\u00e9gional<\/td>\r\n<td>2015<\/td><\/tr><tr>\r\n<td><a href=\"http:\/\/193.95.2.39\/wp-content\/uploads\/2021\/04\/session_7_Leadership_et_gouvernance.pdf\" target=\"_blank\" rel=\"noopener\">Le leadership administratif et la gouvernance<\/a><\/td>\r\n<td>2014<\/td><\/tr><tr>\r\n<td><a href=\"#\">Le leadership administratif et la justice transitionnelle<\/a><\/td><td>2013<\/td><\/tr><tr><td>Le leadership administratif et la gestion ax\u00e9e sur les r\u00e9sultats<\/td><td>2012<\/td><\/tr><tr><td>Le leadership administratif et le partenariat public \u2013 priv\u00e9<\/td><td>2010-2011<\/td><\/tr><tr><td>Le leadership administratif et le management de la qualit\u00e9<\/td><td>2009-2010<\/td><\/tr><tr><td>Le leadership administratif et l\u2019administration \u00e9lectronique<\/td><td>2008-2009<\/td><\/tr><tr><td>Le leadership administratif et la cr\u00e9ation d\u2019entreprises<\/td><td>2007-2008<\/td><\/tr>\r\n<\/tbody><\/table>\t\t<\/div>\n\t\t\t\t<\/div>\n\t\t\t\t\t<\/div>\n\t\t<\/div>\n\t\t\t\t\t\t\t<\/div>\n\t\t<\/section>\n\t\t\t\t\t\t<\/div>\n\t\t\t\t\t<\/div>\n\t\t","protected":false},"excerpt":{"rendered":"<p>Institut de leadership administratif La cr\u00e9ation de l\u2019institut de leadership administratif vise \u00e0 moderniser l\u2019administration tunisienne et d\u00e9velopper ses m\u00e9thodes de travail \u00e0 travers la promotion des comp\u00e9tences des hauts cadres administratifs. Attributions L\u2019institut de leadership administratif est charg\u00e9 d\u2019organiser des activit\u00e9s visant l\u2019am\u00e9lioration des comp\u00e9tences et des qualifications des hauts cadres administratifs principalement dans &hellip; <br \/><a href=\"https:\/\/www.ena.tn\/fr\/leadership\/institut-de-leadership-administratif\/\" class=\"more-link\">Continue reading <span class=\"screen-reader-text\">Institut de leadership administratif<\/span><\/a><\/p>\n","protected":false},"author":1,"featured_media":0,"parent":8725,"menu_order":0,"comment_status":"closed","ping_status":"closed","template":"","meta":{"footnotes":""},"class_list":["post-8647","page","type-page","status-publish","hentry"],"_links":{"self":[{"href":"https:\/\/www.ena.tn\/fr\/wp-json\/wp\/v2\/pages\/8647","targetHints":{"allow":["GET"]}}],"collection":[{"href":"https:\/\/www.ena.tn\/fr\/wp-json\/wp\/v2\/pages"}],"about":[{"href":"https:\/\/www.ena.tn\/fr\/wp-json\/wp\/v2\/types\/page"}],"author":[{"embeddable":true,"href":"https:\/\/www.ena.tn\/fr\/wp-json\/wp\/v2\/users\/1"}],"replies":[{"embeddable":true,"href":"https:\/\/www.ena.tn\/fr\/wp-json\/wp\/v2\/comments?post=8647"}],"version-history":[{"count":38,"href":"https:\/\/www.ena.tn\/fr\/wp-json\/wp\/v2\/pages\/8647\/revisions"}],"predecessor-version":[{"id":8735,"href":"https:\/\/www.ena.tn\/fr\/wp-json\/wp\/v2\/pages\/8647\/revisions\/8735"}],"up":[{"embeddable":true,"href":"https:\/\/www.ena.tn\/fr\/wp-json\/wp\/v2\/pages\/8725"}],"wp:attachment":[{"href":"https:\/\/www.ena.tn\/fr\/wp-json\/wp\/v2\/media?parent=8647"}],"curies":[{"name":"wp","href":"https:\/\/api.w.org\/{rel}","templated":true}]}}