{"id":8740,"date":"2021-04-13T18:06:14","date_gmt":"2021-04-13T17:06:14","guid":{"rendered":"http:\/\/193.95.2.39\/?page_id=8740"},"modified":"2021-04-15T17:07:14","modified_gmt":"2021-04-15T16:07:14","slug":"lacademie-internationale-de-la-bonne-gouvernance","status":"publish","type":"page","link":"https:\/\/www.ena.tn\/fr\/gouvernance\/lacademie-internationale-de-la-bonne-gouvernance\/","title":{"rendered":"L\u2019Acad\u00e9mie Internationale de la Bonne Gouvernance"},"content":{"rendered":"\t\t<div data-elementor-type=\"wp-page\" data-elementor-id=\"8740\" class=\"elementor elementor-8740\" data-elementor-settings=\"[]\">\n\t\t\t\t\t\t\t<div class=\"elementor-section-wrap\">\n\t\t\t\t\t\t\t<section class=\"elementor-section elementor-top-section elementor-element elementor-element-53f8760 elementor-section-boxed elementor-section-height-default elementor-section-height-default\" data-id=\"53f8760\" data-element_type=\"section\">\n\t\t\t\t\t\t<div class=\"elementor-container elementor-column-gap-default\">\n\t\t\t\t\t<div class=\"elementor-column elementor-col-100 elementor-top-column elementor-element elementor-element-2e393b1\" data-id=\"2e393b1\" data-element_type=\"column\">\n\t\t\t<div class=\"elementor-widget-wrap elementor-element-populated\">\n\t\t\t\t\t\t\t\t<div class=\"elementor-element elementor-element-4e8cec6 elementor-widget elementor-widget-heading\" data-id=\"4e8cec6\" data-element_type=\"widget\" data-widget_type=\"heading.default\">\n\t\t\t\t<div class=\"elementor-widget-container\">\n\t\t\t<h2 class=\"elementor-heading-title elementor-size-default\">L\u2019Acad\u00e9mie Internationale de la Bonne Gouvernance<\/h2>\t\t<\/div>\n\t\t\t\t<\/div>\n\t\t\t\t<div class=\"elementor-element elementor-element-347e2a9 elementor-widget elementor-widget-text-editor\" data-id=\"347e2a9\" data-element_type=\"widget\" data-widget_type=\"text-editor.default\">\n\t\t\t\t<div class=\"elementor-widget-container\">\n\t\t\t\t\t<div class=\"elementor-text-editor elementor-clearfix\"><p><span style=\"color: #000000;\">charg\u00e9e de renforcer et d\u00e9velopper les capacit\u00e9s des hauts cadres de l\u2019administration, aux niveaux central, r\u00e9gional et local, ainsi que la promotion de l\u2019\u00e9change entre eux. Financ\u00e9e par le gouvernement allemand, c\u2019est la\u00a0<a style=\"color: #000000;\" href=\"https:\/\/www.giz.de\/de\/html\/index.html\" target=\"_blank\" rel=\"noopener\"><strong><span style=\"color: #ff0000;\">Deutsche Gesellschaft f\u00fcr Internationale Zusammenarbeit (GIZ<\/span><\/strong>)<\/a>\u00a0qui soutient la mise en \u0153uvre de l\u2019Acad\u00e9mie.<\/span><\/p><\/div>\n\t\t\t\t<\/div>\n\t\t\t\t<\/div>\n\t\t\t\t\t<\/div>\n\t\t<\/div>\n\t\t\t\t\t\t\t<\/div>\n\t\t<\/section>\n\t\t\t\t<section class=\"elementor-section elementor-top-section elementor-element elementor-element-2ff9df9 elementor-section-boxed elementor-section-height-default elementor-section-height-default\" data-id=\"2ff9df9\" data-element_type=\"section\">\n\t\t\t\t\t\t<div class=\"elementor-container elementor-column-gap-default\">\n\t\t\t\t\t<div class=\"elementor-column elementor-col-25 elementor-top-column elementor-element elementor-element-6c520f5\" data-id=\"6c520f5\" data-element_type=\"column\">\n\t\t\t<div class=\"elementor-widget-wrap elementor-element-populated\">\n\t\t\t\t\t\t\t\t<div class=\"elementor-element elementor-element-b67f0ed elementor-widget elementor-widget-image\" data-id=\"b67f0ed\" data-element_type=\"widget\" data-widget_type=\"image.default\">\n\t\t\t\t<div class=\"elementor-widget-container\">\n\t\t\t\t\t<div class=\"elementor-image\">\n\t\t\t\t\t\t\t\t\t\t<img loading=\"lazy\" decoding=\"async\" width=\"200\" height=\"100\" src=\"https:\/\/www.ena.tn\/wp-content\/uploads\/2021\/04\/logo-cooperation.jpg\" class=\"attachment-large size-large\" alt=\"\" \/>\t\t\t\t\t\t\t\t\t\t\t<\/div>\n\t\t\t\t<\/div>\n\t\t\t\t<\/div>\n\t\t\t\t\t<\/div>\n\t\t<\/div>\n\t\t\t\t<div class=\"elementor-column elementor-col-25 elementor-top-column elementor-element elementor-element-63954e4\" data-id=\"63954e4\" data-element_type=\"column\">\n\t\t\t<div class=\"elementor-widget-wrap elementor-element-populated\">\n\t\t\t\t\t\t\t\t<div class=\"elementor-element elementor-element-249d23b elementor-widget elementor-widget-image\" data-id=\"249d23b\" data-element_type=\"widget\" data-widget_type=\"image.default\">\n\t\t\t\t<div class=\"elementor-widget-container\">\n\t\t\t\t\t<div class=\"elementor-image\">\n\t\t\t\t\t\t\t\t\t\t<img loading=\"lazy\" decoding=\"async\" width=\"200\" height=\"100\" src=\"https:\/\/www.ena.tn\/wp-content\/uploads\/2021\/04\/logo-giz.jpg\" class=\"attachment-large size-large\" alt=\"\" \/>\t\t\t\t\t\t\t\t\t\t\t<\/div>\n\t\t\t\t<\/div>\n\t\t\t\t<\/div>\n\t\t\t\t\t<\/div>\n\t\t<\/div>\n\t\t\t\t<div class=\"elementor-column elementor-col-25 elementor-top-column elementor-element elementor-element-f89a57e\" data-id=\"f89a57e\" data-element_type=\"column\">\n\t\t\t<div class=\"elementor-widget-wrap elementor-element-populated\">\n\t\t\t\t\t\t\t\t<div class=\"elementor-element elementor-element-2d86137 elementor-widget elementor-widget-image\" data-id=\"2d86137\" data-element_type=\"widget\" data-widget_type=\"image.default\">\n\t\t\t\t<div class=\"elementor-widget-container\">\n\t\t\t\t\t<div class=\"elementor-image\">\n\t\t\t\t\t\t\t\t\t\t<img loading=\"lazy\" decoding=\"async\" width=\"360\" height=\"160\" src=\"https:\/\/www.ena.tn\/wp-content\/uploads\/2021\/04\/logo-academie-fr.jpg\" class=\"attachment-large size-large\" alt=\"\" srcset=\"https:\/\/www.ena.tn\/wp-content\/uploads\/2021\/04\/logo-academie-fr.jpg 360w, https:\/\/www.ena.tn\/wp-content\/uploads\/2021\/04\/logo-academie-fr-300x133.jpg 300w\" sizes=\"auto, (max-width: 360px) 100vw, 360px\" \/>\t\t\t\t\t\t\t\t\t\t\t<\/div>\n\t\t\t\t<\/div>\n\t\t\t\t<\/div>\n\t\t\t\t\t<\/div>\n\t\t<\/div>\n\t\t\t\t<div class=\"elementor-column elementor-col-25 elementor-top-column elementor-element elementor-element-21cdf57\" data-id=\"21cdf57\" data-element_type=\"column\">\n\t\t\t<div class=\"elementor-widget-wrap elementor-element-populated\">\n\t\t\t\t\t\t\t\t<div class=\"elementor-element elementor-element-7927dfe elementor-widget elementor-widget-image\" data-id=\"7927dfe\" data-element_type=\"widget\" data-widget_type=\"image.default\">\n\t\t\t\t<div class=\"elementor-widget-container\">\n\t\t\t\t\t<div class=\"elementor-image\">\n\t\t\t\t\t\t\t\t\t\t<img loading=\"lazy\" decoding=\"async\" width=\"225\" height=\"100\" src=\"https:\/\/www.ena.tn\/wp-content\/uploads\/2021\/04\/logo-ena-225x100-1.png\" class=\"attachment-large size-large\" alt=\"\" \/>\t\t\t\t\t\t\t\t\t\t\t<\/div>\n\t\t\t\t<\/div>\n\t\t\t\t<\/div>\n\t\t\t\t\t<\/div>\n\t\t<\/div>\n\t\t\t\t\t\t\t<\/div>\n\t\t<\/section>\n\t\t\t\t<section class=\"elementor-section elementor-top-section elementor-element elementor-element-f52f826 elementor-section-boxed elementor-section-height-default elementor-section-height-default\" data-id=\"f52f826\" data-element_type=\"section\">\n\t\t\t\t\t\t<div class=\"elementor-container elementor-column-gap-default\">\n\t\t\t\t\t<div class=\"elementor-column elementor-col-50 elementor-top-column elementor-element elementor-element-65a335f\" data-id=\"65a335f\" data-element_type=\"column\">\n\t\t\t<div class=\"elementor-widget-wrap elementor-element-populated\">\n\t\t\t\t\t\t\t\t<div class=\"elementor-element elementor-element-a52faab elementor-widget elementor-widget-heading\" data-id=\"a52faab\" data-element_type=\"widget\" data-widget_type=\"heading.default\">\n\t\t\t\t<div class=\"elementor-widget-container\">\n\t\t\t<h2 class=\"elementor-heading-title elementor-size-default\">Les textes juridiques portant cr\u00e9ation de l\u2019Acad\u00e9mie<\/h2>\t\t<\/div>\n\t\t\t\t<\/div>\n\t\t\t\t<div class=\"elementor-element elementor-element-2f0bf34 elementor-widget elementor-widget-text-editor\" data-id=\"2f0bf34\" data-element_type=\"widget\" data-widget_type=\"text-editor.default\">\n\t\t\t\t<div class=\"elementor-widget-container\">\n\t\t\t\t\t<div class=\"elementor-text-editor elementor-clearfix\"><p><span style=\"color: #000000;\">D\u00e9cret n\u00b02014-4568 du 31 d\u00e9cembre 2014, compl\u00e9tant le d\u00e9cret 2007-1885 du 23 juillet 2007, fixant l\u2019organisation administrative et financi\u00e8re de l\u2019ENA.<\/span><\/p><\/div>\n\t\t\t\t<\/div>\n\t\t\t\t<\/div>\n\t\t\t\t\t<\/div>\n\t\t<\/div>\n\t\t\t\t<div class=\"elementor-column elementor-col-50 elementor-top-column elementor-element elementor-element-620de1e\" data-id=\"620de1e\" data-element_type=\"column\">\n\t\t\t<div class=\"elementor-widget-wrap elementor-element-populated\">\n\t\t\t\t\t\t\t\t<div class=\"elementor-element elementor-element-e9b749d elementor-widget elementor-widget-heading\" data-id=\"e9b749d\" data-element_type=\"widget\" data-widget_type=\"heading.default\">\n\t\t\t\t<div class=\"elementor-widget-container\">\n\t\t\t<h2 class=\"elementor-heading-title elementor-size-default\">Missions de l\u2019Acad\u00e9mie<\/h2>\t\t<\/div>\n\t\t\t\t<\/div>\n\t\t\t\t<div class=\"elementor-element elementor-element-8211fd0 elementor-widget elementor-widget-text-editor\" data-id=\"8211fd0\" data-element_type=\"widget\" data-widget_type=\"text-editor.default\">\n\t\t\t\t<div class=\"elementor-widget-container\">\n\t\t\t\t\t<div class=\"elementor-text-editor elementor-clearfix\"><p><span style=\"color: #000000;\">L\u2019Acad\u00e9mie Internationale de la Bonne Gouvernance est charg\u00e9e notamment de:<\/span><\/p><\/div>\n\t\t\t\t<\/div>\n\t\t\t\t<\/div>\n\t\t\t\t<div class=\"elementor-element elementor-element-75c6e16 elementor-icon-list--layout-traditional elementor-list-item-link-full_width elementor-widget elementor-widget-icon-list\" data-id=\"75c6e16\" data-element_type=\"widget\" data-widget_type=\"icon-list.default\">\n\t\t\t\t<div class=\"elementor-widget-container\">\n\t\t\t\t\t<ul class=\"elementor-icon-list-items\">\n\t\t\t\t\t\t\t<li class=\"elementor-icon-list-item\">\n\t\t\t\t\t\t\t\t\t\t\t<span class=\"elementor-icon-list-icon\">\n\t\t\t\t\t\t\t<i aria-hidden=\"true\" class=\"fas fa-times\"><\/i>\t\t\t\t\t\t<\/span>\n\t\t\t\t\t\t\t\t\t\t<span class=\"elementor-icon-list-text\">organiser des sessions de formation continue au profit des hauts cadres de l\u2019administration<\/span>\n\t\t\t\t\t\t\t\t\t<\/li>\n\t\t\t\t\t\t\t\t<li class=\"elementor-icon-list-item\">\n\t\t\t\t\t\t\t\t\t\t\t<span class=\"elementor-icon-list-icon\">\n\t\t\t\t\t\t\t<i aria-hidden=\"true\" class=\"fas fa-times\"><\/i>\t\t\t\t\t\t<\/span>\n\t\t\t\t\t\t\t\t\t\t<span class=\"elementor-icon-list-text\">organiser des visites d\u2019\u00e9tudes en Allemagne<\/span>\n\t\t\t\t\t\t\t\t\t<\/li>\n\t\t\t\t\t\t\t\t<li class=\"elementor-icon-list-item\">\n\t\t\t\t\t\t\t\t\t\t\t<span class=\"elementor-icon-list-icon\">\n\t\t\t\t\t\t\t<i aria-hidden=\"true\" class=\"fas fa-times\"><\/i>\t\t\t\t\t\t<\/span>\n\t\t\t\t\t\t\t\t\t\t<span class=\"elementor-icon-list-text\">organiser des s\u00e9minaires et conf\u00e9rences scientifiques, ouvertes \u00e0 la soci\u00e9t\u00e9 civile et le secteur priv\u00e9<\/span>\n\t\t\t\t\t\t\t\t\t<\/li>\n\t\t\t\t\t\t\t\t<li class=\"elementor-icon-list-item\">\n\t\t\t\t\t\t\t\t\t\t\t<span class=\"elementor-icon-list-icon\">\n\t\t\t\t\t\t\t<i aria-hidden=\"true\" class=\"fas fa-times\"><\/i>\t\t\t\t\t\t<\/span>\n\t\t\t\t\t\t\t\t\t\t<span class=\"elementor-icon-list-text\">effectuer des recherches et des \u00e9tudes pour l'innovation dans le domaine de la bonne gouvernance<\/span>\n\t\t\t\t\t\t\t\t\t<\/li>\n\t\t\t\t\t\t\t\t<li class=\"elementor-icon-list-item\">\n\t\t\t\t\t\t\t\t\t\t\t<span class=\"elementor-icon-list-icon\">\n\t\t\t\t\t\t\t<i aria-hidden=\"true\" class=\"fas fa-times\"><\/i>\t\t\t\t\t\t<\/span>\n\t\t\t\t\t\t\t\t\t\t<span class=\"elementor-icon-list-text\"> \u00e9changer les exp\u00e9riences et l'expertise, aussi en cr\u00e9ant un r\u00e9seau d\u2019alumni<\/span>\n\t\t\t\t\t\t\t\t\t<\/li>\n\t\t\t\t\t\t\t\t<li class=\"elementor-icon-list-item\">\n\t\t\t\t\t\t\t\t\t\t\t<span class=\"elementor-icon-list-icon\">\n\t\t\t\t\t\t\t<i aria-hidden=\"true\" class=\"fas fa-times\"><\/i>\t\t\t\t\t\t<\/span>\n\t\t\t\t\t\t\t\t\t\t<span class=\"elementor-icon-list-text\">renforcer la communication entre l'expertise tunisienne et \u00e9trang\u00e8re dans le domaine de la bonne gouvernance<\/span>\n\t\t\t\t\t\t\t\t\t<\/li>\n\t\t\t\t\t\t\t\t<li class=\"elementor-icon-list-item\">\n\t\t\t\t\t\t\t\t\t\t\t<span class=\"elementor-icon-list-icon\">\n\t\t\t\t\t\t\t<i aria-hidden=\"true\" class=\"fas fa-times\"><\/i>\t\t\t\t\t\t<\/span>\n\t\t\t\t\t\t\t\t\t\t<span class=\"elementor-icon-list-text\">\u00e9tablir des relations de partenariat et de coop\u00e9ration avec les structures et les organismes similaires<\/span>\n\t\t\t\t\t\t\t\t\t<\/li>\n\t\t\t\t\t\t<\/ul>\n\t\t\t\t<\/div>\n\t\t\t\t<\/div>\n\t\t\t\t\t<\/div>\n\t\t<\/div>\n\t\t\t\t\t\t\t<\/div>\n\t\t<\/section>\n\t\t\t\t<section class=\"elementor-section elementor-top-section elementor-element elementor-element-1e19449 elementor-section-boxed elementor-section-height-default elementor-section-height-default\" data-id=\"1e19449\" data-element_type=\"section\" data-settings=\"{&quot;background_background&quot;:&quot;classic&quot;}\">\n\t\t\t\t\t\t<div class=\"elementor-container elementor-column-gap-default\">\n\t\t\t\t\t<div class=\"elementor-column elementor-col-100 elementor-top-column elementor-element elementor-element-d897c75\" data-id=\"d897c75\" data-element_type=\"column\">\n\t\t\t<div class=\"elementor-widget-wrap elementor-element-populated\">\n\t\t\t\t\t\t\t\t<div class=\"elementor-element elementor-element-b6d867a elementor-widget elementor-widget-heading\" data-id=\"b6d867a\" data-element_type=\"widget\" data-widget_type=\"heading.default\">\n\t\t\t\t<div class=\"elementor-widget-container\">\n\t\t\t<h2 class=\"elementor-heading-title elementor-size-default\">\nLes activit\u00e9s de l\u2019Acad\u00e9mie<\/h2>\t\t<\/div>\n\t\t\t\t<\/div>\n\t\t\t\t<div class=\"elementor-element elementor-element-d110040 elementor-widget elementor-widget-heading\" data-id=\"d110040\" data-element_type=\"widget\" data-widget_type=\"heading.default\">\n\t\t\t\t<div class=\"elementor-widget-container\">\n\t\t\t<h3 class=\"elementor-heading-title elementor-size-default\">1- Session de formation continue<\/h3>\t\t<\/div>\n\t\t\t\t<\/div>\n\t\t\t\t<div class=\"elementor-element elementor-element-afe670a elementor-widget elementor-widget-text-editor\" data-id=\"afe670a\" data-element_type=\"widget\" data-widget_type=\"text-editor.default\">\n\t\t\t\t<div class=\"elementor-widget-container\">\n\t\t\t\t\t<div class=\"elementor-text-editor elementor-clearfix\"><p><span style=\"color: #000000;\">Pour chaque ann\u00e9e acad\u00e9mique il y a une formation continue de huit mois,s\u2019adressant \u00e0 25-35 participant(e)s et traitant chacune d\u2019un th\u00e8me prioritaire dans le domaine de la bonne gouvernance. La formation comprend principalement des conf\u00e9rences, des s\u00e9minaires, des ateliers de travail, des visites de terrain et des visites d\u2019\u00e9tudes en Allemagne. L\u2019organisation des conf\u00e9rences se fait en alternance avec les s\u00e9minaires, les ateliers de travail et les visites d\u2019\u00e9tudes et sur terrain.<\/span><\/p><p><span style=\"color: #000000;\">Le th\u00e8me, les dates de d\u00e9marrage et de cl\u00f4ture de la session sont fix\u00e9s par par arr\u00eat\u00e9 du chef de gouvernement sur proposition du directeur de l\u2019Ecole Nationale d\u2019Administration.<\/span><\/p><p><span style=\"color: #000000;\">Le programme de la premi\u00e8re session de formation 2015-2016 a port\u00e9 sur les concepts de base relatifs \u00e0 la bonne gouvernance, la gouvernance des march\u00e9s publics et la gestion des conflits d\u2019int\u00e9r\u00eats dans le secteur de la sant\u00e9.<\/span><\/p><\/div>\n\t\t\t\t<\/div>\n\t\t\t\t<\/div>\n\t\t\t\t<div class=\"elementor-element elementor-element-bd6e548 elementor-widget elementor-widget-heading\" data-id=\"bd6e548\" data-element_type=\"widget\" data-widget_type=\"heading.default\">\n\t\t\t\t<div class=\"elementor-widget-container\">\n\t\t\t<h3 class=\"elementor-heading-title elementor-size-default\">2- Sessions de formation \u00e0 courte dur\u00e9e<\/h3>\t\t<\/div>\n\t\t\t\t<\/div>\n\t\t\t\t<div class=\"elementor-element elementor-element-33dd4f5 elementor-widget elementor-widget-text-editor\" data-id=\"33dd4f5\" data-element_type=\"widget\" data-widget_type=\"text-editor.default\">\n\t\t\t\t<div class=\"elementor-widget-container\">\n\t\t\t\t\t<div class=\"elementor-text-editor elementor-clearfix\"><p><span style=\"color: #000000;\">Elles comprennent les :<\/span><\/p><\/div>\n\t\t\t\t<\/div>\n\t\t\t\t<\/div>\n\t\t\t\t<div class=\"elementor-element elementor-element-e60169a elementor-icon-list--layout-traditional elementor-list-item-link-full_width elementor-widget elementor-widget-icon-list\" data-id=\"e60169a\" data-element_type=\"widget\" data-widget_type=\"icon-list.default\">\n\t\t\t\t<div class=\"elementor-widget-container\">\n\t\t\t\t\t<ul class=\"elementor-icon-list-items\">\n\t\t\t\t\t\t\t<li class=\"elementor-icon-list-item\">\n\t\t\t\t\t\t\t\t\t\t\t<span class=\"elementor-icon-list-icon\">\n\t\t\t\t\t\t\t<i aria-hidden=\"true\" class=\"fas fa-check\"><\/i>\t\t\t\t\t\t<\/span>\n\t\t\t\t\t\t\t\t\t\t<span class=\"elementor-icon-list-text\">S\u00e9minaires r\u00e9gionaux qui couvrent la totalit\u00e9 des gouvernorats<\/span>\n\t\t\t\t\t\t\t\t\t<\/li>\n\t\t\t\t\t\t\t\t<li class=\"elementor-icon-list-item\">\n\t\t\t\t\t\t\t\t\t\t\t<span class=\"elementor-icon-list-icon\">\n\t\t\t\t\t\t\t<i aria-hidden=\"true\" class=\"fas fa-check\"><\/i>\t\t\t\t\t\t<\/span>\n\t\t\t\t\t\t\t\t\t\t<span class=\"elementor-icon-list-text\">Conf\u00e9rences internationalesdes gouvernorats<\/span>\n\t\t\t\t\t\t\t\t\t<\/li>\n\t\t\t\t\t\t\t\t<li class=\"elementor-icon-list-item\">\n\t\t\t\t\t\t\t\t\t\t\t<span class=\"elementor-icon-list-icon\">\n\t\t\t\t\t\t\t<i aria-hidden=\"true\" class=\"fas fa-check\"><\/i>\t\t\t\t\t\t<\/span>\n\t\t\t\t\t\t\t\t\t\t<span class=\"elementor-icon-list-text\">Missions techniques en Allemagne*: Ouvert \u00e0 tous ceux ayant particip\u00e9 \u00e0 la formation continue, mais \u00e9galement \u00e0 d\u2019autres groupes. Cela permet entre autres l\u2019\u00e9change direct entre expert(e)s, ainsi que la visite d\u2019institutions allemandes pour transmettre les exp\u00e9riences pratiques.<\/span>\n\t\t\t\t\t\t\t\t\t<\/li>\n\t\t\t\t\t\t\t\t<li class=\"elementor-icon-list-item\">\n\t\t\t\t\t\t\t\t\t\t\t<span class=\"elementor-icon-list-icon\">\n\t\t\t\t\t\t\t<i aria-hidden=\"true\" class=\"fas fa-check\"><\/i>\t\t\t\t\t\t<\/span>\n\t\t\t\t\t\t\t\t\t\t<span class=\"elementor-icon-list-text\">R\u00e9unions de mise en r\u00e9seau* *des alumni.<\/span>\n\t\t\t\t\t\t\t\t\t<\/li>\n\t\t\t\t\t\t<\/ul>\n\t\t\t\t<\/div>\n\t\t\t\t<\/div>\n\t\t\t\t\t<\/div>\n\t\t<\/div>\n\t\t\t\t\t\t\t<\/div>\n\t\t<\/section>\n\t\t\t\t<section class=\"elementor-section elementor-top-section elementor-element elementor-element-d0fd07e elementor-section-boxed elementor-section-height-default elementor-section-height-default\" data-id=\"d0fd07e\" data-element_type=\"section\">\n\t\t\t\t\t\t<div class=\"elementor-container elementor-column-gap-default\">\n\t\t\t\t\t<div class=\"elementor-column elementor-col-50 elementor-top-column elementor-element elementor-element-f98bc91\" data-id=\"f98bc91\" data-element_type=\"column\">\n\t\t\t<div class=\"elementor-widget-wrap elementor-element-populated\">\n\t\t\t\t\t\t\t\t<div class=\"elementor-element elementor-element-5ac9927 elementor-widget elementor-widget-heading\" data-id=\"5ac9927\" data-element_type=\"widget\" data-widget_type=\"heading.default\">\n\t\t\t\t<div class=\"elementor-widget-container\">\n\t\t\t<h2 class=\"elementor-heading-title elementor-size-default\">Les r\u00e9alisations de l'Acad\u00e9mie<\/h2>\t\t<\/div>\n\t\t\t\t<\/div>\n\t\t\t\t<div class=\"elementor-element elementor-element-a22e28d elementor-widget elementor-widget-text-editor\" data-id=\"a22e28d\" data-element_type=\"widget\" data-widget_type=\"text-editor.default\">\n\t\t\t\t<div class=\"elementor-widget-container\">\n\t\t\t\t\t<div class=\"elementor-text-editor elementor-clearfix\"><p><span style=\"color: #000000;\"><span lang=\"FR\">Depuis 2015, l\u2019Acad\u00e9mie a form\u00e9 35 participants de la formation continue et organis\u00e9 deux visites d\u2019\u00e9tudes.\u00a0<\/span>Plus de 500 personnes ont particip\u00e9 \u00e0 7 s\u00e9minaires r\u00e9gionau<\/span><\/p><\/div>\n\t\t\t\t<\/div>\n\t\t\t\t<\/div>\n\t\t\t\t<div class=\"elementor-element elementor-element-878c710 elementor-widget elementor-widget-html\" data-id=\"878c710\" data-element_type=\"widget\" data-widget_type=\"html.default\">\n\t\t\t\t<div class=\"elementor-widget-container\">\n\t\t\t\r\n<table border=\"1\" style=\"border-collapse: collapse; color:black; width: 100%; \">\r\n<tbody>\r\n<tr>\r\n<td scope=\"row\" style=\" width:20% ;background-color: #c20c0d;\">S\u00e9ances<\/td>\r\n<td style=\" width:20% ;background-color: #294274;\" >Date des s\u00e9ances<\/td>\r\n<td style=\" width:40% ;background-color: #c20c0d;\" >Gouvernorats(*)<\/td>\r\n<td style=\" width:20% ;background-color: #294274;\" >Nombre de participants<\/td>\r\n<\/tr>\r\n<tr><td scope=\"row\">01<\/td>\r\n<td>05 mars 2016<\/td>\r\n<td>Nabeul -Tunis -Bizerte-Ariana-Manouba-Ben arous-Zaghouan<\/td>\r\n<td>103<\/td><\/tr><tr><td scope=\"row\">02<\/td><td>19 mars 2016<\/td>\r\n<td>Jendouba-Beja-Le kef-Siliana<\/td>\r\n<td>106<\/td><\/tr><tr><td scope=\"row\">03<\/td>\r\n<td>23 avril 2016<\/td><td>Kairouan-Kasserine-Sidi bouzid<\/td><td>102<\/td><\/tr><tr><td scope=\"row\">04<\/td>\r\n<td>30 avril 2016<\/td><td>Mahdia-Sousse-Monastir<\/td><td>98<\/td><\/tr><tr><td scope=\"row\">05<\/td><td>21 mai 2016<\/td>\r\n<td>Gab\u00e8s-Sfax-M\u00e9dnine-Tataouine<\/td><td>50<\/td><\/tr><tr><td scope=\"row\">06<\/td>\r\n<td>28 mai 2016<\/td>\r\n<td>Gafsa-Tozeur-K\u00e9bili<\/td><td>65<\/td><\/tr><tr><td class=\"align-center\" colspan=\"3\" scope=\"row\"><b>Total<\/b><\/td>\r\n<td><b>524<\/b><\/td><\/tr><\/tbody>\r\n<\/table>\t\t<\/div>\n\t\t\t\t<\/div>\n\t\t\t\t\t<\/div>\n\t\t<\/div>\n\t\t\t\t<div class=\"elementor-column elementor-col-50 elementor-top-column elementor-element elementor-element-9d3c3b6\" data-id=\"9d3c3b6\" data-element_type=\"column\">\n\t\t\t<div class=\"elementor-widget-wrap elementor-element-populated\">\n\t\t\t\t\t\t\t\t<div class=\"elementor-element elementor-element-7801ec1 elementor-widget elementor-widget-heading\" data-id=\"7801ec1\" data-element_type=\"widget\" data-widget_type=\"heading.default\">\n\t\t\t\t<div class=\"elementor-widget-container\">\n\t\t\t<h2 class=\"elementor-heading-title elementor-size-default\">Autres ateliers r\u00e9alis\u00e9s :<\/h2>\t\t<\/div>\n\t\t\t\t<\/div>\n\t\t\t\t<div class=\"elementor-element elementor-element-56a611b elementor-icon-list--layout-traditional elementor-list-item-link-full_width elementor-widget elementor-widget-icon-list\" data-id=\"56a611b\" data-element_type=\"widget\" data-widget_type=\"icon-list.default\">\n\t\t\t\t<div class=\"elementor-widget-container\">\n\t\t\t\t\t<ul class=\"elementor-icon-list-items\">\n\t\t\t\t\t\t\t<li class=\"elementor-icon-list-item\">\n\t\t\t\t\t\t\t\t\t\t\t<span class=\"elementor-icon-list-icon\">\n\t\t\t\t\t\t\t<i aria-hidden=\"true\" class=\"fas fa-check\"><\/i>\t\t\t\t\t\t<\/span>\n\t\t\t\t\t\t\t\t\t\t<span class=\"elementor-icon-list-text\">Atelier de travail consacr\u00e9 au secteur des hydrocarbures de point de vue \u00ab Des moyens d\u2019adapter le cadre l\u00e9gislatif actuel avec les dispositions constitutionnelles nouvelles portant sur la transparence et la gouvernance \u00bb. Ledit atelier a \u00e9t\u00e9 organis\u00e9 le 26 et le 27 mai 2016 dans le cadre de la collaboration entre le Minist\u00e8re de l\u2019Energie et des Mines, l\u2019Institut de la Gouvernance des Ressources Naturelles et l\u2019Acad\u00e9mie Internationale de la Bonne Gouvernance relevant de l\u2019Ecole Nationale d\u2019Administration.<\/span>\n\t\t\t\t\t\t\t\t\t<\/li>\n\t\t\t\t\t\t\t\t<li class=\"elementor-icon-list-item\">\n\t\t\t\t\t\t\t\t\t\t\t<span class=\"elementor-icon-list-icon\">\n\t\t\t\t\t\t\t<i aria-hidden=\"true\" class=\"fas fa-check\"><\/i>\t\t\t\t\t\t<\/span>\n\t\t\t\t\t\t\t\t\t\t<span class=\"elementor-icon-list-text\">Atelier de travail organis\u00e9 par l\u2019Acad\u00e9mie en collaboration avec les services de la gouvernance du minist\u00e8re de la fonction publique, de la gouvernance et de la lutte contre la corruption et le PNUD, du 21 au 25 mars 2016, \u00e0 l\u2019intention d\u2019une trentaine de cadres tunisiens et de repr\u00e9sentants de la soci\u00e9t\u00e9 civile.<\/span>\n\t\t\t\t\t\t\t\t\t<\/li>\n\t\t\t\t\t\t\t\t<li class=\"elementor-icon-list-item\">\n\t\t\t\t\t\t\t\t\t\t\t<span class=\"elementor-icon-list-icon\">\n\t\t\t\t\t\t\t<i aria-hidden=\"true\" class=\"fas fa-check\"><\/i>\t\t\t\t\t\t<\/span>\n\t\t\t\t\t\t\t\t\t\t<span class=\"elementor-icon-list-text\">Atelier de travail pr\u00e9sid\u00e9 par M. Yassine Brahim, Ministre du D\u00e9veloppement, de l'Investissement et la Coop\u00e9ration Internationale organis\u00e9 le mercredi 16 d\u00e9cembre 2015 par, l\u2019Acad\u00e9mie Internationale de la Bonne Gouvernance \u00e0 l'intention des \u00e9l\u00e8ves du cycle sup\u00e9rieur de l'Ecole Nationale de l\u2019Administration sur le th\u00e8me \u00ab Le r\u00f4le de l'Acad\u00e9mie dans le renforcement des capacit\u00e9s administratives aux niveaux central, r\u00e9gional et local\u00bb.<\/span>\n\t\t\t\t\t\t\t\t\t<\/li>\n\t\t\t\t\t\t<\/ul>\n\t\t\t\t<\/div>\n\t\t\t\t<\/div>\n\t\t\t\t\t<\/div>\n\t\t<\/div>\n\t\t\t\t\t\t\t<\/div>\n\t\t<\/section>\n\t\t\t\t\t\t<\/div>\n\t\t\t\t\t<\/div>\n\t\t","protected":false},"excerpt":{"rendered":"<p>L\u2019Acad\u00e9mie Internationale de la Bonne Gouvernance charg\u00e9e de renforcer et d\u00e9velopper les capacit\u00e9s des hauts cadres de l\u2019administration, aux niveaux central, r\u00e9gional et local, ainsi que la promotion de l\u2019\u00e9change entre eux. Financ\u00e9e par le gouvernement allemand, c\u2019est la&nbsp;Deutsche Gesellschaft f\u00fcr Internationale Zusammenarbeit (GIZ)&nbsp;qui soutient la mise en \u0153uvre de l\u2019Acad\u00e9mie. Les textes juridiques portant &hellip; <br \/><a href=\"https:\/\/www.ena.tn\/fr\/gouvernance\/lacademie-internationale-de-la-bonne-gouvernance\/\" class=\"more-link\">Continue reading <span class=\"screen-reader-text\">L\u2019Acad\u00e9mie Internationale de la Bonne Gouvernance<\/span><\/a><\/p>\n","protected":false},"author":1,"featured_media":0,"parent":8811,"menu_order":0,"comment_status":"closed","ping_status":"closed","template":"","meta":{"footnotes":""},"class_list":["post-8740","page","type-page","status-publish","hentry"],"_links":{"self":[{"href":"https:\/\/www.ena.tn\/fr\/wp-json\/wp\/v2\/pages\/8740","targetHints":{"allow":["GET"]}}],"collection":[{"href":"https:\/\/www.ena.tn\/fr\/wp-json\/wp\/v2\/pages"}],"about":[{"href":"https:\/\/www.ena.tn\/fr\/wp-json\/wp\/v2\/types\/page"}],"author":[{"embeddable":true,"href":"https:\/\/www.ena.tn\/fr\/wp-json\/wp\/v2\/users\/1"}],"replies":[{"embeddable":true,"href":"https:\/\/www.ena.tn\/fr\/wp-json\/wp\/v2\/comments?post=8740"}],"version-history":[{"count":26,"href":"https:\/\/www.ena.tn\/fr\/wp-json\/wp\/v2\/pages\/8740\/revisions"}],"predecessor-version":[{"id":8821,"href":"https:\/\/www.ena.tn\/fr\/wp-json\/wp\/v2\/pages\/8740\/revisions\/8821"}],"up":[{"embeddable":true,"href":"https:\/\/www.ena.tn\/fr\/wp-json\/wp\/v2\/pages\/8811"}],"wp:attachment":[{"href":"https:\/\/www.ena.tn\/fr\/wp-json\/wp\/v2\/media?parent=8740"}],"curies":[{"name":"wp","href":"https:\/\/api.w.org\/{rel}","templated":true}]}}