{"id":8883,"date":"2021-04-15T17:55:39","date_gmt":"2021-04-15T16:55:39","guid":{"rendered":"http:\/\/193.95.2.39\/?page_id=8883"},"modified":"2021-04-17T18:31:42","modified_gmt":"2021-04-17T17:31:42","slug":"revue-tunisienne-dadministration-publique","status":"publish","type":"page","link":"https:\/\/www.ena.tn\/fr\/expertise-recherches-administratives\/revue-tunisienne-dadministration-publique\/","title":{"rendered":"Revue Tunisienne d\u2019Administration Publique"},"content":{"rendered":"\t\t<div data-elementor-type=\"wp-page\" data-elementor-id=\"8883\" class=\"elementor elementor-8883\" data-elementor-settings=\"[]\">\n\t\t\t\t\t\t\t<div class=\"elementor-section-wrap\">\n\t\t\t\t\t\t\t<section class=\"elementor-section elementor-top-section elementor-element elementor-element-86cf6fe elementor-section-boxed elementor-section-height-default elementor-section-height-default\" data-id=\"86cf6fe\" data-element_type=\"section\">\n\t\t\t\t\t\t<div class=\"elementor-container elementor-column-gap-default\">\n\t\t\t\t\t<div class=\"elementor-column elementor-col-100 elementor-top-column elementor-element elementor-element-fe1bb53\" data-id=\"fe1bb53\" data-element_type=\"column\">\n\t\t\t<div class=\"elementor-widget-wrap elementor-element-populated\">\n\t\t\t\t\t\t\t\t<div class=\"elementor-element elementor-element-3537f69 elementor-widget elementor-widget-heading\" data-id=\"3537f69\" data-element_type=\"widget\" data-widget_type=\"heading.default\">\n\t\t\t\t<div class=\"elementor-widget-container\">\n\t\t\t<h2 class=\"elementor-heading-title elementor-size-default\">Revue Tunisienne d'Administration Publique<\/h2>\t\t<\/div>\n\t\t\t\t<\/div>\n\t\t\t\t<div class=\"elementor-element elementor-element-c2f48b1 elementor-widget elementor-widget-text-editor\" data-id=\"c2f48b1\" data-element_type=\"widget\" data-widget_type=\"text-editor.default\">\n\t\t\t\t<div class=\"elementor-widget-container\">\n\t\t\t\t\t<div class=\"elementor-text-editor elementor-clearfix\"><p><span style=\"color: #000000;\">La Revue tunisienne d\u2019administration publique est une revue scientifique acad\u00e9mique publi\u00e9e au moins deux fois par an par le Centre d\u2019expertise et de recherches Administratives.<\/span><\/p><p><span style=\"color: #000000;\">Etudes et recherches dans divers domaines tels que les sciences juridiques, politiques, sociales, financi\u00e8res et \u00e9conomiques sont publi\u00e9s.<\/span><\/p><p><span style=\"color: #000000;\">Dans un but de renouveler et d\u2019approfondir la culture administrative et l\u2019\u00e9change d\u2019exp\u00e9riences et de renforcer la communication et le dialogue entre les \u00e9lites intellectuelles, scientifiques et administratives aux niveaux national et international, la RTAP retrace le parcours de l\u2019administration tunisienne depuis pr\u00e9s de 70 ans de parution.<\/span><\/p><\/div>\n\t\t\t\t<\/div>\n\t\t\t\t<\/div>\n\t\t\t\t\t<\/div>\n\t\t<\/div>\n\t\t\t\t\t\t\t<\/div>\n\t\t<\/section>\n\t\t\t\t<section class=\"elementor-section elementor-top-section elementor-element elementor-element-417f4e1 elementor-section-boxed elementor-section-height-default elementor-section-height-default\" data-id=\"417f4e1\" data-element_type=\"section\" data-settings=\"{&quot;background_background&quot;:&quot;classic&quot;}\">\n\t\t\t\t\t\t<div class=\"elementor-container elementor-column-gap-default\">\n\t\t\t\t\t<div class=\"elementor-column elementor-col-100 elementor-top-column elementor-element elementor-element-0fb435d\" data-id=\"0fb435d\" data-element_type=\"column\">\n\t\t\t<div class=\"elementor-widget-wrap elementor-element-populated\">\n\t\t\t\t\t\t\t\t<div class=\"elementor-element elementor-element-b3b979f elementor-widget elementor-widget-heading\" data-id=\"b3b979f\" data-element_type=\"widget\" data-widget_type=\"heading.default\">\n\t\t\t\t<div class=\"elementor-widget-container\">\n\t\t\t<h2 class=\"elementor-heading-title elementor-size-default\">Abonnement \u00e0 la RTAP<\/h2>\t\t<\/div>\n\t\t\t\t<\/div>\n\t\t\t\t<div class=\"elementor-element elementor-element-85ce007 elementor-widget elementor-widget-text-editor\" data-id=\"85ce007\" data-element_type=\"widget\" data-widget_type=\"text-editor.default\">\n\t\t\t\t<div class=\"elementor-widget-container\">\n\t\t\t\t\t<div class=\"elementor-text-editor elementor-clearfix\"><div class=\"elementor-element elementor-element-204d7c89 elementor-widget elementor-widget-text-editor\" data-id=\"204d7c89\" data-element_type=\"widget\" data-widget_type=\"text-editor.default\"><div class=\"elementor-widget-container\"><div class=\"elementor-text-editor elementor-clearfix\"><p><span style=\"color: #000000;\">Frais de l\u2019abonnement annuel \u00e0 la Revue Tunisienne d\u2019Administration Publique soit Deux Num\u00e9ros (Frais de poste inclus)\u00a0: 7 Dinars<\/span><\/p><p><span style=\"color: #000000;\">Les versements sont effectu\u00e9s au nom de l\u2019agent comptable de l\u2019Ecole Nationale d\u2019Administration, Compte Courant Postal : RIB: 17001000000006157748<\/span><\/p><p><span style=\"color: #000000;\">Pour de plus amples renseignements sur les publications du Centre d\u2019expertise et de recherches Administratives, veuillez nous contacter\u00a0:<\/span><\/p><\/div><\/div><\/div><div class=\"elementor-element elementor-element-2fb9c67f elementor-icon-list--layout-traditional elementor-widget elementor-widget-icon-list\" data-id=\"2fb9c67f\" data-element_type=\"widget\" data-widget_type=\"icon-list.default\"><div class=\"elementor-widget-container\"><ul class=\"elementor-icon-list-items\"><li class=\"elementor-icon-list-item\">\u00a0<\/li><\/ul><\/div><\/div><\/div>\n\t\t\t\t<\/div>\n\t\t\t\t<\/div>\n\t\t\t\t<div class=\"elementor-element elementor-element-798e32c elementor-icon-list--layout-traditional elementor-list-item-link-full_width elementor-widget elementor-widget-icon-list\" data-id=\"798e32c\" data-element_type=\"widget\" data-widget_type=\"icon-list.default\">\n\t\t\t\t<div class=\"elementor-widget-container\">\n\t\t\t\t\t<ul class=\"elementor-icon-list-items\">\n\t\t\t\t\t\t\t<li class=\"elementor-icon-list-item\">\n\t\t\t\t\t\t\t\t\t\t\t<span class=\"elementor-icon-list-icon\">\n\t\t\t\t\t\t\t<i aria-hidden=\"true\" class=\"fas fa-check\"><\/i>\t\t\t\t\t\t<\/span>\n\t\t\t\t\t\t\t\t\t\t<span class=\"elementor-icon-list-text\">par t\u00e9l\u00e9phone: 71 848 300<\/span>\n\t\t\t\t\t\t\t\t\t<\/li>\n\t\t\t\t\t\t\t\t<li class=\"elementor-icon-list-item\">\n\t\t\t\t\t\t\t\t\t\t\t<span class=\"elementor-icon-list-icon\">\n\t\t\t\t\t\t\t<i aria-hidden=\"true\" class=\"fas fa-check\"><\/i>\t\t\t\t\t\t<\/span>\n\t\t\t\t\t\t\t\t\t\t<span class=\"elementor-icon-list-text\">Sur le site web de l\u2019ENA : www.ena.tn<\/span>\n\t\t\t\t\t\t\t\t\t<\/li>\n\t\t\t\t\t\t\t\t<li class=\"elementor-icon-list-item\">\n\t\t\t\t\t\t\t\t\t\t\t<span class=\"elementor-icon-list-icon\">\n\t\t\t\t\t\t\t<i aria-hidden=\"true\" class=\"fas fa-check\"><\/i>\t\t\t\t\t\t<\/span>\n\t\t\t\t\t\t\t\t\t\t<span class=\"elementor-icon-list-text\">ou directement au Centre d'expertise et de recherches Administratives \u00e0 l'adresse suivante : Ecole nationale d\u2019Administration 24, Avenue du Dr Calmette Mutuelle-ville 1002 Tunisia<\/span>\n\t\t\t\t\t\t\t\t\t<\/li>\n\t\t\t\t\t\t<\/ul>\n\t\t\t\t<\/div>\n\t\t\t\t<\/div>\n\t\t\t\t\t<\/div>\n\t\t<\/div>\n\t\t\t\t\t\t\t<\/div>\n\t\t<\/section>\n\t\t\t\t<section class=\"elementor-section elementor-top-section elementor-element elementor-element-175a6bb elementor-section-boxed elementor-section-height-default elementor-section-height-default\" data-id=\"175a6bb\" data-element_type=\"section\">\n\t\t\t\t\t\t<div class=\"elementor-container elementor-column-gap-default\">\n\t\t\t\t\t<div class=\"elementor-column elementor-col-100 elementor-top-column elementor-element elementor-element-5dc018f\" data-id=\"5dc018f\" data-element_type=\"column\">\n\t\t\t<div class=\"elementor-widget-wrap elementor-element-populated\">\n\t\t\t\t\t\t\t\t<div class=\"elementor-element elementor-element-5ccbf98 elementor-widget elementor-widget-heading\" data-id=\"5ccbf98\" data-element_type=\"widget\" data-widget_type=\"heading.default\">\n\t\t\t\t<div class=\"elementor-widget-container\">\n\t\t\t<h2 class=\"elementor-heading-title elementor-size-default\">Comit\u00e9 de R\u00e9daction de la RTAP<\/h2>\t\t<\/div>\n\t\t\t\t<\/div>\n\t\t\t\t<div class=\"elementor-element elementor-element-e360d17 elementor-icon-list--layout-traditional elementor-list-item-link-full_width elementor-widget elementor-widget-icon-list\" data-id=\"e360d17\" data-element_type=\"widget\" data-widget_type=\"icon-list.default\">\n\t\t\t\t<div class=\"elementor-widget-container\">\n\t\t\t\t\t<ul class=\"elementor-icon-list-items\">\n\t\t\t\t\t\t\t<li class=\"elementor-icon-list-item\">\n\t\t\t\t\t\t\t\t\t\t\t<span class=\"elementor-icon-list-icon\">\n\t\t\t\t\t\t\t<i aria-hidden=\"true\" class=\"fas fa-check\"><\/i>\t\t\t\t\t\t<\/span>\n\t\t\t\t\t\t\t\t\t\t<span class=\"elementor-icon-list-text\">Directeur de la publication : M. Abdellatif HAMAM, Directeur de l\u2019Ecole Nationale d\u2019Administration<\/span>\n\t\t\t\t\t\t\t\t\t<\/li>\n\t\t\t\t\t\t\t\t<li class=\"elementor-icon-list-item\">\n\t\t\t\t\t\t\t\t\t\t\t<span class=\"elementor-icon-list-icon\">\n\t\t\t\t\t\t\t<i aria-hidden=\"true\" class=\"fas fa-check\"><\/i>\t\t\t\t\t\t<\/span>\n\t\t\t\t\t\t\t\t\t\t<span class=\"elementor-icon-list-text\">R\u00e9dacteur en chef : M. Tahar OUEDERNI, Directeur du Centre d\u2019Expertise et de Recherches Administratives<\/span>\n\t\t\t\t\t\t\t\t\t<\/li>\n\t\t\t\t\t\t\t\t<li class=\"elementor-icon-list-item\">\n\t\t\t\t\t\t\t\t\t\t\t<span class=\"elementor-icon-list-icon\">\n\t\t\t\t\t\t\t<i aria-hidden=\"true\" class=\"fas fa-check\"><\/i>\t\t\t\t\t\t<\/span>\n\t\t\t\t\t\t\t\t\t\t<span class=\"elementor-icon-list-text\">Comit\u00e9 scientifique du Centre d\u2019Expertise et de Recherches Administratives<\/span>\n\t\t\t\t\t\t\t\t\t<\/li>\n\t\t\t\t\t\t<\/ul>\n\t\t\t\t<\/div>\n\t\t\t\t<\/div>\n\t\t\t\t<div class=\"elementor-element elementor-element-8a4eb0e elementor-widget elementor-widget-text-editor\" data-id=\"8a4eb0e\" data-element_type=\"widget\" data-widget_type=\"text-editor.default\">\n\t\t\t\t<div class=\"elementor-widget-container\">\n\t\t\t\t\t<div class=\"elementor-text-editor elementor-clearfix\"><div class=\"elementor-element elementor-element-e183f18 elementor-widget elementor-widget-rt-heading\" data-id=\"e183f18\" data-element_type=\"widget\" data-widget_type=\"rt-heading.default\">\n<div class=\"elementor-widget-container\">\n<div class=\"rt-heading-wrapper\">\n<h5 class=\"rt-heading\"><strong><span style=\"color: #000080;\">R\u00e9pertoire des articles publi\u00e9s \u00e0 la Revue Tunisienne d\u2019Administration Publique<\/span><\/strong><\/h5>\n<\/div>\n<\/div>\n<\/div>\n<div class=\"elementor-element elementor-element-b6c0cd5 elementor-widget elementor-widget-text-editor\" data-id=\"b6c0cd5\" data-element_type=\"widget\" data-widget_type=\"text-editor.default\">\n<div class=\"elementor-widget-container\">\n<div class=\"elementor-text-editor elementor-clearfix\">\n\n<span style=\"color: #000000;\">Pour consulter ou t\u00e9l\u00e9charger les articles parus dans la RTAP <span style=\"color: #ff0000;\">:\u00a0<a style=\"color: #ff0000;\" href=\"http:\/\/193.95.2.39\/wp-content\/uploads\/2021\/04\/repertoire-articles-ratap-bilingue.pdf\" target=\"_blank\" rel=\"noopener\">T\u00e9l\u00e9charger (.pdf)<\/a><\/span><\/span>\n\n<\/div>\n<\/div>\n<\/div><\/div>\n\t\t\t\t<\/div>\n\t\t\t\t<\/div>\n\t\t\t\t\t<\/div>\n\t\t<\/div>\n\t\t\t\t\t\t\t<\/div>\n\t\t<\/section>\n\t\t\t\t<section class=\"elementor-section elementor-top-section elementor-element elementor-element-6afe558 elementor-section-boxed elementor-section-height-default elementor-section-height-default\" data-id=\"6afe558\" data-element_type=\"section\">\n\t\t\t\t\t\t<div class=\"elementor-container elementor-column-gap-default\">\n\t\t\t\t\t<div class=\"elementor-column elementor-col-25 elementor-top-column elementor-element elementor-element-35e956c\" data-id=\"35e956c\" data-element_type=\"column\">\n\t\t\t<div class=\"elementor-widget-wrap elementor-element-populated\">\n\t\t\t\t\t\t\t\t<div class=\"elementor-element elementor-element-9dda851 elementor-widget elementor-widget-image\" data-id=\"9dda851\" data-element_type=\"widget\" data-widget_type=\"image.default\">\n\t\t\t\t<div class=\"elementor-widget-container\">\n\t\t\t\t\t<div class=\"elementor-image\">\n\t\t\t\t\t\t\t\t\t\t\t<a href=\"http:\/\/193.95.2.39\/quatrieme-numero-mai-2017\/\">\n\t\t\t\t\t\t\t<img loading=\"lazy\" decoding=\"async\" width=\"660\" height=\"495\" src=\"https:\/\/www.ena.tn\/wp-content\/uploads\/2021\/03\/revue2017.jpg\" class=\"attachment-large size-large\" alt=\"\" srcset=\"https:\/\/www.ena.tn\/wp-content\/uploads\/2021\/03\/revue2017.jpg 1000w, https:\/\/www.ena.tn\/wp-content\/uploads\/2021\/03\/revue2017-300x225.jpg 300w, https:\/\/www.ena.tn\/wp-content\/uploads\/2021\/03\/revue2017-768x576.jpg 768w\" sizes=\"auto, (max-width: 660px) 100vw, 660px\" \/>\t\t\t\t\t\t\t\t<\/a>\n\t\t\t\t\t\t\t\t\t\t\t<\/div>\n\t\t\t\t<\/div>\n\t\t\t\t<\/div>\n\t\t\t\t\t<\/div>\n\t\t<\/div>\n\t\t\t\t<div class=\"elementor-column elementor-col-25 elementor-top-column elementor-element elementor-element-195f828\" data-id=\"195f828\" data-element_type=\"column\">\n\t\t\t<div class=\"elementor-widget-wrap elementor-element-populated\">\n\t\t\t\t\t\t\t\t<div class=\"elementor-element elementor-element-738dc2c elementor-widget elementor-widget-image\" data-id=\"738dc2c\" data-element_type=\"widget\" data-widget_type=\"image.default\">\n\t\t\t\t<div class=\"elementor-widget-container\">\n\t\t\t\t\t<div class=\"elementor-image\">\n\t\t\t\t\t\t\t\t\t\t\t<a href=\"http:\/\/193.95.2.39\/wp-content\/uploads\/2021\/04\/revu2015.pdf\">\n\t\t\t\t\t\t\t<img loading=\"lazy\" decoding=\"async\" width=\"660\" height=\"510\" src=\"https:\/\/www.ena.tn\/wp-content\/uploads\/2021\/04\/revu2015.jpg\" class=\"attachment-large size-large\" alt=\"\" srcset=\"https:\/\/www.ena.tn\/wp-content\/uploads\/2021\/04\/revu2015.jpg 1001w, https:\/\/www.ena.tn\/wp-content\/uploads\/2021\/04\/revu2015-300x232.jpg 300w, https:\/\/www.ena.tn\/wp-content\/uploads\/2021\/04\/revu2015-768x593.jpg 768w\" sizes=\"auto, (max-width: 660px) 100vw, 660px\" \/>\t\t\t\t\t\t\t\t<\/a>\n\t\t\t\t\t\t\t\t\t\t\t<\/div>\n\t\t\t\t<\/div>\n\t\t\t\t<\/div>\n\t\t\t\t\t<\/div>\n\t\t<\/div>\n\t\t\t\t<div class=\"elementor-column elementor-col-25 elementor-top-column elementor-element elementor-element-f8d15ba\" data-id=\"f8d15ba\" data-element_type=\"column\">\n\t\t\t<div class=\"elementor-widget-wrap elementor-element-populated\">\n\t\t\t\t\t\t\t\t<div class=\"elementor-element elementor-element-ba14114 elementor-widget elementor-widget-image\" data-id=\"ba14114\" data-element_type=\"widget\" data-widget_type=\"image.default\">\n\t\t\t\t<div class=\"elementor-widget-container\">\n\t\t\t\t\t<div class=\"elementor-image\">\n\t\t\t\t\t\t\t\t\t\t\t<a href=\"http:\/\/193.95.2.39\/wp-content\/uploads\/2021\/04\/reveue-2.pdf\">\n\t\t\t\t\t\t\t<img loading=\"lazy\" decoding=\"async\" width=\"660\" height=\"498\" src=\"https:\/\/www.ena.tn\/wp-content\/uploads\/2021\/03\/reveue-201302.jpg\" class=\"attachment-large size-large\" alt=\"\" srcset=\"https:\/\/www.ena.tn\/wp-content\/uploads\/2021\/03\/reveue-201302.jpg 1000w, https:\/\/www.ena.tn\/wp-content\/uploads\/2021\/03\/reveue-201302-300x227.jpg 300w, https:\/\/www.ena.tn\/wp-content\/uploads\/2021\/03\/reveue-201302-768x580.jpg 768w\" sizes=\"auto, (max-width: 660px) 100vw, 660px\" \/>\t\t\t\t\t\t\t\t<\/a>\n\t\t\t\t\t\t\t\t\t\t\t<\/div>\n\t\t\t\t<\/div>\n\t\t\t\t<\/div>\n\t\t\t\t\t<\/div>\n\t\t<\/div>\n\t\t\t\t<div class=\"elementor-column elementor-col-25 elementor-top-column elementor-element elementor-element-e824c21\" data-id=\"e824c21\" data-element_type=\"column\">\n\t\t\t<div class=\"elementor-widget-wrap elementor-element-populated\">\n\t\t\t\t\t\t\t\t<div class=\"elementor-element elementor-element-b9e5aa9 elementor-widget elementor-widget-image\" data-id=\"b9e5aa9\" data-element_type=\"widget\" data-widget_type=\"image.default\">\n\t\t\t\t<div class=\"elementor-widget-container\">\n\t\t\t\t\t<div class=\"elementor-image\">\n\t\t\t\t\t\t\t\t\t\t\t<a href=\"http:\/\/193.95.2.39\/wp-content\/uploads\/2021\/04\/reveue-1-1.pdf\">\n\t\t\t\t\t\t\t<img loading=\"lazy\" decoding=\"async\" width=\"660\" height=\"505\" src=\"https:\/\/www.ena.tn\/wp-content\/uploads\/2021\/03\/reveue-2013.jpg\" class=\"attachment-large size-large\" alt=\"\" srcset=\"https:\/\/www.ena.tn\/wp-content\/uploads\/2021\/03\/reveue-2013.jpg 1000w, https:\/\/www.ena.tn\/wp-content\/uploads\/2021\/03\/reveue-2013-300x230.jpg 300w, https:\/\/www.ena.tn\/wp-content\/uploads\/2021\/03\/reveue-2013-768x588.jpg 768w\" sizes=\"auto, (max-width: 660px) 100vw, 660px\" \/>\t\t\t\t\t\t\t\t<\/a>\n\t\t\t\t\t\t\t\t\t\t\t<\/div>\n\t\t\t\t<\/div>\n\t\t\t\t<\/div>\n\t\t\t\t\t<\/div>\n\t\t<\/div>\n\t\t\t\t\t\t\t<\/div>\n\t\t<\/section>\n\t\t\t\t<section class=\"elementor-section elementor-top-section elementor-element elementor-element-e6e9b94 elementor-section-boxed elementor-section-height-default elementor-section-height-default\" data-id=\"e6e9b94\" data-element_type=\"section\">\n\t\t\t\t\t\t<div class=\"elementor-container elementor-column-gap-default\">\n\t\t\t\t\t<div class=\"elementor-column elementor-col-25 elementor-top-column elementor-element elementor-element-5510f95\" data-id=\"5510f95\" data-element_type=\"column\">\n\t\t\t<div class=\"elementor-widget-wrap elementor-element-populated\">\n\t\t\t\t\t\t\t\t<div class=\"elementor-element elementor-element-fc06411 elementor-widget elementor-widget-heading\" data-id=\"fc06411\" data-element_type=\"widget\" data-widget_type=\"heading.default\">\n\t\t\t\t<div class=\"elementor-widget-container\">\n\t\t\t<h4 class=\"elementor-heading-title elementor-size-default\">Quatri\u00e8me num\u00e9ro \u2013 mai 2017<\/h4>\t\t<\/div>\n\t\t\t\t<\/div>\n\t\t\t\t\t<\/div>\n\t\t<\/div>\n\t\t\t\t<div class=\"elementor-column elementor-col-25 elementor-top-column elementor-element elementor-element-f719808\" data-id=\"f719808\" data-element_type=\"column\">\n\t\t\t<div class=\"elementor-widget-wrap elementor-element-populated\">\n\t\t\t\t\t\t\t\t<div class=\"elementor-element elementor-element-c587d92 elementor-widget elementor-widget-heading\" data-id=\"c587d92\" data-element_type=\"widget\" data-widget_type=\"heading.default\">\n\t\t\t\t<div class=\"elementor-widget-container\">\n\t\t\t<h4 class=\"elementor-heading-title elementor-size-default\">Troisi\u00e8me num\u00e9ro \u2013 d\u00e9cembre 2015<\/h4>\t\t<\/div>\n\t\t\t\t<\/div>\n\t\t\t\t\t<\/div>\n\t\t<\/div>\n\t\t\t\t<div class=\"elementor-column elementor-col-25 elementor-top-column elementor-element elementor-element-6e578f9\" data-id=\"6e578f9\" data-element_type=\"column\">\n\t\t\t<div class=\"elementor-widget-wrap elementor-element-populated\">\n\t\t\t\t\t\t\t\t<div class=\"elementor-element elementor-element-37a576f elementor-widget elementor-widget-heading\" data-id=\"37a576f\" data-element_type=\"widget\" data-widget_type=\"heading.default\">\n\t\t\t\t<div class=\"elementor-widget-container\">\n\t\t\t<h4 class=\"elementor-heading-title elementor-size-default\">Deuxi\u00e8me num\u00e9ro \u2013 d\u00e9cembre 2013<\/h4>\t\t<\/div>\n\t\t\t\t<\/div>\n\t\t\t\t\t<\/div>\n\t\t<\/div>\n\t\t\t\t<div class=\"elementor-column elementor-col-25 elementor-top-column elementor-element elementor-element-0884272\" data-id=\"0884272\" data-element_type=\"column\">\n\t\t\t<div class=\"elementor-widget-wrap elementor-element-populated\">\n\t\t\t\t\t\t\t\t<div class=\"elementor-element elementor-element-1cc8e8f elementor-widget elementor-widget-heading\" data-id=\"1cc8e8f\" data-element_type=\"widget\" data-widget_type=\"heading.default\">\n\t\t\t\t<div class=\"elementor-widget-container\">\n\t\t\t<h4 class=\"elementor-heading-title elementor-size-default\">Premier num\u00e9ro \u2013 juin 2013<\/h4>\t\t<\/div>\n\t\t\t\t<\/div>\n\t\t\t\t\t<\/div>\n\t\t<\/div>\n\t\t\t\t\t\t\t<\/div>\n\t\t<\/section>\n\t\t\t\t\t\t<\/div>\n\t\t\t\t\t<\/div>\n\t\t","protected":false},"excerpt":{"rendered":"<p>Revue Tunisienne d&rsquo;Administration Publique La Revue tunisienne d\u2019administration publique est une revue scientifique acad\u00e9mique publi\u00e9e au moins deux fois par an par le Centre d\u2019expertise et de recherches Administratives. Etudes et recherches dans divers domaines tels que les sciences juridiques, politiques, sociales, financi\u00e8res et \u00e9conomiques sont publi\u00e9s. Dans un but de renouveler et d\u2019approfondir la &hellip; <br \/><a href=\"https:\/\/www.ena.tn\/fr\/expertise-recherches-administratives\/revue-tunisienne-dadministration-publique\/\" class=\"more-link\">Continue reading <span class=\"screen-reader-text\">Revue Tunisienne d\u2019Administration Publique<\/span><\/a><\/p>\n","protected":false},"author":1,"featured_media":0,"parent":8942,"menu_order":0,"comment_status":"closed","ping_status":"closed","template":"","meta":{"footnotes":""},"class_list":["post-8883","page","type-page","status-publish","hentry"],"_links":{"self":[{"href":"https:\/\/www.ena.tn\/fr\/wp-json\/wp\/v2\/pages\/8883","targetHints":{"allow":["GET"]}}],"collection":[{"href":"https:\/\/www.ena.tn\/fr\/wp-json\/wp\/v2\/pages"}],"about":[{"href":"https:\/\/www.ena.tn\/fr\/wp-json\/wp\/v2\/types\/page"}],"author":[{"embeddable":true,"href":"https:\/\/www.ena.tn\/fr\/wp-json\/wp\/v2\/users\/1"}],"replies":[{"embeddable":true,"href":"https:\/\/www.ena.tn\/fr\/wp-json\/wp\/v2\/comments?post=8883"}],"version-history":[{"count":35,"href":"https:\/\/www.ena.tn\/fr\/wp-json\/wp\/v2\/pages\/8883\/revisions"}],"predecessor-version":[{"id":9077,"href":"https:\/\/www.ena.tn\/fr\/wp-json\/wp\/v2\/pages\/8883\/revisions\/9077"}],"up":[{"embeddable":true,"href":"https:\/\/www.ena.tn\/fr\/wp-json\/wp\/v2\/pages\/8942"}],"wp:attachment":[{"href":"https:\/\/www.ena.tn\/fr\/wp-json\/wp\/v2\/media?parent=8883"}],"curies":[{"name":"wp","href":"https:\/\/api.w.org\/{rel}","templated":true}]}}